{"id":13116,"date":"2025-02-04T15:48:40","date_gmt":"2025-02-04T23:48:40","guid":{"rendered":"https:\/\/www.csf.bc.ca\/the-conseil-scolaire\/loi-sur-les-divulgations-faites-dans-linteret-public-pida\/"},"modified":"2025-02-04T16:02:32","modified_gmt":"2025-02-05T00:02:32","slug":"public-interest-disclosure-act","status":"publish","type":"page","link":"https:\/\/www.csf.bc.ca\/en\/the-conseil-scolaire\/public-interest-disclosure-act\/","title":{"rendered":"Public Interest Disclosure Act"},"content":{"rendered":"\n<section id=\"header-block_4bd82f96b9ec1d8c3de37335296881a6\" class=\"block block-header --right\">\n    <div class=\"container\">\n        <div class=\"flow\" data-sal=\"slide-right\" data-sal-duration=\"500\">\n            \n\n<h1 class=\"wp-block-heading\">PIDA<\/h1>\n\n\n\n<h2 class=\"wp-block-heading\">Public Interest Disclosure Act<\/h2>\n\n\n        <\/div>\n    <\/div>\n    <div class=\"bg\" data-sal=\"fade\" data-sal-duartion=\"500\" style=\"background-image: url('https:\/\/www.csf.bc.ca\/wp-content\/uploads\/2022\/08\/iStock-519557623-e1582151865815.jpg');\"><\/div>\n<\/section>\n\n\n<div style=\"height:18px\" aria-hidden=\"true\" class=\"wp-block-spacer\"><\/div>\n\n\n\n<p>BC\u2019s Public Interest Disclosure Act (PIDA) provides a safe, legally protected way for current BC public sector employees (including school districts as of December 1, 2023) to report serious or systemic issues of wrongdoing to their supervisor, a designated officer for the district, or to the Ombudsperson.<\/p>\n\n\n\n<div class=\"wp-block-buttons is-content-justification-center is-layout-flex wp-container-core-buttons-is-layout-16018d1d wp-block-buttons-is-layout-flex\">\n<div class=\"wp-block-button\"><a class=\"wp-block-button__link wp-element-button\" href=\"https:\/\/www.csf.bc.ca\/wp-content\/uploads\/2025\/02\/2beaa0c8-3a81-427b-8106-0dda65bf06ce.pdf\">Consult the CSF annual report<\/a><\/div>\n<\/div>\n\n\n\n\n<section class=\"block block-home-news\">\n    <div class=\"container --large\">\n        <h2>News<\/h2>\n\n                <a href=\"\/en\/news\/\" class=\"link-arrow\">See all archives  <i class=\"far fa-arrow-right\"><\/i><\/a>\n\n        <div class=\"cards\">\n\n            \n            <div class=\"card\">\n                <span class=\"card__tag\">Petite enfance<\/span>                <figure class=\"card__featured\">\n                    <img loading=\"lazy\" decoding=\"async\" width=\"500\" height=\"360\" src=\"https:\/\/www.csf.bc.ca\/wp-content\/uploads\/2023\/09\/iStock-1130065303-500x360.jpg\" class=\"attachment-csf-nouvelles size-csf-nouvelles wp-post-image\" alt=\"\" \/>                <\/figure>\n                <div class=\"card__content flow\">\n                    <time class=\"date\">2 April 2026<\/time>\n                    <h3>Les orthophonistes du CSF t\u00e9moignent dans un reportage de Radio-Canada<\/h3>\n                    <p>Transmettre la langue fran\u00e7aise \u00e0 ses enfants, en contexte minoritaire, est un d\u00e9fi de taille [&hellip;]<\/p>\n                <\/div>\n                <div class=\"card__link\">\n                    <a href=\"https:\/\/www.csf.bc.ca\/en\/2026\/04\/02\/les-orthophonistes-du-csf-temoignent-dans-un-reportage-de-radio-canada\/\">Read more <i class=\"far fa-arrow-right\"><\/i><\/a>\n                <\/div>\n            <\/div>\n\n            \n            <div class=\"card\">\n                <span class=\"card__tag\">Communaut\u00e9<\/span>                <figure class=\"card__featured\">\n                    <img loading=\"lazy\" decoding=\"async\" width=\"500\" height=\"360\" src=\"https:\/\/www.csf.bc.ca\/wp-content\/uploads\/2025\/01\/src_oniva_ott_program_v01-500x360.png\" class=\"attachment-csf-nouvelles size-csf-nouvelles wp-post-image\" alt=\"\" \/>                <\/figure>\n                <div class=\"card__content flow\">\n                    <time class=\"date\">31 March 2026<\/time>\n                    <h3>Les \u00e9l\u00e8ves de l&#8217;\u00e9cole des Colibris et des Voyageurs de passage \u00e0 l&#8217;\u00e9mission ONIVA!<\/h3>\n                    <p>Les \u00e9l\u00e8ves de l&#8217;\u00e9cole des Colibris et des Voyageurs ont particip\u00e9 \u00e0 deux \u00e9pisodes de [&hellip;]<\/p>\n                <\/div>\n                <div class=\"card__link\">\n                    <a href=\"https:\/\/www.csf.bc.ca\/en\/2026\/03\/31\/les-eleves-de-lecole-des-colibris-et-des-voyageurs-de-passage-a-lemission-oniva\/\">Read more <i class=\"far fa-arrow-right\"><\/i><\/a>\n                <\/div>\n            <\/div>\n\n            \n            <div class=\"card\">\n                <span class=\"card__tag\">Communaut\u00e9<\/span>                <figure class=\"card__featured\">\n                    <img loading=\"lazy\" decoding=\"async\" width=\"500\" height=\"360\" src=\"https:\/\/www.csf.bc.ca\/wp-content\/uploads\/2026\/03\/iStock-1130065303-2-2-500x360.jpg\" class=\"attachment-csf-nouvelles size-csf-nouvelles wp-post-image\" alt=\"\" \/>                <\/figure>\n                <div class=\"card__content flow\">\n                    <time class=\"date\">30 March 2026<\/time>\n                    <h3>L\u2019\u00e9cole Gabrielle-Roy \u00e0 l\u2019honneur dans la presse locale<\/h3>\n                    <p>Pier-Maude Lachance, direction adjointe de l\u2019\u00e9cole Gabrielle-Roy \u00e0 Surrey, a accueilli un journaliste du&nbsp;Surrey Leader [&hellip;]<\/p>\n                <\/div>\n                <div class=\"card__link\">\n                    <a href=\"https:\/\/www.csf.bc.ca\/en\/2026\/03\/30\/lecole-gabrielle-roy-a-lhonneur-dans-la-presse-locale\/\">Read more <i class=\"far fa-arrow-right\"><\/i><\/a>\n                <\/div>\n            <\/div>\n\n            \n\n        <\/div>\n    <\/div>\n\n    <div class=\"lines\">\n        <span class=\"line line-a\"><\/span>\n        <span class=\"line line-b\"><\/span>\n        <span class=\"line line-c\"><\/span>\n        <span class=\"line line-d\"><\/span>\n        <span class=\"line line-e\"><\/span>\n    <\/div>\n<\/section>\n\n","protected":false},"excerpt":{"rendered":"<p>BC\u2019s Public Interest Disclosure Act (PIDA) provides a safe, legally protected way for current BC [&hellip;]<\/p>\n","protected":false},"author":2,"featured_media":5545,"parent":2690,"menu_order":0,"comment_status":"closed","ping_status":"closed","template":"","meta":{"_acf_changed":false,"footnotes":""},"class_list":["post-13116","page","type-page","status-publish","has-post-thumbnail","hentry"],"acf":[],"yoast_head":"<!-- This site is optimized with the Yoast SEO plugin v26.5 - https:\/\/yoast.com\/wordpress\/plugins\/seo\/ -->\n<title>Public Interest Disclosure Act | Conseil scolaire francophone de la Colombie-Britannique<\/title>\n<meta name=\"robots\" content=\"index, follow, max-snippet:-1, max-image-preview:large, max-video-preview:-1\" \/>\n<link rel=\"canonical\" href=\"https:\/\/www.csf.bc.ca\/en\/the-conseil-scolaire\/public-interest-disclosure-act\/\" \/>\n<meta property=\"og:locale\" content=\"en_US\" \/>\n<meta property=\"og:type\" content=\"article\" \/>\n<meta property=\"og:title\" content=\"Public Interest Disclosure Act | Conseil scolaire francophone de la Colombie-Britannique\" \/>\n<meta property=\"og:description\" content=\"BC\u2019s Public Interest Disclosure Act (PIDA) provides a safe, legally protected way for current BC [&hellip;]\" \/>\n<meta property=\"og:url\" content=\"https:\/\/www.csf.bc.ca\/en\/the-conseil-scolaire\/public-interest-disclosure-act\/\" \/>\n<meta property=\"og:site_name\" content=\"Conseil scolaire francophone de la Colombie-Britannique\" \/>\n<meta property=\"article:modified_time\" content=\"2025-02-05T00:02:32+00:00\" \/>\n<meta property=\"og:image\" content=\"https:\/\/www.csf.bc.ca\/wp-content\/uploads\/2022\/08\/iStock-519557623-e1582151865815.jpg\" \/>\n\t<meta property=\"og:image:width\" content=\"745\" \/>\n\t<meta property=\"og:image:height\" content=\"497\" \/>\n\t<meta property=\"og:image:type\" content=\"image\/jpeg\" \/>\n<meta name=\"twitter:card\" content=\"summary_large_image\" \/>\n<meta name=\"twitter:label1\" content=\"Est. reading time\" \/>\n\t<meta name=\"twitter:data1\" content=\"1 minute\" \/>\n<script type=\"application\/ld+json\" class=\"yoast-schema-graph\">{\"@context\":\"https:\/\/schema.org\",\"@graph\":[{\"@type\":\"WebPage\",\"@id\":\"https:\/\/www.csf.bc.ca\/en\/the-conseil-scolaire\/public-interest-disclosure-act\/\",\"url\":\"https:\/\/www.csf.bc.ca\/en\/the-conseil-scolaire\/public-interest-disclosure-act\/\",\"name\":\"Public Interest Disclosure Act | Conseil scolaire francophone de la Colombie-Britannique\",\"isPartOf\":{\"@id\":\"https:\/\/www.csf.bc.ca\/en\/#website\"},\"primaryImageOfPage\":{\"@id\":\"https:\/\/www.csf.bc.ca\/en\/the-conseil-scolaire\/public-interest-disclosure-act\/#primaryimage\"},\"image\":{\"@id\":\"https:\/\/www.csf.bc.ca\/en\/the-conseil-scolaire\/public-interest-disclosure-act\/#primaryimage\"},\"thumbnailUrl\":\"https:\/\/www.csf.bc.ca\/wp-content\/uploads\/2022\/08\/iStock-519557623-e1582151865815.jpg\",\"datePublished\":\"2025-02-04T23:48:40+00:00\",\"dateModified\":\"2025-02-05T00:02:32+00:00\",\"breadcrumb\":{\"@id\":\"https:\/\/www.csf.bc.ca\/en\/the-conseil-scolaire\/public-interest-disclosure-act\/#breadcrumb\"},\"inLanguage\":\"en-US\",\"potentialAction\":[{\"@type\":\"ReadAction\",\"target\":[\"https:\/\/www.csf.bc.ca\/en\/the-conseil-scolaire\/public-interest-disclosure-act\/\"]}]},{\"@type\":\"ImageObject\",\"inLanguage\":\"en-US\",\"@id\":\"https:\/\/www.csf.bc.ca\/en\/the-conseil-scolaire\/public-interest-disclosure-act\/#primaryimage\",\"url\":\"https:\/\/www.csf.bc.ca\/wp-content\/uploads\/2022\/08\/iStock-519557623-e1582151865815.jpg\",\"contentUrl\":\"https:\/\/www.csf.bc.ca\/wp-content\/uploads\/2022\/08\/iStock-519557623-e1582151865815.jpg\",\"width\":745,\"height\":497},{\"@type\":\"BreadcrumbList\",\"@id\":\"https:\/\/www.csf.bc.ca\/en\/the-conseil-scolaire\/public-interest-disclosure-act\/#breadcrumb\",\"itemListElement\":[{\"@type\":\"ListItem\",\"position\":1,\"name\":\"Home\",\"item\":\"https:\/\/www.csf.bc.ca\/en\/\"},{\"@type\":\"ListItem\",\"position\":2,\"name\":\"The Conseil scolaire\",\"item\":\"https:\/\/www.csf.bc.ca\/en\/the-conseil-scolaire\/\"},{\"@type\":\"ListItem\",\"position\":3,\"name\":\"Public Interest Disclosure Act\"}]},{\"@type\":\"WebSite\",\"@id\":\"https:\/\/www.csf.bc.ca\/en\/#website\",\"url\":\"https:\/\/www.csf.bc.ca\/en\/\",\"name\":\"Conseil scolaire francophone de la Colombie-Britannique\",\"description\":\"CSF\",\"publisher\":{\"@id\":\"https:\/\/www.csf.bc.ca\/en\/#organization\"},\"potentialAction\":[{\"@type\":\"SearchAction\",\"target\":{\"@type\":\"EntryPoint\",\"urlTemplate\":\"https:\/\/www.csf.bc.ca\/en\/?s={search_term_string}\"},\"query-input\":{\"@type\":\"PropertyValueSpecification\",\"valueRequired\":true,\"valueName\":\"search_term_string\"}}],\"inLanguage\":\"en-US\"},{\"@type\":\"Organization\",\"@id\":\"https:\/\/www.csf.bc.ca\/en\/#organization\",\"name\":\"Conseil scolaire francophone de la Colombie-Britannique\",\"url\":\"https:\/\/www.csf.bc.ca\/en\/\",\"logo\":{\"@type\":\"ImageObject\",\"inLanguage\":\"en-US\",\"@id\":\"https:\/\/www.csf.bc.ca\/en\/#\/schema\/logo\/image\/\",\"url\":\"https:\/\/www.csf.bc.ca\/wp-content\/uploads\/2022\/05\/csf-logoHoriz-desc-court-coul.svg\",\"contentUrl\":\"https:\/\/www.csf.bc.ca\/wp-content\/uploads\/2022\/05\/csf-logoHoriz-desc-court-coul.svg\",\"width\":842,\"height\":205,\"caption\":\"Conseil scolaire francophone de la Colombie-Britannique\"},\"image\":{\"@id\":\"https:\/\/www.csf.bc.ca\/en\/#\/schema\/logo\/image\/\"}}]}<\/script>\n<!-- \/ Yoast SEO plugin. -->","yoast_head_json":{"title":"Public Interest Disclosure Act | Conseil scolaire francophone de la Colombie-Britannique","robots":{"index":"index","follow":"follow","max-snippet":"max-snippet:-1","max-image-preview":"max-image-preview:large","max-video-preview":"max-video-preview:-1"},"canonical":"https:\/\/www.csf.bc.ca\/en\/the-conseil-scolaire\/public-interest-disclosure-act\/","og_locale":"en_US","og_type":"article","og_title":"Public Interest Disclosure Act | Conseil scolaire francophone de la Colombie-Britannique","og_description":"BC\u2019s Public Interest Disclosure Act (PIDA) provides a safe, legally protected way for current BC [&hellip;]","og_url":"https:\/\/www.csf.bc.ca\/en\/the-conseil-scolaire\/public-interest-disclosure-act\/","og_site_name":"Conseil scolaire francophone de la Colombie-Britannique","article_modified_time":"2025-02-05T00:02:32+00:00","og_image":[{"width":745,"height":497,"url":"https:\/\/www.csf.bc.ca\/wp-content\/uploads\/2022\/08\/iStock-519557623-e1582151865815.jpg","type":"image\/jpeg"}],"twitter_card":"summary_large_image","twitter_misc":{"Est. reading time":"1 minute"},"schema":{"@context":"https:\/\/schema.org","@graph":[{"@type":"WebPage","@id":"https:\/\/www.csf.bc.ca\/en\/the-conseil-scolaire\/public-interest-disclosure-act\/","url":"https:\/\/www.csf.bc.ca\/en\/the-conseil-scolaire\/public-interest-disclosure-act\/","name":"Public Interest Disclosure Act | Conseil scolaire francophone de la Colombie-Britannique","isPartOf":{"@id":"https:\/\/www.csf.bc.ca\/en\/#website"},"primaryImageOfPage":{"@id":"https:\/\/www.csf.bc.ca\/en\/the-conseil-scolaire\/public-interest-disclosure-act\/#primaryimage"},"image":{"@id":"https:\/\/www.csf.bc.ca\/en\/the-conseil-scolaire\/public-interest-disclosure-act\/#primaryimage"},"thumbnailUrl":"https:\/\/www.csf.bc.ca\/wp-content\/uploads\/2022\/08\/iStock-519557623-e1582151865815.jpg","datePublished":"2025-02-04T23:48:40+00:00","dateModified":"2025-02-05T00:02:32+00:00","breadcrumb":{"@id":"https:\/\/www.csf.bc.ca\/en\/the-conseil-scolaire\/public-interest-disclosure-act\/#breadcrumb"},"inLanguage":"en-US","potentialAction":[{"@type":"ReadAction","target":["https:\/\/www.csf.bc.ca\/en\/the-conseil-scolaire\/public-interest-disclosure-act\/"]}]},{"@type":"ImageObject","inLanguage":"en-US","@id":"https:\/\/www.csf.bc.ca\/en\/the-conseil-scolaire\/public-interest-disclosure-act\/#primaryimage","url":"https:\/\/www.csf.bc.ca\/wp-content\/uploads\/2022\/08\/iStock-519557623-e1582151865815.jpg","contentUrl":"https:\/\/www.csf.bc.ca\/wp-content\/uploads\/2022\/08\/iStock-519557623-e1582151865815.jpg","width":745,"height":497},{"@type":"BreadcrumbList","@id":"https:\/\/www.csf.bc.ca\/en\/the-conseil-scolaire\/public-interest-disclosure-act\/#breadcrumb","itemListElement":[{"@type":"ListItem","position":1,"name":"Home","item":"https:\/\/www.csf.bc.ca\/en\/"},{"@type":"ListItem","position":2,"name":"The Conseil scolaire","item":"https:\/\/www.csf.bc.ca\/en\/the-conseil-scolaire\/"},{"@type":"ListItem","position":3,"name":"Public Interest Disclosure Act"}]},{"@type":"WebSite","@id":"https:\/\/www.csf.bc.ca\/en\/#website","url":"https:\/\/www.csf.bc.ca\/en\/","name":"Conseil scolaire francophone de la Colombie-Britannique","description":"CSF","publisher":{"@id":"https:\/\/www.csf.bc.ca\/en\/#organization"},"potentialAction":[{"@type":"SearchAction","target":{"@type":"EntryPoint","urlTemplate":"https:\/\/www.csf.bc.ca\/en\/?s={search_term_string}"},"query-input":{"@type":"PropertyValueSpecification","valueRequired":true,"valueName":"search_term_string"}}],"inLanguage":"en-US"},{"@type":"Organization","@id":"https:\/\/www.csf.bc.ca\/en\/#organization","name":"Conseil scolaire francophone de la Colombie-Britannique","url":"https:\/\/www.csf.bc.ca\/en\/","logo":{"@type":"ImageObject","inLanguage":"en-US","@id":"https:\/\/www.csf.bc.ca\/en\/#\/schema\/logo\/image\/","url":"https:\/\/www.csf.bc.ca\/wp-content\/uploads\/2022\/05\/csf-logoHoriz-desc-court-coul.svg","contentUrl":"https:\/\/www.csf.bc.ca\/wp-content\/uploads\/2022\/05\/csf-logoHoriz-desc-court-coul.svg","width":842,"height":205,"caption":"Conseil scolaire francophone de la Colombie-Britannique"},"image":{"@id":"https:\/\/www.csf.bc.ca\/en\/#\/schema\/logo\/image\/"}}]}},"_links":{"self":[{"href":"https:\/\/www.csf.bc.ca\/en\/wp-json\/wp\/v2\/pages\/13116","targetHints":{"allow":["GET"]}}],"collection":[{"href":"https:\/\/www.csf.bc.ca\/en\/wp-json\/wp\/v2\/pages"}],"about":[{"href":"https:\/\/www.csf.bc.ca\/en\/wp-json\/wp\/v2\/types\/page"}],"author":[{"embeddable":true,"href":"https:\/\/www.csf.bc.ca\/en\/wp-json\/wp\/v2\/users\/2"}],"replies":[{"embeddable":true,"href":"https:\/\/www.csf.bc.ca\/en\/wp-json\/wp\/v2\/comments?post=13116"}],"version-history":[{"count":2,"href":"https:\/\/www.csf.bc.ca\/en\/wp-json\/wp\/v2\/pages\/13116\/revisions"}],"predecessor-version":[{"id":13120,"href":"https:\/\/www.csf.bc.ca\/en\/wp-json\/wp\/v2\/pages\/13116\/revisions\/13120"}],"up":[{"embeddable":true,"href":"https:\/\/www.csf.bc.ca\/en\/wp-json\/wp\/v2\/pages\/2690"}],"wp:featuredmedia":[{"embeddable":true,"href":"https:\/\/www.csf.bc.ca\/en\/wp-json\/wp\/v2\/media\/5545"}],"wp:attachment":[{"href":"https:\/\/www.csf.bc.ca\/en\/wp-json\/wp\/v2\/media?parent=13116"}],"curies":[{"name":"wp","href":"https:\/\/api.w.org\/{rel}","templated":true}]}}