{"id":1499,"date":"2022-05-19T03:42:48","date_gmt":"2022-05-19T10:42:48","guid":{"rendered":"https:\/\/www.csf.bc.ca\/accueil\/"},"modified":"2026-01-05T15:16:52","modified_gmt":"2026-01-05T23:16:52","slug":"accueil","status":"publish","type":"page","link":"https:\/\/www.csf.bc.ca\/en\/","title":{"rendered":"Home"},"content":{"rendered":"\n\n<section id=\"hero-block_8c9cd73517b373462ac4416058131449\" class=\"block block-hero\" >\n    <div class=\"slider\">\n        \n    \t\t\t\t\t\t\n            <div class=\"slide --gauche\" style=\"background-image: url(https:\/\/www.csf.bc.ca\/wp-content\/uploads\/2022\/10\/csf_website_automne_oct-1.jpg);\">\n                <div class=\"container\">\n                    <div class=\"flow\" data-sal=\"slide-right\" data-sal-duration=\"500\">\n                        <h1>Open consultation<\/h1>\n                        <h2>P-512<\/h2>\n                                                                                                    <a data-sal=\"slide-up\" data-sal-duration=\"500\" data-sal-delay=\"300\" class=\"bttn\" href=\"https:\/\/www.csf.bc.ca\/2026\/01\/05\/participez-a-la-consultation-politique-p-512-gestion-des-urgences-medicales-inattendues\/\" target=\"\">Take part in the consultation here!<\/a>\n                                            <\/div>\n                <\/div>\n            <\/div>\n\t\t\t\t\t\t\t\t\n            <div class=\"slide --gauche\" style=\"background-image: url(https:\/\/www.csf.bc.ca\/wp-content\/uploads\/2024\/01\/csf_ad_web_inscription_accueil-e1705525166674.jpg);\">\n                <div class=\"container\">\n                    <div class=\"flow\" data-sal=\"slide-right\" data-sal-duration=\"500\">\n                        <h1>Ongoing kindergarten registration<\/h1>\n                        <h2>Register now!<\/h2>\n                                                                                                    <a data-sal=\"slide-up\" data-sal-duration=\"500\" data-sal-delay=\"300\" class=\"bttn\" href=\"https:\/\/www.csf.bc.ca\/en\/2024\/01\/17\/inscrivez-votre-enfant-des-maintenant-pour-lannee-scolaire-2024-2025\/\" target=\"\">Click here to enrol your child<\/a>\n                                            <\/div>\n                <\/div>\n            <\/div>\n\t\t        \n    <\/div>\n    <ul id=\"menu-socials-anglais\" class=\"list-reset socials\"><li id=\"menu-item-2901\" class=\"menu-item menu-item-type-custom menu-item-object-custom menu-item-2901\"><a target=\"_blank\" href=\"https:\/\/www.facebook.com\/CSF.Colombie.Britannique\/\"><span class=\"screen-reader-text\">Facebook<\/span><svg class=\"icon icon-facebook\" aria-hidden=\"true\" role=\"img\"> <use href=\"#icon-facebook\" xlink:href=\"#icon-facebook\"><\/use> <\/svg><\/a><\/li>\n<li id=\"menu-item-2902\" class=\"menu-item menu-item-type-custom menu-item-object-custom menu-item-2902\"><a target=\"_blank\" href=\"https:\/\/www.linkedin.com\/company\/conseil-scolaire-francophone-de-la-colombie-britannique\/?originalSubdomain=es\"><span class=\"screen-reader-text\">Linkedin<\/span><svg class=\"icon icon-linkedin\" aria-hidden=\"true\" role=\"img\"> <use href=\"#icon-linkedin\" xlink:href=\"#icon-linkedin\"><\/use> <\/svg><\/a><\/li>\n<li id=\"menu-item-2903\" class=\"menu-item menu-item-type-custom menu-item-object-custom menu-item-2903\"><a target=\"_blank\" href=\"https:\/\/www.instagram.com\/csf_cb\/\"><span class=\"screen-reader-text\">Instagram<\/span><svg class=\"icon icon-instagram\" aria-hidden=\"true\" role=\"img\"> <use href=\"#icon-instagram\" xlink:href=\"#icon-instagram\"><\/use> <\/svg><\/a><\/li>\n<li id=\"menu-item-2904\" class=\"menu-item menu-item-type-custom menu-item-object-custom menu-item-2904\"><a target=\"_blank\" href=\"https:\/\/www.youtube.com\/channel\/UC2KtviYg6EQhmrdaZVoVhdA\/featured\"><span class=\"screen-reader-text\">Youtube<\/span><svg class=\"icon icon-youtube\" aria-hidden=\"true\" role=\"img\"> <use href=\"#icon-youtube\" xlink:href=\"#icon-youtube\"><\/use> <\/svg><\/a><\/li>\n<li id=\"menu-item-14565\" class=\"menu-item menu-item-type-custom menu-item-object-custom menu-item-14565\"><a href=\"https:\/\/open.spotify.com\/show\/2OOjJ0uKN4kIZPos0wPuJl\"><span class=\"screen-reader-text\">Spotify<i class=\"fa fa-spotify\"><\/i><\/span><svg class=\"icon icon-spotify\" aria-hidden=\"true\" role=\"img\"> <use href=\"#icon-spotify\" xlink:href=\"#icon-spotify\"><\/use> <\/svg><\/a><\/li>\n<\/ul>    <p class=\"block-hero__message\" data-sal=\"slide-up\" data-sal-duration=\"500\" >In a spirit of reconciliation, we acknowledge that our organization and our schools are located on the traditional territories of British Columbia&#8217;s First Peoples.<\/p>\n\n    <div class=\"lines\">\n        <span data-sal=\"slide-down\" data-sal-duration=\"700\" class=\"line line-yellow --vertical\"><\/span>\n        <span data-sal=\"slide-up\" data-sal-duration=\"700\" class=\"line line-orange --vertical\"><\/span>\n        <span data-sal-delay=\"400\" data-sal=\"slide-left\" data-sal-duration=\"700\" class=\"line line-teal --horizontal\"><\/span>\n    <\/div>\n<\/section>\n\n\n<section id=\"history-block_f3ca63dedb231e0bb0314c71845c64fc\" class=\"block-header-nav block\" class=\"\">\n    <div class=\"container --large\">\n        <ul class=\"nav list-reset\">\n\n                                        \n                                \n                <li data-sal=\"slide-up\" data-sal-duration=\"500\" data-sal-delay=\"0\">\n                    <a href=\"https:\/\/www.csf.bc.ca\/en\/inscription\/\" target=\"\">\n                                                    <img decoding=\"async\" src=\"https:\/\/www.csf.bc.ca\/wp-content\/uploads\/2022\/05\/ico-01.svg\" alt=\"\" \/>\n                        \n                        <span>Registration<\/span>\n                    <\/a>\n                <\/li>\n\n                            \n                                \n                <li data-sal=\"slide-up\" data-sal-duration=\"500\" data-sal-delay=\"250\">\n                    <a href=\"https:\/\/www.csf.bc.ca\/en\/education\/\" target=\"\">\n                                                    <img decoding=\"async\" src=\"https:\/\/www.csf.bc.ca\/wp-content\/uploads\/2022\/05\/icon-02.svg\" alt=\"\" \/>\n                        \n                        <span>Learning<\/span>\n                    <\/a>\n                <\/li>\n\n                            \n                                \n                <li data-sal=\"slide-up\" data-sal-duration=\"500\" data-sal-delay=\"400\">\n                    <a href=\"https:\/\/carriere.csf.bc.ca\/\" target=\"\">\n                                                    <img decoding=\"async\" src=\"https:\/\/www.csf.bc.ca\/wp-content\/uploads\/2022\/05\/icon-03.svg\" alt=\"\" \/>\n                        \n                        <span>Careers<\/span>\n                    <\/a>\n                <\/li>\n\n                    <\/ul>\n    <\/div>\n<\/section>\n\n\n\n<section class=\"block block-home-news\">\n    <div class=\"container --large\">\n        <h2>News<\/h2>\n\n                <a href=\"\/en\/news\/\" class=\"link-arrow\">See all archives  <i class=\"far fa-arrow-right\"><\/i><\/a>\n\n        <div class=\"cards\">\n\n            \n            <div class=\"card\">\n                <span class=\"card__tag\">Conseil d&#8217;administration<\/span>                <figure class=\"card__featured\">\n                    <img loading=\"lazy\" decoding=\"async\" width=\"500\" height=\"360\" src=\"https:\/\/www.csf.bc.ca\/wp-content\/uploads\/2025\/10\/rencontre_ca2-2-500x360.jpg\" class=\"attachment-csf-nouvelles size-csf-nouvelles wp-post-image\" alt=\"\" \/>                <\/figure>\n                <div class=\"card__content flow\">\n                    <time class=\"date\">13 April 2026<\/time>\n                    <h3>Rencontre publique du CA \u2013 18 avril 2026 \u00e0 8h30.<\/h3>\n                    <p>RENCONTRE PUBLIQUE DU CONSEIL D\u2019ADMINISTRATION La prochaine rencontre publique du conseil d\u2019administration se tiendra le [&hellip;]<\/p>\n                <\/div>\n                <div class=\"card__link\">\n                    <a href=\"https:\/\/www.csf.bc.ca\/en\/2026\/04\/13\/rencontre-publique-du-ca-18-avril-2026-a-8h30\/\">Read more <i class=\"far fa-arrow-right\"><\/i><\/a>\n                <\/div>\n            <\/div>\n\n            \n            <div class=\"card\">\n                <span class=\"card__tag\">Petite enfance<\/span>                <figure class=\"card__featured\">\n                    <img loading=\"lazy\" decoding=\"async\" width=\"500\" height=\"360\" src=\"https:\/\/www.csf.bc.ca\/wp-content\/uploads\/2023\/09\/iStock-1130065303-500x360.jpg\" class=\"attachment-csf-nouvelles size-csf-nouvelles wp-post-image\" alt=\"\" \/>                <\/figure>\n                <div class=\"card__content flow\">\n                    <time class=\"date\">2 April 2026<\/time>\n                    <h3>Les orthophonistes du CSF t\u00e9moignent dans un reportage de Radio-Canada<\/h3>\n                    <p>Transmettre la langue fran\u00e7aise \u00e0 ses enfants, en contexte minoritaire, est un d\u00e9fi de taille [&hellip;]<\/p>\n                <\/div>\n                <div class=\"card__link\">\n                    <a href=\"https:\/\/www.csf.bc.ca\/en\/2026\/04\/02\/les-orthophonistes-du-csf-temoignent-dans-un-reportage-de-radio-canada\/\">Read more <i class=\"far fa-arrow-right\"><\/i><\/a>\n                <\/div>\n            <\/div>\n\n            \n            <div class=\"card\">\n                <span class=\"card__tag\">Communaut\u00e9<\/span>                <figure class=\"card__featured\">\n                    <img loading=\"lazy\" decoding=\"async\" width=\"500\" height=\"360\" src=\"https:\/\/www.csf.bc.ca\/wp-content\/uploads\/2025\/01\/src_oniva_ott_program_v01-500x360.png\" class=\"attachment-csf-nouvelles size-csf-nouvelles wp-post-image\" alt=\"\" \/>                <\/figure>\n                <div class=\"card__content flow\">\n                    <time class=\"date\">31 March 2026<\/time>\n                    <h3>Les \u00e9l\u00e8ves de l&#8217;\u00e9cole des Colibris et des Voyageurs de passage \u00e0 l&#8217;\u00e9mission ONIVA!<\/h3>\n                    <p>Les \u00e9l\u00e8ves de l&#8217;\u00e9cole des Colibris et des Voyageurs ont particip\u00e9 \u00e0 deux \u00e9pisodes de [&hellip;]<\/p>\n                <\/div>\n                <div class=\"card__link\">\n                    <a href=\"https:\/\/www.csf.bc.ca\/en\/2026\/03\/31\/les-eleves-de-lecole-des-colibris-et-des-voyageurs-de-passage-a-lemission-oniva\/\">Read more <i class=\"far fa-arrow-right\"><\/i><\/a>\n                <\/div>\n            <\/div>\n\n            \n\n        <\/div>\n    <\/div>\n\n    <div class=\"lines\">\n        <span class=\"line line-a\"><\/span>\n        <span class=\"line line-b\"><\/span>\n        <span class=\"line line-c\"><\/span>\n        <span class=\"line line-d\"><\/span>\n        <span class=\"line line-e\"><\/span>\n    <\/div>\n<\/section>\n\n\n\n\t\n\n\t\n<section id=\"home-grid-block_fff3d6032bc11c5870e2f5707e77c530\" class=\"block block-home-grid\">\n    <div class=\"container --large\">\n        <h2>Learning at the CSF<\/h2>\n        <div class=\"grid\">\n            \n                                            \n                <a data-sal=\"slide-up\" data-sal-duration=\"500\" data-sal-delay=\"0\" class=\"grid__el\" href=\"https:\/\/www.csf.bc.ca\/en\/education\/education-autochtone\/\" target=\"\">\n                    <h3>Indigenous Education<\/h3>\n                    <img decoding=\"async\" src=\"https:\/\/www.csf.bc.ca\/wp-content\/uploads\/2022\/05\/home-grid-02.jpg\" alt=\"\" \/>\n                <\/a>\n                                            \n                <a data-sal=\"slide-up\" data-sal-duration=\"500\" data-sal-delay=\"250\" class=\"grid__el\" href=\"https:\/\/www.csf.bc.ca\/en\/education\/special-services\/\" target=\"\">\n                    <h3>Inclusive education<\/h3>\n                    <img decoding=\"async\" src=\"https:\/\/www.csf.bc.ca\/wp-content\/uploads\/2022\/05\/home-grid-03.jpg\" alt=\"\" \/>\n                <\/a>\n                        \n        <\/div>\n    <\/div>\n    \t\t<div class=\"bot\"><a href=\"https:\/\/www.csf.bc.ca\/en\/our-schools\/\" target=\"\">See the detailed list of our schools <i class=\"far fa-arrow-right\"><\/i><\/a><\/div>\n\t<\/section>\n\n\n<section id=\"cta-block_8e19d176253f1dd6c3c816c6aade9f2b\" class=\"block block-cta\" style=\"background-image: url( 'https:\/\/www.csf.bc.ca\/wp-content\/uploads\/2022\/05\/home-cta.jpg' );\">\n    <div class=\"container\">\n        <div class=\"flow\" data-sal=\"slide-left\" data-sal-duration=\"500\">\n            \n\n<h2 class=\"wp-block-heading\">Want to join our team?<\/h2>\n\n\n\n<h3 class=\"wp-block-heading\">Many positions to be filled<\/h3>\n\n\n\n<p>The CSF is a public school board known nationally for its dynamism and innovative spirit. With over 1200 employees, it is one of the largest francophone employers in Western Canada.<\/p>\n\n\n\n<div class=\"wp-block-button\"><a class=\"wp-block-button__link wp-element-button\" href=\"https:\/\/carriere.csf.bc.ca\/\" target=\"_blank\" rel=\"noreferrer noopener\">Learn more<\/a><\/div>\n\n\n        <\/div>\n    <\/div>\n    <div class=\"lines\">\n        <span class=\"line line-a\" data-sal-delay=\"100\" data-sal=\"slide-down\" data-sal-duration=\"900\"><\/span>\n        <span class=\"line line-b\" data-sal-delay=\"300\" data-sal=\"slide-up\" data-sal-duration=\"900\"><\/span>\n        <span class=\"line line-c\" data-sal-delay=\"500\" data-sal=\"slide-right\" data-sal-duration=\"900\"><\/span>\n    <\/div>\n<\/section>","protected":false},"excerpt":{"rendered":"","protected":false},"author":1,"featured_media":4369,"parent":0,"menu_order":0,"comment_status":"closed","ping_status":"closed","template":"","meta":{"_acf_changed":false,"footnotes":""},"class_list":["post-1499","page","type-page","status-publish","has-post-thumbnail","hentry"],"acf":[],"yoast_head":"<!-- This site is optimized with the Yoast SEO plugin v26.5 - https:\/\/yoast.com\/wordpress\/plugins\/seo\/ -->\n<title>Conseil scolaire francophone de la Colombie-Britannique | CSF<\/title>\n<meta name=\"robots\" content=\"index, follow, max-snippet:-1, max-image-preview:large, max-video-preview:-1\" \/>\n<link rel=\"canonical\" href=\"https:\/\/www.csf.bc.ca\/en\/\" \/>\n<meta property=\"og:locale\" content=\"en_US\" \/>\n<meta property=\"og:type\" content=\"article\" \/>\n<meta property=\"og:title\" content=\"Conseil scolaire francophone de la Colombie-Britannique | CSF\" \/>\n<meta property=\"og:url\" content=\"https:\/\/www.csf.bc.ca\/en\/\" \/>\n<meta property=\"og:site_name\" content=\"Conseil scolaire francophone de la Colombie-Britannique\" \/>\n<meta property=\"article:modified_time\" content=\"2026-01-05T23:16:52+00:00\" \/>\n<meta property=\"og:image\" content=\"https:\/\/www.csf.bc.ca\/wp-content\/uploads\/2022\/08\/iStock-1350485805-scaled-e1662997672241.jpg\" \/>\n\t<meta property=\"og:image:width\" content=\"2560\" \/>\n\t<meta property=\"og:image:height\" content=\"1703\" \/>\n\t<meta property=\"og:image:type\" content=\"image\/jpeg\" \/>\n<meta name=\"twitter:card\" content=\"summary_large_image\" \/>\n<meta name=\"twitter:label1\" content=\"Est. reading time\" \/>\n\t<meta name=\"twitter:data1\" content=\"1 minute\" \/>\n<script type=\"application\/ld+json\" class=\"yoast-schema-graph\">{\"@context\":\"https:\/\/schema.org\",\"@graph\":[{\"@type\":\"WebPage\",\"@id\":\"https:\/\/www.csf.bc.ca\/en\/\",\"url\":\"https:\/\/www.csf.bc.ca\/en\/\",\"name\":\"Conseil scolaire francophone de la Colombie-Britannique | CSF\",\"isPartOf\":{\"@id\":\"https:\/\/www.csf.bc.ca\/en\/#website\"},\"primaryImageOfPage\":{\"@id\":\"https:\/\/www.csf.bc.ca\/en\/#primaryimage\"},\"image\":{\"@id\":\"https:\/\/www.csf.bc.ca\/en\/#primaryimage\"},\"thumbnailUrl\":\"https:\/\/www.csf.bc.ca\/wp-content\/uploads\/2022\/08\/iStock-1350485805-scaled-e1662997672241.jpg\",\"datePublished\":\"2022-05-19T10:42:48+00:00\",\"dateModified\":\"2026-01-05T23:16:52+00:00\",\"breadcrumb\":{\"@id\":\"https:\/\/www.csf.bc.ca\/en\/#breadcrumb\"},\"inLanguage\":\"en-US\",\"potentialAction\":[{\"@type\":\"ReadAction\",\"target\":[\"https:\/\/www.csf.bc.ca\/en\/\"]}]},{\"@type\":\"ImageObject\",\"inLanguage\":\"en-US\",\"@id\":\"https:\/\/www.csf.bc.ca\/en\/#primaryimage\",\"url\":\"https:\/\/www.csf.bc.ca\/wp-content\/uploads\/2022\/08\/iStock-1350485805-scaled-e1662997672241.jpg\",\"contentUrl\":\"https:\/\/www.csf.bc.ca\/wp-content\/uploads\/2022\/08\/iStock-1350485805-scaled-e1662997672241.jpg\",\"width\":2560,\"height\":1703,\"caption\":\"Black child boy 3 years, Students kid jumping to happy enjoy come back to school with red school bag, Isolated portrait on yellow background with copy space, International student happiness\"},{\"@type\":\"BreadcrumbList\",\"@id\":\"https:\/\/www.csf.bc.ca\/en\/#breadcrumb\",\"itemListElement\":[{\"@type\":\"ListItem\",\"position\":1,\"name\":\"Home\",\"item\":\"https:\/\/www.csf.bc.ca\/en\/\"},{\"@type\":\"ListItem\",\"position\":2,\"name\":\"Home\"}]},{\"@type\":\"WebSite\",\"@id\":\"https:\/\/www.csf.bc.ca\/en\/#website\",\"url\":\"https:\/\/www.csf.bc.ca\/en\/\",\"name\":\"Conseil scolaire francophone de la Colombie-Britannique\",\"description\":\"CSF\",\"publisher\":{\"@id\":\"https:\/\/www.csf.bc.ca\/en\/#organization\"},\"potentialAction\":[{\"@type\":\"SearchAction\",\"target\":{\"@type\":\"EntryPoint\",\"urlTemplate\":\"https:\/\/www.csf.bc.ca\/en\/?s={search_term_string}\"},\"query-input\":{\"@type\":\"PropertyValueSpecification\",\"valueRequired\":true,\"valueName\":\"search_term_string\"}}],\"inLanguage\":\"en-US\"},{\"@type\":\"Organization\",\"@id\":\"https:\/\/www.csf.bc.ca\/en\/#organization\",\"name\":\"Conseil scolaire francophone de la Colombie-Britannique\",\"url\":\"https:\/\/www.csf.bc.ca\/en\/\",\"logo\":{\"@type\":\"ImageObject\",\"inLanguage\":\"en-US\",\"@id\":\"https:\/\/www.csf.bc.ca\/en\/#\/schema\/logo\/image\/\",\"url\":\"https:\/\/www.csf.bc.ca\/wp-content\/uploads\/2022\/05\/csf-logoHoriz-desc-court-coul.svg\",\"contentUrl\":\"https:\/\/www.csf.bc.ca\/wp-content\/uploads\/2022\/05\/csf-logoHoriz-desc-court-coul.svg\",\"width\":842,\"height\":205,\"caption\":\"Conseil scolaire francophone de la Colombie-Britannique\"},\"image\":{\"@id\":\"https:\/\/www.csf.bc.ca\/en\/#\/schema\/logo\/image\/\"}}]}<\/script>\n<!-- \/ Yoast SEO plugin. -->","yoast_head_json":{"title":"Conseil scolaire francophone de la Colombie-Britannique | CSF","robots":{"index":"index","follow":"follow","max-snippet":"max-snippet:-1","max-image-preview":"max-image-preview:large","max-video-preview":"max-video-preview:-1"},"canonical":"https:\/\/www.csf.bc.ca\/en\/","og_locale":"en_US","og_type":"article","og_title":"Conseil scolaire francophone de la Colombie-Britannique | CSF","og_url":"https:\/\/www.csf.bc.ca\/en\/","og_site_name":"Conseil scolaire francophone de la Colombie-Britannique","article_modified_time":"2026-01-05T23:16:52+00:00","og_image":[{"width":2560,"height":1703,"url":"https:\/\/www.csf.bc.ca\/wp-content\/uploads\/2022\/08\/iStock-1350485805-scaled-e1662997672241.jpg","type":"image\/jpeg"}],"twitter_card":"summary_large_image","twitter_misc":{"Est. reading time":"1 minute"},"schema":{"@context":"https:\/\/schema.org","@graph":[{"@type":"WebPage","@id":"https:\/\/www.csf.bc.ca\/en\/","url":"https:\/\/www.csf.bc.ca\/en\/","name":"Conseil scolaire francophone de la Colombie-Britannique | CSF","isPartOf":{"@id":"https:\/\/www.csf.bc.ca\/en\/#website"},"primaryImageOfPage":{"@id":"https:\/\/www.csf.bc.ca\/en\/#primaryimage"},"image":{"@id":"https:\/\/www.csf.bc.ca\/en\/#primaryimage"},"thumbnailUrl":"https:\/\/www.csf.bc.ca\/wp-content\/uploads\/2022\/08\/iStock-1350485805-scaled-e1662997672241.jpg","datePublished":"2022-05-19T10:42:48+00:00","dateModified":"2026-01-05T23:16:52+00:00","breadcrumb":{"@id":"https:\/\/www.csf.bc.ca\/en\/#breadcrumb"},"inLanguage":"en-US","potentialAction":[{"@type":"ReadAction","target":["https:\/\/www.csf.bc.ca\/en\/"]}]},{"@type":"ImageObject","inLanguage":"en-US","@id":"https:\/\/www.csf.bc.ca\/en\/#primaryimage","url":"https:\/\/www.csf.bc.ca\/wp-content\/uploads\/2022\/08\/iStock-1350485805-scaled-e1662997672241.jpg","contentUrl":"https:\/\/www.csf.bc.ca\/wp-content\/uploads\/2022\/08\/iStock-1350485805-scaled-e1662997672241.jpg","width":2560,"height":1703,"caption":"Black child boy 3 years, Students kid jumping to happy enjoy come back to school with red school bag, Isolated portrait on yellow background with copy space, International student happiness"},{"@type":"BreadcrumbList","@id":"https:\/\/www.csf.bc.ca\/en\/#breadcrumb","itemListElement":[{"@type":"ListItem","position":1,"name":"Home","item":"https:\/\/www.csf.bc.ca\/en\/"},{"@type":"ListItem","position":2,"name":"Home"}]},{"@type":"WebSite","@id":"https:\/\/www.csf.bc.ca\/en\/#website","url":"https:\/\/www.csf.bc.ca\/en\/","name":"Conseil scolaire francophone de la Colombie-Britannique","description":"CSF","publisher":{"@id":"https:\/\/www.csf.bc.ca\/en\/#organization"},"potentialAction":[{"@type":"SearchAction","target":{"@type":"EntryPoint","urlTemplate":"https:\/\/www.csf.bc.ca\/en\/?s={search_term_string}"},"query-input":{"@type":"PropertyValueSpecification","valueRequired":true,"valueName":"search_term_string"}}],"inLanguage":"en-US"},{"@type":"Organization","@id":"https:\/\/www.csf.bc.ca\/en\/#organization","name":"Conseil scolaire francophone de la Colombie-Britannique","url":"https:\/\/www.csf.bc.ca\/en\/","logo":{"@type":"ImageObject","inLanguage":"en-US","@id":"https:\/\/www.csf.bc.ca\/en\/#\/schema\/logo\/image\/","url":"https:\/\/www.csf.bc.ca\/wp-content\/uploads\/2022\/05\/csf-logoHoriz-desc-court-coul.svg","contentUrl":"https:\/\/www.csf.bc.ca\/wp-content\/uploads\/2022\/05\/csf-logoHoriz-desc-court-coul.svg","width":842,"height":205,"caption":"Conseil scolaire francophone de la Colombie-Britannique"},"image":{"@id":"https:\/\/www.csf.bc.ca\/en\/#\/schema\/logo\/image\/"}}]}},"_links":{"self":[{"href":"https:\/\/www.csf.bc.ca\/en\/wp-json\/wp\/v2\/pages\/1499","targetHints":{"allow":["GET"]}}],"collection":[{"href":"https:\/\/www.csf.bc.ca\/en\/wp-json\/wp\/v2\/pages"}],"about":[{"href":"https:\/\/www.csf.bc.ca\/en\/wp-json\/wp\/v2\/types\/page"}],"author":[{"embeddable":true,"href":"https:\/\/www.csf.bc.ca\/en\/wp-json\/wp\/v2\/users\/1"}],"replies":[{"embeddable":true,"href":"https:\/\/www.csf.bc.ca\/en\/wp-json\/wp\/v2\/comments?post=1499"}],"version-history":[{"count":96,"href":"https:\/\/www.csf.bc.ca\/en\/wp-json\/wp\/v2\/pages\/1499\/revisions"}],"predecessor-version":[{"id":15667,"href":"https:\/\/www.csf.bc.ca\/en\/wp-json\/wp\/v2\/pages\/1499\/revisions\/15667"}],"wp:featuredmedia":[{"embeddable":true,"href":"https:\/\/www.csf.bc.ca\/en\/wp-json\/wp\/v2\/media\/4369"}],"wp:attachment":[{"href":"https:\/\/www.csf.bc.ca\/en\/wp-json\/wp\/v2\/media?parent=1499"}],"curies":[{"name":"wp","href":"https:\/\/api.w.org\/{rel}","templated":true}]}}