{"id":2655,"date":"2022-06-07T11:59:40","date_gmt":"2022-06-07T18:59:40","guid":{"rendered":"https:\/\/www.csf.bc.ca\/?page_id=2655"},"modified":"2026-04-20T13:17:29","modified_gmt":"2026-04-20T20:17:29","slug":"resources","status":"publish","type":"page","link":"https:\/\/www.csf.bc.ca\/en\/post-secondary\/resources\/","title":{"rendered":"Grants and other resources"},"content":{"rendered":"\n<section id=\"header-block_45f73305df7345b54205581f542d9ca2\" class=\"block block-header --left\">\n    <div class=\"container\">\n        <div class=\"flow\" data-sal=\"slide-right\" data-sal-duration=\"500\">\n            \n\n<h1 class=\"wp-block-heading\"><strong>Grants and other resources<\/strong><\/h1>\n\n\n\n<h2 class=\"wp-block-heading\">FRENCH ONLY<\/h2>\n\n\n        <\/div>\n    <\/div>\n    <div class=\"bg\" data-sal=\"fade\" data-sal-duartion=\"500\" style=\"background-image: url('https:\/\/www.csf.bc.ca\/wp-content\/uploads\/2022\/05\/billan-header.jpg');\"><\/div>\n<\/section>\n\n\n<p><\/p>\n\n\n\n<h2 class=\"wp-block-heading\">Grants and post-secondary financing options<\/h2>\n\n\n\n<div class=\"wp-block-buttons is-layout-flex wp-block-buttons-is-layout-flex\">\n<div class=\"wp-block-button\"><a class=\"wp-block-button__link wp-element-button\" href=\"\/wp-content\/uploads\/2026\/04\/20260414_Brichuret_bourses_nomination_FINAL.pdf\" target=\"_blank\" rel=\"noreferrer noopener\">Download guide<\/a><\/div>\n<\/div>\n\n\n\n<h2 class=\"wp-block-heading\">Bourses et options de financement postsecondaire<\/h2>\n\n\n\n<p>Les finissants du secondaire ont acc\u00e8s \u00e0 des milliers de prix et bourses d\u2019\u00e9tudes. Pour en obtenir la liste, consultez le site <a href=\"http:\/\/www.scholarshipscanada.com\" target=\"_blank\" rel=\"noreferrer noopener\">www.scholarshipscanada.com<\/a> et effectuez votre recherche par nom, \u00e9cole, domaine d\u2019\u00e9tudes ou fournisseur de bourses.<\/p>\n\n\n\n<section id=\"accordeon-block_57c2e4668c905cb7cb0a9d52f44660b9\" class=\"block block-accordeon\">\n    <div class=\"container\">\n\n        <div class=\"accordeon\">\n\n            \n                <div class=\"accordeon__title\" data-sal=\"slide-up\" data-sal-duration=\"500\" >\n                    <h2>Bourses et programmes nationaux et provinciaux<\/h2>\n                    <i class=\"fas fa-chevron-down\"><\/i>\n                <\/div>\n                <div class=\"accordeon__content\">                \n                    <div class=\"flow\">\n                        <h3><a href=\"https:\/\/www.canada.ca\/fr\/services\/prestations\/education\/aide-etudiants.html\" target=\"_blank\" rel=\"noopener\">Bourses et aide financi\u00e8re du Canada<\/a><\/h3>\n<p>Le gouvernement du Canada offre des bourses et des pr\u00eats \u00e9tudiants non remboursables ou remboursables afin d\u2019aider \u00e0 couvrir les co\u00fbts des \u00e9tudes postsecondaires. L\u2019admissibilit\u00e9 \u00e0 plusieurs bourses est automatiquement \u00e9valu\u00e9e lors d\u2019une demande de pr\u00eat \u00e9tudiant.<\/p>\n<h3><a href=\"https:\/\/www2.gov.bc.ca\/gov\/content\/education-training\/k-12\/support\/scholarships\" target=\"_blank\" rel=\"noopener\">Bourses d\u2019\u00e9tudes de la Colombie\u2011Britannique<\/a><\/h3>\n<p>La Colombie\u2011Britannique propose diff\u00e9rents programmes de bourses reconnaissant la r\u00e9ussite scolaire, le leadership et l\u2019engagement des \u00e9l\u00e8ves du secondaire. Entre autres, d\u00e9couvrez:<\/p>\n<ul>\n<li><a href=\"https:\/\/www2.gov.bc.ca\/gov\/content\/education-training\/k-12\/support\/scholarships\/provincial-scholarships\/bc-excellence-scholarships\" target=\"_blank\" rel=\"noopener\">Les bourses d\u2019excellence de la Colombie-Britannique<\/a><\/li>\n<li><a href=\"https:\/\/www2.gov.bc.ca\/gov\/content\/education-training\/k-12\/support\/scholarships\/provincial-scholarships\/bc-achievement-scholarships\" target=\"_blank\" rel=\"noopener\">Les bourses de r\u00e9ussite scolaire<\/a><\/li>\n<li><a href=\"https:\/\/www2.gov.bc.ca\/gov\/content\/education-training\/k-12\/support\/scholarships\/provincial-scholarships\/pathway-to-teacher-education-scholarship\" target=\"_blank\" rel=\"noopener\">Les bourses du programme\u00a0<em>Pathway to Teacher Education Scholarships<\/em>\u00a0(formation en enseignement)<\/a><\/li>\n<\/ul>\n<p><!-- \/wp:paragraph --><\/p>\n                    <\/div>\n                <\/div>\n\n                    \n        <\/div>\n    <\/div>\n<\/section>\n\n\n<section id=\"accordeon-block_527a46a15511072d034a31939c2487b4\" class=\"block block-accordeon\">\n    <div class=\"container\">\n\n        <div class=\"accordeon\">\n\n            \n                <div class=\"accordeon__title\" data-sal=\"slide-up\" data-sal-duration=\"500\" >\n                    <h2>Bourses ouvertes \u00e0 candidature individuelle<\/h2>\n                    <i class=\"fas fa-chevron-down\"><\/i>\n                <\/div>\n                <div class=\"accordeon__content\">                \n                    <div class=\"flow\">\n                        <section id=\"portlet_56_INSTANCE_n3mW\" class=\"portlet\">\n<div>\n<h3><a href=\"https:\/\/www.sfu.ca\/baff-offa\/fr\/vie-etudiante\/bourses.html\" target=\"_blank\" rel=\"noopener\">Bourse BAFF \/ FFCB<\/a><\/h3>\n<p>&nbsp;<\/p>\n<p>Ces bourses soutiennent les \u00e9l\u00e8ves d\u2019expression fran\u00e7aise provenant d\u2019\u00e9coles francophones ou d\u2019immersion qui poursuivent des \u00e9tudes postsecondaires et s\u2019impliquent dans la communaut\u00e9 franco\u2011colombienne.<\/p>\n<p>&nbsp;<\/p>\n<\/div>\n<\/section>\n<h3><\/h3>\n<section id=\"portlet_56_INSTANCE_n3mW\" class=\"portlet\">\n<div>\n<h3><a href=\"https:\/\/boursierloran.ca\/\" target=\"_blank\" rel=\"noopener\">Bourse Loran<\/a><\/h3>\n<p>&nbsp;<\/p>\n<p>La Bourse Loran r\u00e9compense des jeunes faisant preuve de leadership, de caract\u00e8re, de service communautaire et de potentiel d\u2019impact \u00e0 long terme.<\/p>\n<p>&nbsp;<\/p>\n<h3><\/h3>\n<h3><a href=\"https:\/\/islandkidsfirst.com\/bursaries-scholarships\/lisa-huus-bursary\/\" target=\"_blank\" rel=\"noopener\">Bourses Lisa Huus<\/a><\/h3>\n<p>&nbsp;<\/p>\n<p>Les bourses Lisa Huus soutiennent les \u00e9tudiant.e.s en situation de handicap qui poursuivent des \u00e9tudes postsecondaires en Colombie\u2011Britannique.<\/p>\n<p>&nbsp;<\/p>\n<h3><\/h3>\n<h3><a href=\"https:\/\/intranet.csf.bc.ca\/education\/wp-content\/uploads\/sites\/2\/2026\/04\/ressources\/Bourse_de_la_perseverance_scolaire_-_informations.pdf\" target=\"_blank\" rel=\"noopener\">Bourse de la pers\u00e9v\u00e9rance scolaire AD\u00c9ON<\/a><\/h3>\n<p>&nbsp;<\/p>\n<p>Cette bourse a pour objectif de reconnaitre des \u00e9l\u00e8ves qui font preuve de courage, de pers\u00e9v\u00e9rance et d\u2019engagement dans leurs \u00e9tudes en fran\u00e7ais, sans devoir \u00eatre les premiers de classe.<\/p>\n<p>&nbsp;<\/p>\n<ul>\n<li><a href=\"\/wp-content\/uploads\/2026\/04\/Candidature-Bourse_de_la_perseverance_ADEON.pdf\" target=\"_blank\" rel=\"noopener\">Formulaire de mise en candidature<\/a><\/li>\n<\/ul>\n<p>&nbsp;<\/p>\n<h3><\/h3>\n<h3><a href=\"https:\/\/futurestudents.yorku.ca\/financing-your-degree\/scholarships-bursaries\" target=\"_blank\" rel=\"noopener\">Bourses d\u2019entr\u00e9e \u2013 Universit\u00e9 York<\/a><\/h3>\n<p>&nbsp;<\/p>\n<p>L\u2019Universit\u00e9 York offre plusieurs bourses d\u2019entr\u00e9e et concours destin\u00e9s aux nouveaux \u00e9tudiants de premi\u00e8re ann\u00e9e.<\/p>\n<p>&nbsp;<\/p>\n<h3><\/h3>\n<h3><a href=\"https:\/\/www.sfu.ca\/students\/financialaid\/entrance-scholarships.html\" target=\"_blank\" rel=\"noopener\">Aboriginal Student Entrance Award \u2013 Universit\u00e9 Simon Fraser<\/a><\/h3>\n<p>&nbsp;<\/p>\n<p>Cette bourse vise \u00e0 soutenir les \u00e9tudiant.e.s autochtones lors de leur entr\u00e9e \u00e0 l\u2019Universit\u00e9 Simon Fraser.<\/p>\n<p>&nbsp;<\/p>\n<\/div>\n<\/section>\n<h3><\/h3>\n<section id=\"portlet_56_INSTANCE_n3mW\" class=\"portlet\">\n<h3><a href=\"https:\/\/intranet.csf.bc.ca\/education\/services-pedagogiques-ressources\/services-pedagogiques-ressources-ressources-10-a-12\/options-de-financement-bourses\/Bourses%20scolaires%20MyBlueprint%20%E2%80%93%20Banque%20Scotia%20Ces%20bourses%20reconnaissent%20l%E2%80%99engagement%20communautaire%20et%20l%E2%80%99int%C3%A9r%C3%AAt%20pour%20les%20domaines%20li%C3%A9s%20au%20bien%E2%80%91%C3%AAtre%20financier%20et%20aux%20STIM.\" target=\"_blank\" rel=\"noopener\">Bourses scolaires MyBlueprint \u2013 Banque Scotia<\/a><\/h3>\n<p>&nbsp;<\/p>\n<p>Ces bourses reconnaissent l\u2019engagement communautaire et l\u2019int\u00e9r\u00eat pour les domaines li\u00e9s au bien\u2011\u00eatre financier et aux STIM.<\/p>\n<p>&nbsp;<\/p>\n<\/section>\n<h3><\/h3>\n<h3><a href=\"https:\/\/blog.remax.ca\/quest-for-excellence\/\">RE\/MAX \u2013 Quest for Excellence<\/a><\/h3>\n<p>&nbsp;<\/p>\n<p>Cette bourse r\u00e9compense des \u00e9l\u00e8ves qui d\u00e9montrent du leadership et un fort engagement communautaire.<\/p>\n<p>&nbsp;<\/p>\n<h3><\/h3>\n<h3><a href=\"https:\/\/nupge.ca\/scholarships\/\">Bourses des syndicats<\/a><\/h3>\n<p>&nbsp;<\/p>\n<p>Ces bourses soutiennent les \u00e9l\u00e8ves poursuivant des \u00e9tudes postsecondaires et reconnaissent leur engagement scolaire, communautaire ou personnel, notamment aupr\u00e8s des familles affili\u00e9es au NUPGE.<\/p>\n                    <\/div>\n                <\/div>\n\n                    \n        <\/div>\n    <\/div>\n<\/section>\n\n\n<section id=\"accordeon-block_b2dda97c75036a9b1d6a9ac4cb3c7804\" class=\"block block-accordeon\">\n    <div class=\"container\">\n\n        <div class=\"accordeon\">\n\n            \n                <div class=\"accordeon__title\" data-sal=\"slide-up\" data-sal-duration=\"500\" >\n                    <h2>Recherche de bourses<\/h2>\n                    <i class=\"fas fa-chevron-down\"><\/i>\n                <\/div>\n                <div class=\"accordeon__content\">                \n                    <div class=\"flow\">\n                        <p class=\"p1\">Voici un\u00a0<a href=\"https:\/\/csfbc.sharepoint.com\/:w:\/s\/ServicesEducatifs\/IQDjBB4iSSByR6xWUkC25UzdAV6PjO5uKPm_AILNdaewTTk?e=G6OrNr\" target=\"_blank\" rel=\"noopener\">document<\/a>\u00a0rassemblant bon nombre de bourses.<\/p>\n<p>Les \u00e9l\u00e8ves peuvent \u00e9galement consulter les plateformes suivantes afin de d\u00e9couvrir des bourses correspondant \u00e0 leur profil :<\/p>\n<p><a href=\"https:\/\/www.scholarshipscanada.com\/\" target=\"_blank\" rel=\"noopener\">ScholarshipsCanada<\/a><\/p>\n<p><a href=\"https:\/\/scholartree.ca\/\" target=\"_blank\" rel=\"noopener\">ScholarTree<\/a><\/p>\n<p><a href=\"https:\/\/studentawards.com\/\">StudentAwards<\/a><\/p>\n<p><a href=\"https:\/\/yconic.com\/\" target=\"_blank\" rel=\"noopener\">Yconic<br \/>\n<\/a><\/p>\n<p>&nbsp;<\/p>\n                    <\/div>\n                <\/div>\n\n                    \n        <\/div>\n    <\/div>\n<\/section>\n\n\n<h2 class=\"wp-block-heading\"><br><\/h2>\n","protected":false},"excerpt":{"rendered":"<p>Grants and post-secondary financing options Bourses et options de financement postsecondaire Les finissants du secondaire [&hellip;]<\/p>\n","protected":false},"author":1,"featured_media":910,"parent":2854,"menu_order":0,"comment_status":"closed","ping_status":"closed","template":"","meta":{"_acf_changed":false,"footnotes":""},"class_list":["post-2655","page","type-page","status-publish","has-post-thumbnail","hentry"],"acf":[],"yoast_head":"<!-- This site is optimized with the Yoast SEO plugin v26.5 - https:\/\/yoast.com\/wordpress\/plugins\/seo\/ -->\n<title>Grants and other resources | Conseil scolaire francophone de la Colombie-Britannique<\/title>\n<meta name=\"robots\" content=\"index, follow, max-snippet:-1, max-image-preview:large, max-video-preview:-1\" \/>\n<link rel=\"canonical\" href=\"https:\/\/www.csf.bc.ca\/en\/post-secondary\/resources\/\" \/>\n<meta property=\"og:locale\" content=\"en_US\" \/>\n<meta property=\"og:type\" content=\"article\" \/>\n<meta property=\"og:title\" content=\"Grants and other resources | Conseil scolaire francophone de la Colombie-Britannique\" \/>\n<meta property=\"og:description\" content=\"Grants and post-secondary financing options Bourses et options de financement postsecondaire Les finissants du secondaire [&hellip;]\" \/>\n<meta property=\"og:url\" content=\"https:\/\/www.csf.bc.ca\/en\/post-secondary\/resources\/\" \/>\n<meta property=\"og:site_name\" content=\"Conseil scolaire francophone de la Colombie-Britannique\" \/>\n<meta property=\"article:modified_time\" content=\"2026-04-20T20:17:29+00:00\" \/>\n<meta property=\"og:image\" content=\"https:\/\/www.csf.bc.ca\/wp-content\/uploads\/2022\/06\/secondaire-04.jpg\" \/>\n\t<meta property=\"og:image:width\" content=\"855\" \/>\n\t<meta property=\"og:image:height\" content=\"533\" \/>\n\t<meta property=\"og:image:type\" content=\"image\/jpeg\" \/>\n<meta name=\"twitter:card\" content=\"summary_large_image\" \/>\n<meta name=\"twitter:label1\" content=\"Est. reading time\" \/>\n\t<meta name=\"twitter:data1\" content=\"1 minute\" \/>\n<script type=\"application\/ld+json\" class=\"yoast-schema-graph\">{\"@context\":\"https:\/\/schema.org\",\"@graph\":[{\"@type\":\"WebPage\",\"@id\":\"https:\/\/www.csf.bc.ca\/en\/post-secondary\/resources\/\",\"url\":\"https:\/\/www.csf.bc.ca\/en\/post-secondary\/resources\/\",\"name\":\"Grants and other resources | Conseil scolaire francophone de la Colombie-Britannique\",\"isPartOf\":{\"@id\":\"https:\/\/www.csf.bc.ca\/en\/#website\"},\"primaryImageOfPage\":{\"@id\":\"https:\/\/www.csf.bc.ca\/en\/post-secondary\/resources\/#primaryimage\"},\"image\":{\"@id\":\"https:\/\/www.csf.bc.ca\/en\/post-secondary\/resources\/#primaryimage\"},\"thumbnailUrl\":\"https:\/\/www.csf.bc.ca\/wp-content\/uploads\/2022\/06\/secondaire-04.jpg\",\"datePublished\":\"2022-06-07T18:59:40+00:00\",\"dateModified\":\"2026-04-20T20:17:29+00:00\",\"breadcrumb\":{\"@id\":\"https:\/\/www.csf.bc.ca\/en\/post-secondary\/resources\/#breadcrumb\"},\"inLanguage\":\"en-US\",\"potentialAction\":[{\"@type\":\"ReadAction\",\"target\":[\"https:\/\/www.csf.bc.ca\/en\/post-secondary\/resources\/\"]}]},{\"@type\":\"ImageObject\",\"inLanguage\":\"en-US\",\"@id\":\"https:\/\/www.csf.bc.ca\/en\/post-secondary\/resources\/#primaryimage\",\"url\":\"https:\/\/www.csf.bc.ca\/wp-content\/uploads\/2022\/06\/secondaire-04.jpg\",\"contentUrl\":\"https:\/\/www.csf.bc.ca\/wp-content\/uploads\/2022\/06\/secondaire-04.jpg\",\"width\":855,\"height\":533},{\"@type\":\"BreadcrumbList\",\"@id\":\"https:\/\/www.csf.bc.ca\/en\/post-secondary\/resources\/#breadcrumb\",\"itemListElement\":[{\"@type\":\"ListItem\",\"position\":1,\"name\":\"Home\",\"item\":\"https:\/\/www.csf.bc.ca\/en\/\"},{\"@type\":\"ListItem\",\"position\":2,\"name\":\"Post-secondary\",\"item\":\"https:\/\/www.csf.bc.ca\/en\/post-secondary\/\"},{\"@type\":\"ListItem\",\"position\":3,\"name\":\"Grants and other resources\"}]},{\"@type\":\"WebSite\",\"@id\":\"https:\/\/www.csf.bc.ca\/en\/#website\",\"url\":\"https:\/\/www.csf.bc.ca\/en\/\",\"name\":\"Conseil scolaire francophone de la Colombie-Britannique\",\"description\":\"CSF\",\"publisher\":{\"@id\":\"https:\/\/www.csf.bc.ca\/en\/#organization\"},\"potentialAction\":[{\"@type\":\"SearchAction\",\"target\":{\"@type\":\"EntryPoint\",\"urlTemplate\":\"https:\/\/www.csf.bc.ca\/en\/?s={search_term_string}\"},\"query-input\":{\"@type\":\"PropertyValueSpecification\",\"valueRequired\":true,\"valueName\":\"search_term_string\"}}],\"inLanguage\":\"en-US\"},{\"@type\":\"Organization\",\"@id\":\"https:\/\/www.csf.bc.ca\/en\/#organization\",\"name\":\"Conseil scolaire francophone de la Colombie-Britannique\",\"url\":\"https:\/\/www.csf.bc.ca\/en\/\",\"logo\":{\"@type\":\"ImageObject\",\"inLanguage\":\"en-US\",\"@id\":\"https:\/\/www.csf.bc.ca\/en\/#\/schema\/logo\/image\/\",\"url\":\"https:\/\/www.csf.bc.ca\/wp-content\/uploads\/2022\/05\/csf-logoHoriz-desc-court-coul.svg\",\"contentUrl\":\"https:\/\/www.csf.bc.ca\/wp-content\/uploads\/2022\/05\/csf-logoHoriz-desc-court-coul.svg\",\"width\":842,\"height\":205,\"caption\":\"Conseil scolaire francophone de la Colombie-Britannique\"},\"image\":{\"@id\":\"https:\/\/www.csf.bc.ca\/en\/#\/schema\/logo\/image\/\"}}]}<\/script>\n<!-- \/ Yoast SEO plugin. -->","yoast_head_json":{"title":"Grants and other resources | Conseil scolaire francophone de la Colombie-Britannique","robots":{"index":"index","follow":"follow","max-snippet":"max-snippet:-1","max-image-preview":"max-image-preview:large","max-video-preview":"max-video-preview:-1"},"canonical":"https:\/\/www.csf.bc.ca\/en\/post-secondary\/resources\/","og_locale":"en_US","og_type":"article","og_title":"Grants and other resources | Conseil scolaire francophone de la Colombie-Britannique","og_description":"Grants and post-secondary financing options Bourses et options de financement postsecondaire Les finissants du secondaire [&hellip;]","og_url":"https:\/\/www.csf.bc.ca\/en\/post-secondary\/resources\/","og_site_name":"Conseil scolaire francophone de la Colombie-Britannique","article_modified_time":"2026-04-20T20:17:29+00:00","og_image":[{"width":855,"height":533,"url":"https:\/\/www.csf.bc.ca\/wp-content\/uploads\/2022\/06\/secondaire-04.jpg","type":"image\/jpeg"}],"twitter_card":"summary_large_image","twitter_misc":{"Est. reading time":"1 minute"},"schema":{"@context":"https:\/\/schema.org","@graph":[{"@type":"WebPage","@id":"https:\/\/www.csf.bc.ca\/en\/post-secondary\/resources\/","url":"https:\/\/www.csf.bc.ca\/en\/post-secondary\/resources\/","name":"Grants and other resources | Conseil scolaire francophone de la Colombie-Britannique","isPartOf":{"@id":"https:\/\/www.csf.bc.ca\/en\/#website"},"primaryImageOfPage":{"@id":"https:\/\/www.csf.bc.ca\/en\/post-secondary\/resources\/#primaryimage"},"image":{"@id":"https:\/\/www.csf.bc.ca\/en\/post-secondary\/resources\/#primaryimage"},"thumbnailUrl":"https:\/\/www.csf.bc.ca\/wp-content\/uploads\/2022\/06\/secondaire-04.jpg","datePublished":"2022-06-07T18:59:40+00:00","dateModified":"2026-04-20T20:17:29+00:00","breadcrumb":{"@id":"https:\/\/www.csf.bc.ca\/en\/post-secondary\/resources\/#breadcrumb"},"inLanguage":"en-US","potentialAction":[{"@type":"ReadAction","target":["https:\/\/www.csf.bc.ca\/en\/post-secondary\/resources\/"]}]},{"@type":"ImageObject","inLanguage":"en-US","@id":"https:\/\/www.csf.bc.ca\/en\/post-secondary\/resources\/#primaryimage","url":"https:\/\/www.csf.bc.ca\/wp-content\/uploads\/2022\/06\/secondaire-04.jpg","contentUrl":"https:\/\/www.csf.bc.ca\/wp-content\/uploads\/2022\/06\/secondaire-04.jpg","width":855,"height":533},{"@type":"BreadcrumbList","@id":"https:\/\/www.csf.bc.ca\/en\/post-secondary\/resources\/#breadcrumb","itemListElement":[{"@type":"ListItem","position":1,"name":"Home","item":"https:\/\/www.csf.bc.ca\/en\/"},{"@type":"ListItem","position":2,"name":"Post-secondary","item":"https:\/\/www.csf.bc.ca\/en\/post-secondary\/"},{"@type":"ListItem","position":3,"name":"Grants and other resources"}]},{"@type":"WebSite","@id":"https:\/\/www.csf.bc.ca\/en\/#website","url":"https:\/\/www.csf.bc.ca\/en\/","name":"Conseil scolaire francophone de la Colombie-Britannique","description":"CSF","publisher":{"@id":"https:\/\/www.csf.bc.ca\/en\/#organization"},"potentialAction":[{"@type":"SearchAction","target":{"@type":"EntryPoint","urlTemplate":"https:\/\/www.csf.bc.ca\/en\/?s={search_term_string}"},"query-input":{"@type":"PropertyValueSpecification","valueRequired":true,"valueName":"search_term_string"}}],"inLanguage":"en-US"},{"@type":"Organization","@id":"https:\/\/www.csf.bc.ca\/en\/#organization","name":"Conseil scolaire francophone de la Colombie-Britannique","url":"https:\/\/www.csf.bc.ca\/en\/","logo":{"@type":"ImageObject","inLanguage":"en-US","@id":"https:\/\/www.csf.bc.ca\/en\/#\/schema\/logo\/image\/","url":"https:\/\/www.csf.bc.ca\/wp-content\/uploads\/2022\/05\/csf-logoHoriz-desc-court-coul.svg","contentUrl":"https:\/\/www.csf.bc.ca\/wp-content\/uploads\/2022\/05\/csf-logoHoriz-desc-court-coul.svg","width":842,"height":205,"caption":"Conseil scolaire francophone de la Colombie-Britannique"},"image":{"@id":"https:\/\/www.csf.bc.ca\/en\/#\/schema\/logo\/image\/"}}]}},"_links":{"self":[{"href":"https:\/\/www.csf.bc.ca\/en\/wp-json\/wp\/v2\/pages\/2655","targetHints":{"allow":["GET"]}}],"collection":[{"href":"https:\/\/www.csf.bc.ca\/en\/wp-json\/wp\/v2\/pages"}],"about":[{"href":"https:\/\/www.csf.bc.ca\/en\/wp-json\/wp\/v2\/types\/page"}],"author":[{"embeddable":true,"href":"https:\/\/www.csf.bc.ca\/en\/wp-json\/wp\/v2\/users\/1"}],"replies":[{"embeddable":true,"href":"https:\/\/www.csf.bc.ca\/en\/wp-json\/wp\/v2\/comments?post=2655"}],"version-history":[{"count":10,"href":"https:\/\/www.csf.bc.ca\/en\/wp-json\/wp\/v2\/pages\/2655\/revisions"}],"predecessor-version":[{"id":16912,"href":"https:\/\/www.csf.bc.ca\/en\/wp-json\/wp\/v2\/pages\/2655\/revisions\/16912"}],"up":[{"embeddable":true,"href":"https:\/\/www.csf.bc.ca\/en\/wp-json\/wp\/v2\/pages\/2854"}],"wp:featuredmedia":[{"embeddable":true,"href":"https:\/\/www.csf.bc.ca\/en\/wp-json\/wp\/v2\/media\/910"}],"wp:attachment":[{"href":"https:\/\/www.csf.bc.ca\/en\/wp-json\/wp\/v2\/media?parent=2655"}],"curies":[{"name":"wp","href":"https:\/\/api.w.org\/{rel}","templated":true}]}}