{"id":2698,"date":"2022-05-23T18:14:17","date_gmt":"2022-05-24T01:14:17","guid":{"rendered":"https:\/\/www.csf.bc.ca\/?page_id=2698"},"modified":"2022-12-21T10:08:57","modified_gmt":"2022-12-21T18:08:57","slug":"forum-fusion","status":"publish","type":"page","link":"https:\/\/www.csf.bc.ca\/en\/strategic-plan\/forum-fusion\/","title":{"rendered":"Forum fusion (French only)"},"content":{"rendered":"\n<section id=\"header-block_62a3278a34732\" class=\"block block-header --right\">\n    <div class=\"container\">\n        <div class=\"flow\" data-sal=\"slide-right\" data-sal-duration=\"500\">\n            \n\n<h1 class=\"wp-block-heading\">Forum Fusion<\/h1>\n\n\n\n<p>Des id\u00e9es aux actions !<\/p>\n\n\n        <\/div>\n    <\/div>\n    <div class=\"bg\" data-sal=\"fade\" data-sal-duartion=\"500\" style=\"background-image: url('https:\/\/www.csf.bc.ca\/wp-content\/uploads\/2022\/08\/WEB2FUSION.jpg');\"><\/div>\n<\/section>\n\n\n<div style=\"height:50px\" aria-hidden=\"true\" class=\"wp-block-spacer\"><\/div>\n\n\n\n\n<section id=\"text-image-block_62a328bd34733\" class=\"block block-text-image --reverse\">\n    <div class=\"container\">\n        <div class=\"flow\">\n\n            \n\n<p>Le Forum Fusion est un \u00e9v\u00e8nement r\u00e9current du CSF, organis\u00e9 en collaboration avec le Conseil jeunesse francophone de la Colombie-Britannique. <br><br>L\u2019\u00e9v\u00e9nement a pour objectif de r\u00e9unir les \u00e9l\u00e8ves des \u00e9coles secondaires \u00e0 travers la province afin d\u2019entendre leur voix sur les priorit\u00e9s et orientations \u00e9tablies dans le Plan strat\u00e9gique en vigueur<br><br><strong>COLLABORER-ENGAGER-INNOVER<\/strong><\/p>\n\n\n\n<p><\/p>\n\n\n\n        <\/div>\n        <figure class=\"image\" data-sal=\"slide-up\" data-sal-duration=\"500\">\n                            <img decoding=\"async\" src=\"https:\/\/www.csf.bc.ca\/wp-content\/uploads\/2022\/06\/home-header-1.jpg\" alt=\"\" \/>\n                        \n                    \n                            <span class=\"line line-a rellax-1 --reverse\" ><\/span>\n                <span class=\"line line-b rellax-horizontal\"><\/span>\n                    <\/figure>\n    <\/div>\n<\/section>\n\n\n<div style=\"height:50px\" aria-hidden=\"true\" class=\"wp-block-spacer\"><\/div>\n\n\n\n<p>Ce projet est destin\u00e9 aux membres des conseils \u00e9tudiants des \u00e9coles secondaires du CSF, aux repr\u00e9sentants du <a href=\"https:\/\/cjfcb.com\/en\/programmation\/reseau-jeunesse\" target=\"_blank\" rel=\"noreferrer noopener\">R\u00e9seau jeunesse<\/a> (conseil \u00e9tudiant provincial), et \u00e0 tout \u00e9l\u00e8ve d\u00e9sireux de s\u2019impliquer dans la vie \u00e9tudiante et d\u2019en savoir plus sur le fonctionnement du CSF.<\/p>\n\n\n\n<p>Lors de cette rencontre, les participants ont l\u2019occasion de se rencontrer, d\u2019\u00e9changer sur la r\u00e9alit\u00e9 de leur scolarit\u00e9, de d\u00e9couvrir les coulisses du CSF, de faire entendre leur voix concernant les mandats et d\u00e9cisions prises tout au long de l\u2019ann\u00e9e et de recevoir de la formation pour les aider \u00e0 \u00eatre actifs au sein de la communaut\u00e9 \u00e9tudiante.<\/p>\n\n\n\n<p>Enfin, le Forum Fusion, c\u2019est aussi une belle occasion pour les \u00e9l\u00e8ves de revoir leurs amis \u00e9parpill\u00e9s dans toute la province et de cr\u00e9er de nouvelles amiti\u00e9s dans un contexte s\u00e9curitaire en fran\u00e7ais.<br><br><br><\/p>\n\n\n\n<p><\/p>\n\n\n\n<div class=\"wp-block-columns is-layout-flex wp-container-core-columns-is-layout-9d6595d7 wp-block-columns-is-layout-flex\">\n<div class=\"wp-block-column is-layout-flow wp-block-column-is-layout-flow\">\n<h2 class=\"wp-block-heading\">Objectifs<\/h2>\n\n\n\n<ul class=\"wp-block-list\"><li>Favoriser une rencontre entre les conseils \u00e9tudiants de toute la province<\/li><li>Effectuer un sondage sur l\u2019exp\u00e9rience des \u00e9l\u00e8ves au secondaire<\/li><li>D\u00e9velopper l\u2019id\u00e9e de l\u2019\u00e9cole id\u00e9ale et comparer avec la situation actuelle<\/li><li>\u00c9changer avec les membres du Conseil d\u2019administration et les employ\u00e9s du CSF<\/li><li>Recevoir de l\u2019information sur les diff\u00e9rents secteurs du CSF<\/li><li>\u00c9laborer des recommandations, en lien avec le plan strat\u00e9gique, pour le CA du CSF et pour R\u00e9seau Jeunesse afin de faire \u00e9voluer les \u00e9coles du CSF<\/li><\/ul>\n<\/div>\n\n\n\n<div class=\"wp-block-column is-layout-flow wp-block-column-is-layout-flow\" style=\"flex-basis:425px\">\n<h2 class=\"wp-block-heading\">Rapports<\/h2>\n\n\n\n<ul class=\"wp-block-list\"><li><a href=\"https:\/\/www.csf.bc.ca\/wp-content\/uploads\/2022\/07\/Rapport-Forum-Fusion_1718.pdf\" target=\"_blank\" rel=\"noreferrer noopener\">\u00c9dition 2017-2018<\/a><\/li><li><a href=\"https:\/\/www.csf.bc.ca\/wp-content\/uploads\/2022\/07\/Rapport-CSF_Fusion-2018-2019.pdf\" target=\"_blank\" rel=\"noreferrer noopener\">\u00c9dition 2018-2019<\/a><\/li><li><a href=\"https:\/\/www.csf.bc.ca\/wp-content\/uploads\/2022\/07\/Evaluation-plan-strategique-CSF_28112019-1.pdf\" target=\"_blank\" rel=\"noreferrer noopener\">\u00c9dition 2019-2020<\/a><\/li><li><a href=\"https:\/\/www.csf.bc.ca\/wp-content\/uploads\/2022\/07\/Rapport-CA_PS_Fusion2020_VF-1.pdf\" target=\"_blank\" rel=\"noreferrer noopener\">\u00c9dition 2020-2021<\/a><\/li><\/ul>\n<\/div>\n<\/div>\n\n\n\n<div style=\"height:50px\" aria-hidden=\"true\" class=\"wp-block-spacer\"><\/div>\n\n\n\n\n<section id=\"text-image-block_62a3295634734\" class=\"block block-text-image --regular --pale\">\n    <div class=\"container\">\n        <div class=\"flow\">\n\n            \n\n<h2 class=\"wp-block-heading\">L&#8217;\u00e9cole id\u00e9ale<br><\/h2>\n\n\n\n<p><em>\u00ab Je voudrais \u2026<br>Une \u00e9cole qui m\u2019aide \u00e0 cr\u00e9er un avenir<br>Qui me pr\u00e9pare \u00e0 ce qu\u2019il y a \u00e0 venir<br>[\u2026]<br>Quand l\u2019\u00e9cole est en harmonie<br>J\u2019apprends et je suis \u00e9panoui<br>Une \u00e9cole qui me pousse<br>\u00c0 devenir un leader pour tous<\/em><br><em><br>CONCLUSION :<br>Je voudrais, je voudrais,<br>Une \u00e9cole qui me pr\u00e9pare pour la vie,<br>LA VRAIE. \u00bb<\/em>*<br><\/p>\n\n\n\n<p><sup><em>*Slam \u00e9crit par un groupe d\u2019\u00e9l\u00e8ves dans le cadre d\u2019un atelier d\u2019expression artistique sur la vision des jeunes de l\u2019\u00e9cole id\u00e9ale.<\/em><\/sup><\/p>\n\n\n\n        <\/div>\n        <figure class=\"image\" data-sal=\"slide-up\" data-sal-duration=\"500\">\n                            <img decoding=\"async\" src=\"https:\/\/www.csf.bc.ca\/wp-content\/uploads\/2022\/06\/primaire-02.jpg\" alt=\"\" \/>\n                        \n                    \n                            <span class=\"line line-a rellax-2 --regular\" ><\/span>\n                <span class=\"line line-b rellax-horizontal\"><\/span>\n                    <\/figure>\n    <\/div>\n<\/section>","protected":false},"excerpt":{"rendered":"<p>Ce projet est destin\u00e9 aux membres des conseils \u00e9tudiants des \u00e9coles secondaires du CSF, aux [&hellip;]<\/p>\n","protected":false},"author":1,"featured_media":3188,"parent":2831,"menu_order":4,"comment_status":"closed","ping_status":"closed","template":"","meta":{"_acf_changed":false,"footnotes":""},"class_list":["post-2698","page","type-page","status-publish","has-post-thumbnail","hentry"],"acf":[],"yoast_head":"<!-- This site is optimized with the Yoast SEO plugin v26.5 - https:\/\/yoast.com\/wordpress\/plugins\/seo\/ -->\n<title>Forum fusion (French only) | Conseil scolaire francophone de la Colombie-Britannique<\/title>\n<meta name=\"robots\" content=\"index, follow, max-snippet:-1, max-image-preview:large, max-video-preview:-1\" \/>\n<link rel=\"canonical\" href=\"https:\/\/www.csf.bc.ca\/en\/strategic-plan\/forum-fusion\/\" \/>\n<meta property=\"og:locale\" content=\"en_US\" \/>\n<meta property=\"og:type\" content=\"article\" \/>\n<meta property=\"og:title\" content=\"Forum fusion (French only) | Conseil scolaire francophone de la Colombie-Britannique\" \/>\n<meta property=\"og:description\" content=\"Ce projet est destin\u00e9 aux membres des conseils \u00e9tudiants des \u00e9coles secondaires du CSF, aux [&hellip;]\" \/>\n<meta property=\"og:url\" content=\"https:\/\/www.csf.bc.ca\/en\/strategic-plan\/forum-fusion\/\" \/>\n<meta property=\"og:site_name\" content=\"Conseil scolaire francophone de la Colombie-Britannique\" \/>\n<meta property=\"article:modified_time\" content=\"2022-12-21T18:08:57+00:00\" \/>\n<meta property=\"og:image\" content=\"https:\/\/www.csf.bc.ca\/wp-content\/uploads\/2022\/08\/WEB2FUSION.jpg\" \/>\n\t<meta property=\"og:image:width\" content=\"1903\" \/>\n\t<meta property=\"og:image:height\" content=\"477\" \/>\n\t<meta property=\"og:image:type\" content=\"image\/jpeg\" \/>\n<meta name=\"twitter:card\" content=\"summary_large_image\" \/>\n<meta name=\"twitter:label1\" content=\"Est. reading time\" \/>\n\t<meta name=\"twitter:data1\" content=\"2 minutes\" \/>\n<script type=\"application\/ld+json\" class=\"yoast-schema-graph\">{\"@context\":\"https:\/\/schema.org\",\"@graph\":[{\"@type\":\"WebPage\",\"@id\":\"https:\/\/www.csf.bc.ca\/en\/strategic-plan\/forum-fusion\/\",\"url\":\"https:\/\/www.csf.bc.ca\/en\/strategic-plan\/forum-fusion\/\",\"name\":\"Forum fusion (French only) | Conseil scolaire francophone de la Colombie-Britannique\",\"isPartOf\":{\"@id\":\"https:\/\/www.csf.bc.ca\/en\/#website\"},\"primaryImageOfPage\":{\"@id\":\"https:\/\/www.csf.bc.ca\/en\/strategic-plan\/forum-fusion\/#primaryimage\"},\"image\":{\"@id\":\"https:\/\/www.csf.bc.ca\/en\/strategic-plan\/forum-fusion\/#primaryimage\"},\"thumbnailUrl\":\"https:\/\/www.csf.bc.ca\/wp-content\/uploads\/2022\/08\/WEB2FUSION.jpg\",\"datePublished\":\"2022-05-24T01:14:17+00:00\",\"dateModified\":\"2022-12-21T18:08:57+00:00\",\"breadcrumb\":{\"@id\":\"https:\/\/www.csf.bc.ca\/en\/strategic-plan\/forum-fusion\/#breadcrumb\"},\"inLanguage\":\"en-US\",\"potentialAction\":[{\"@type\":\"ReadAction\",\"target\":[\"https:\/\/www.csf.bc.ca\/en\/strategic-plan\/forum-fusion\/\"]}]},{\"@type\":\"ImageObject\",\"inLanguage\":\"en-US\",\"@id\":\"https:\/\/www.csf.bc.ca\/en\/strategic-plan\/forum-fusion\/#primaryimage\",\"url\":\"https:\/\/www.csf.bc.ca\/wp-content\/uploads\/2022\/08\/WEB2FUSION.jpg\",\"contentUrl\":\"https:\/\/www.csf.bc.ca\/wp-content\/uploads\/2022\/08\/WEB2FUSION.jpg\",\"width\":1903,\"height\":477},{\"@type\":\"BreadcrumbList\",\"@id\":\"https:\/\/www.csf.bc.ca\/en\/strategic-plan\/forum-fusion\/#breadcrumb\",\"itemListElement\":[{\"@type\":\"ListItem\",\"position\":1,\"name\":\"Home\",\"item\":\"https:\/\/www.csf.bc.ca\/en\/\"},{\"@type\":\"ListItem\",\"position\":2,\"name\":\"Strategic plan\",\"item\":\"https:\/\/www.csf.bc.ca\/en\/strategic-plan\/\"},{\"@type\":\"ListItem\",\"position\":3,\"name\":\"Forum fusion (French only)\"}]},{\"@type\":\"WebSite\",\"@id\":\"https:\/\/www.csf.bc.ca\/en\/#website\",\"url\":\"https:\/\/www.csf.bc.ca\/en\/\",\"name\":\"Conseil scolaire francophone de la Colombie-Britannique\",\"description\":\"CSF\",\"publisher\":{\"@id\":\"https:\/\/www.csf.bc.ca\/en\/#organization\"},\"potentialAction\":[{\"@type\":\"SearchAction\",\"target\":{\"@type\":\"EntryPoint\",\"urlTemplate\":\"https:\/\/www.csf.bc.ca\/en\/?s={search_term_string}\"},\"query-input\":{\"@type\":\"PropertyValueSpecification\",\"valueRequired\":true,\"valueName\":\"search_term_string\"}}],\"inLanguage\":\"en-US\"},{\"@type\":\"Organization\",\"@id\":\"https:\/\/www.csf.bc.ca\/en\/#organization\",\"name\":\"Conseil scolaire francophone de la Colombie-Britannique\",\"url\":\"https:\/\/www.csf.bc.ca\/en\/\",\"logo\":{\"@type\":\"ImageObject\",\"inLanguage\":\"en-US\",\"@id\":\"https:\/\/www.csf.bc.ca\/en\/#\/schema\/logo\/image\/\",\"url\":\"https:\/\/www.csf.bc.ca\/wp-content\/uploads\/2022\/05\/csf-logoHoriz-desc-court-coul.svg\",\"contentUrl\":\"https:\/\/www.csf.bc.ca\/wp-content\/uploads\/2022\/05\/csf-logoHoriz-desc-court-coul.svg\",\"width\":842,\"height\":205,\"caption\":\"Conseil scolaire francophone de la Colombie-Britannique\"},\"image\":{\"@id\":\"https:\/\/www.csf.bc.ca\/en\/#\/schema\/logo\/image\/\"}}]}<\/script>\n<!-- \/ Yoast SEO plugin. -->","yoast_head_json":{"title":"Forum fusion (French only) | Conseil scolaire francophone de la Colombie-Britannique","robots":{"index":"index","follow":"follow","max-snippet":"max-snippet:-1","max-image-preview":"max-image-preview:large","max-video-preview":"max-video-preview:-1"},"canonical":"https:\/\/www.csf.bc.ca\/en\/strategic-plan\/forum-fusion\/","og_locale":"en_US","og_type":"article","og_title":"Forum fusion (French only) | Conseil scolaire francophone de la Colombie-Britannique","og_description":"Ce projet est destin\u00e9 aux membres des conseils \u00e9tudiants des \u00e9coles secondaires du CSF, aux [&hellip;]","og_url":"https:\/\/www.csf.bc.ca\/en\/strategic-plan\/forum-fusion\/","og_site_name":"Conseil scolaire francophone de la Colombie-Britannique","article_modified_time":"2022-12-21T18:08:57+00:00","og_image":[{"width":1903,"height":477,"url":"https:\/\/www.csf.bc.ca\/wp-content\/uploads\/2022\/08\/WEB2FUSION.jpg","type":"image\/jpeg"}],"twitter_card":"summary_large_image","twitter_misc":{"Est. reading time":"2 minutes"},"schema":{"@context":"https:\/\/schema.org","@graph":[{"@type":"WebPage","@id":"https:\/\/www.csf.bc.ca\/en\/strategic-plan\/forum-fusion\/","url":"https:\/\/www.csf.bc.ca\/en\/strategic-plan\/forum-fusion\/","name":"Forum fusion (French only) | Conseil scolaire francophone de la Colombie-Britannique","isPartOf":{"@id":"https:\/\/www.csf.bc.ca\/en\/#website"},"primaryImageOfPage":{"@id":"https:\/\/www.csf.bc.ca\/en\/strategic-plan\/forum-fusion\/#primaryimage"},"image":{"@id":"https:\/\/www.csf.bc.ca\/en\/strategic-plan\/forum-fusion\/#primaryimage"},"thumbnailUrl":"https:\/\/www.csf.bc.ca\/wp-content\/uploads\/2022\/08\/WEB2FUSION.jpg","datePublished":"2022-05-24T01:14:17+00:00","dateModified":"2022-12-21T18:08:57+00:00","breadcrumb":{"@id":"https:\/\/www.csf.bc.ca\/en\/strategic-plan\/forum-fusion\/#breadcrumb"},"inLanguage":"en-US","potentialAction":[{"@type":"ReadAction","target":["https:\/\/www.csf.bc.ca\/en\/strategic-plan\/forum-fusion\/"]}]},{"@type":"ImageObject","inLanguage":"en-US","@id":"https:\/\/www.csf.bc.ca\/en\/strategic-plan\/forum-fusion\/#primaryimage","url":"https:\/\/www.csf.bc.ca\/wp-content\/uploads\/2022\/08\/WEB2FUSION.jpg","contentUrl":"https:\/\/www.csf.bc.ca\/wp-content\/uploads\/2022\/08\/WEB2FUSION.jpg","width":1903,"height":477},{"@type":"BreadcrumbList","@id":"https:\/\/www.csf.bc.ca\/en\/strategic-plan\/forum-fusion\/#breadcrumb","itemListElement":[{"@type":"ListItem","position":1,"name":"Home","item":"https:\/\/www.csf.bc.ca\/en\/"},{"@type":"ListItem","position":2,"name":"Strategic plan","item":"https:\/\/www.csf.bc.ca\/en\/strategic-plan\/"},{"@type":"ListItem","position":3,"name":"Forum fusion (French only)"}]},{"@type":"WebSite","@id":"https:\/\/www.csf.bc.ca\/en\/#website","url":"https:\/\/www.csf.bc.ca\/en\/","name":"Conseil scolaire francophone de la Colombie-Britannique","description":"CSF","publisher":{"@id":"https:\/\/www.csf.bc.ca\/en\/#organization"},"potentialAction":[{"@type":"SearchAction","target":{"@type":"EntryPoint","urlTemplate":"https:\/\/www.csf.bc.ca\/en\/?s={search_term_string}"},"query-input":{"@type":"PropertyValueSpecification","valueRequired":true,"valueName":"search_term_string"}}],"inLanguage":"en-US"},{"@type":"Organization","@id":"https:\/\/www.csf.bc.ca\/en\/#organization","name":"Conseil scolaire francophone de la Colombie-Britannique","url":"https:\/\/www.csf.bc.ca\/en\/","logo":{"@type":"ImageObject","inLanguage":"en-US","@id":"https:\/\/www.csf.bc.ca\/en\/#\/schema\/logo\/image\/","url":"https:\/\/www.csf.bc.ca\/wp-content\/uploads\/2022\/05\/csf-logoHoriz-desc-court-coul.svg","contentUrl":"https:\/\/www.csf.bc.ca\/wp-content\/uploads\/2022\/05\/csf-logoHoriz-desc-court-coul.svg","width":842,"height":205,"caption":"Conseil scolaire francophone de la Colombie-Britannique"},"image":{"@id":"https:\/\/www.csf.bc.ca\/en\/#\/schema\/logo\/image\/"}}]}},"_links":{"self":[{"href":"https:\/\/www.csf.bc.ca\/en\/wp-json\/wp\/v2\/pages\/2698","targetHints":{"allow":["GET"]}}],"collection":[{"href":"https:\/\/www.csf.bc.ca\/en\/wp-json\/wp\/v2\/pages"}],"about":[{"href":"https:\/\/www.csf.bc.ca\/en\/wp-json\/wp\/v2\/types\/page"}],"author":[{"embeddable":true,"href":"https:\/\/www.csf.bc.ca\/en\/wp-json\/wp\/v2\/users\/1"}],"replies":[{"embeddable":true,"href":"https:\/\/www.csf.bc.ca\/en\/wp-json\/wp\/v2\/comments?post=2698"}],"version-history":[{"count":8,"href":"https:\/\/www.csf.bc.ca\/en\/wp-json\/wp\/v2\/pages\/2698\/revisions"}],"predecessor-version":[{"id":7798,"href":"https:\/\/www.csf.bc.ca\/en\/wp-json\/wp\/v2\/pages\/2698\/revisions\/7798"}],"up":[{"embeddable":true,"href":"https:\/\/www.csf.bc.ca\/en\/wp-json\/wp\/v2\/pages\/2831"}],"wp:featuredmedia":[{"embeddable":true,"href":"https:\/\/www.csf.bc.ca\/en\/wp-json\/wp\/v2\/media\/3188"}],"wp:attachment":[{"href":"https:\/\/www.csf.bc.ca\/en\/wp-json\/wp\/v2\/media?parent=2698"}],"curies":[{"name":"wp","href":"https:\/\/api.w.org\/{rel}","templated":true}]}}