{"id":2859,"date":"2022-06-03T07:45:58","date_gmt":"2022-06-03T14:45:58","guid":{"rendered":"https:\/\/www.csf.bc.ca\/?page_id=2859"},"modified":"2022-08-24T17:18:36","modified_gmt":"2022-08-25T00:18:36","slug":"school-calendars","status":"publish","type":"page","link":"https:\/\/www.csf.bc.ca\/en\/our-schools\/school-calendars\/","title":{"rendered":"Schools calendars"},"content":{"rendered":"\n<section id=\"header-block_629a1e45ca91c\" class=\"block block-header --right\">\n    <div class=\"container\">\n        <div class=\"flow\" data-sal=\"slide-right\" data-sal-duration=\"500\">\n            \n\n<h1 class=\"wp-block-heading\">Schools calendars<\/h1>\n\n\n        <\/div>\n    <\/div>\n    <div class=\"bg\" data-sal=\"fade\" data-sal-duartion=\"500\" style=\"background-image: url('https:\/\/www.csf.bc.ca\/wp-content\/uploads\/2022\/05\/membres-header.jpg');\"><\/div>\n<\/section>\n\n\n<h2 class=\"wp-block-heading\">From the following dropdown, select the school for which\u00a0you wish to view\u00a0the calendar.<\/h2>\n\n\n<section class=\"block-calendrier-scolaire\">\n\n            \n        <select id=\"calendriers-ecoles\" name=\"ecoles\" onchange=\"window.open(this.options[this.selectedIndex].value,'_blank')\" >\n            <option selected=\"selected\" value=\"\">School&#8217;s Web site<\/option>\n            \n                                        <option value=\"https:\/\/sophiemorigeau.csf.bc.ca\/nouvelles-2\/calendrier-scolaire\/\">SOPHIE-MORIGEAU<\/option>\n                                                    <option value=\"https:\/\/septsommets.csf.bc.ca\/nouvelles\/calendrier-scolaire\/\">DES SEPT-SOMMETS<\/option>\n                                                    <option value=\"https:\/\/sentiersalpins.csf.bc.ca\/nouvelles\/calendriers\/calendrier-scolaire\/\">DES SENTIERS-ALPINS \/ SECONDAIRE DE NELSON<\/option>\n                                                    <option value=\"https:\/\/rosedesvents.csf.bc.ca\/nouvelles\/calendrier-scolaire\/\">ROSE-DES-VENTS<\/option>\n                                                    <option value=\"https:\/\/pemberton.csf.bc.ca\/nouvelles\/calendrier-scolaire\/\">LA VALL\u00c9E<\/option>\n                                                    <option value=\"https:\/\/passerelle.csf.bc.ca\/nouvelles\/calendrier-scolaire\/\">LA PASSERELLE<\/option>\n                                                    <option value=\"https:\/\/pacifique.csf.bc.ca\/nouvelles\/calendrier-scolaire\/\">DU PACIFIQUE \/ SECONDAIRE CHATELECH<\/option>\n                                                    <option value=\"https:\/\/oceane.csf.bc.ca\/nouvelles\/calendrier-scolaire-oceane\/\">OC\u00c9ANE \/ SECONDAIRE DE NANAIMO<\/option>\n                                                    <option value=\"https:\/\/norvalmorrisseau.csf.bc.ca\/nouvelles-2\/calendrier-scolaire\/\">NORVAL-MORRISSEAU<\/option>\n                                                    <option value=\"https:\/\/navigateurs.csf.bc.ca\/nouvelles\/calendrier-scolaire\/\">DES NAVIGATEURS<\/option>\n                                                    <option value=\"https:\/\/meretmontagne.csf.bc.ca\/nouvelles\/calendrier-scolaire\/\">MER-ET-MONTAGNE \/ SECONDAIRE CARIHI<\/option>\n                                                    <option value=\"http:\/\/lagrandeourse.csf.bc.ca\/nouvelles-2\/calendrier-scolaire\/\">LA GRANDE-OURSE<\/option>\n                                                    <option value=\"https:\/\/laconfluence.csf.bc.ca\/nouvelles-2\/calendrier-scolaire\/\">LA CONFLUENCE<\/option>\n                                                    <option value=\"https:\/\/kimberley.csf.bc.ca\/nouvelles-2\/calendrier-scolaire\/\">LES M\u00c9L\u00c8ZES-DOR\u00c9S<\/option>\n                                                    <option value=\"https:\/\/julesverne.csf.bc.ca\/nouvelles\/calendrier-scolaire\/\">JULES-VERNE<\/option>\n                                                    <option value=\"https:\/\/cinqsaumons.csf.bc.ca\/nouvelles\/calendrier-scolaire\/\">DES CINQ-SAUMONS<\/option>\n                                                    <option value=\"https:\/\/grandscedres.csf.bc.ca\/vie-scolaire\/calendrier-scolaire\/\">DES GRANDS-C\u00c8DRES<\/option>\n                                                    <option value=\"https:\/\/glaciers.csf.bc.ca\/nouvelles\/calendrier-scolaire\/\">DES GLACIERS \/ SECONDAIRE DE REVELSTOKE<\/option>\n                                                    <option value=\"https:\/\/entrelacs.csf.bc.ca\/nouvelles\/calendrier-scolaire\/\">ENTRE-LACS \/ SECONDAIRE DE PENTICTON<\/option>\n                                                    <option value=\"https:\/\/colibris.csf.bc.ca\/nouvelles-2\/calendrier-scolaire\/\">DES COLIBRIS<\/option>\n                                                    <option value=\"https:\/\/cascades.csf.bc.ca\/nouvelles-2\/calendrier-scolaire\/\">DES CASCADES<\/option>\n                                                    <option value=\"https:\/\/beausoleil.csf.bc.ca\/nouvelles-2\/calendrier-scolaire\/\">BEAUSOLEIL<\/option>\n                                                    <option value=\"https:\/\/aiglons.csf.bc.ca\/nouvelles\/calendrier-scolaire\/\">LES AIGLONS<\/option>\n                                                    <option value=\"https:\/\/cotedusoleil.csf.bc.ca\/nouvelles\/calendrier-scolaire\/\">C\u00d4TE-DU-SOLEIL \/ BROOKS<\/option>\n                                                    <option value=\"https:\/\/andrepiolat.csf.bc.ca\/notre-ecole\/calendrier-scolaire\/\">ANDR\u00c9-PIOLAT<\/option>\n                                                    <option value=\"https:\/\/annehebert.csf.bc.ca\/notre-ecole\/calendrier-scolaire\/\">ANNE-H\u00c9BERT<\/option>\n                                                    <option value=\"https:\/\/franconord.csf.bc.ca\/nouvelles\/calendrier-scolaire\/\">FRANCO-NORD \/ DUCHESS PARK SECONDARY<\/option>\n                                                    <option value=\"https:\/\/aucoeurdelile.csf.bc.ca\/nouvelles\/calendrier-scolaire\/\">AU-C\u0152UR-DE-L\u2019\u00ceLE<\/option>\n                                                    <option value=\"https:\/\/brodeur.csf.bc.ca\/nouvelles\/calendrier-scolaire\/\">VICTOR-BRODEUR<\/option>\n                                                    <option value=\"https:\/\/collinesdor.csf.bc.ca\/nouvelles\/calendrier-scolaire\/\">COLLINES-D\u2019OR \/ KAMLOOPS SECONDARY<\/option>\n                                                    <option value=\"https:\/\/anseausable.csf.bc.ca\/nouvelles\/calendrier-scolaire\/\">DE L\u2019ANSE-AU-SABLE<\/option>\n                                                    <option value=\"https:\/\/pionniers.csf.bc.ca\/nouvelles\/calendrier-scolaire\/\">DES PIONNIERS-DE-MAILLARDVILLE<\/option>\n                                                    <option value=\"https:\/\/voyageurs.csf.bc.ca\/nouvelles\/calendrier-scolaire\/\">DES VOYAGEURS<\/option>\n                                                    <option value=\"https:\/\/deuxrives.csf.bc.ca\/nouvelles\/calendrier-scolaire\/\">DES DEUX-RIVES<\/option>\n                                                    <option value=\"https:\/\/verendrye.csf.bc.ca\/nouvelles\/calendrier-scolaire\/\">LA V\u00c9RENDRYE<\/option>\n                                                    <option value=\"https:\/\/gabrielleroy.csf.bc.ca\/nouvelles\/calendrier-scolaire\/\">GABRIELLE-ROY<\/option>\n                                                    <option value=\"https:\/\/boisjoli.csf.bc.ca\/nouvelles\/calendrier-scolaire\/\">DU BOIS-JOLI<\/option>\n                                                    <option value=\"https:\/\/ecolevirtuelle.csf.bc.ca\/nouvelles-2\/calendrier-scolaire\/\">\u00c9COLE VIRTUELLE<\/option>\n                                <\/select>\n    \n<\/section>","protected":false},"excerpt":{"rendered":"<p>From the following dropdown, select the school for which\u00a0you wish to view\u00a0the calendar.<\/p>\n","protected":false},"author":1,"featured_media":0,"parent":2993,"menu_order":0,"comment_status":"closed","ping_status":"closed","template":"","meta":{"_acf_changed":false,"footnotes":""},"class_list":["post-2859","page","type-page","status-publish","hentry"],"acf":[],"yoast_head":"<!-- This site is optimized with the Yoast SEO plugin v26.5 - https:\/\/yoast.com\/wordpress\/plugins\/seo\/ -->\n<title>Schools calendars | Conseil scolaire francophone de la Colombie-Britannique<\/title>\n<meta name=\"robots\" content=\"index, follow, max-snippet:-1, max-image-preview:large, max-video-preview:-1\" \/>\n<link rel=\"canonical\" href=\"https:\/\/www.csf.bc.ca\/en\/our-schools\/school-calendars\/\" \/>\n<meta property=\"og:locale\" content=\"en_US\" \/>\n<meta property=\"og:type\" content=\"article\" \/>\n<meta property=\"og:title\" content=\"Schools calendars | Conseil scolaire francophone de la Colombie-Britannique\" \/>\n<meta property=\"og:description\" content=\"From the following dropdown, select the school for which\u00a0you wish to view\u00a0the calendar.\" \/>\n<meta property=\"og:url\" content=\"https:\/\/www.csf.bc.ca\/en\/our-schools\/school-calendars\/\" \/>\n<meta property=\"og:site_name\" content=\"Conseil scolaire francophone de la Colombie-Britannique\" \/>\n<meta property=\"article:modified_time\" content=\"2022-08-25T00:18:36+00:00\" \/>\n<meta property=\"og:image\" content=\"https:\/\/www.csf.bc.ca\/wp-content\/uploads\/2022\/08\/csf-og-partage.jpg\" \/>\n\t<meta property=\"og:image:width\" content=\"1200\" \/>\n\t<meta property=\"og:image:height\" content=\"630\" \/>\n\t<meta property=\"og:image:type\" content=\"image\/jpeg\" \/>\n<meta name=\"twitter:card\" content=\"summary_large_image\" \/>\n<meta name=\"twitter:label1\" content=\"Est. reading time\" \/>\n\t<meta name=\"twitter:data1\" content=\"1 minute\" \/>\n<script type=\"application\/ld+json\" class=\"yoast-schema-graph\">{\"@context\":\"https:\/\/schema.org\",\"@graph\":[{\"@type\":\"WebPage\",\"@id\":\"https:\/\/www.csf.bc.ca\/en\/our-schools\/school-calendars\/\",\"url\":\"https:\/\/www.csf.bc.ca\/en\/our-schools\/school-calendars\/\",\"name\":\"Schools calendars | Conseil scolaire francophone de la Colombie-Britannique\",\"isPartOf\":{\"@id\":\"https:\/\/www.csf.bc.ca\/en\/#website\"},\"datePublished\":\"2022-06-03T14:45:58+00:00\",\"dateModified\":\"2022-08-25T00:18:36+00:00\",\"breadcrumb\":{\"@id\":\"https:\/\/www.csf.bc.ca\/en\/our-schools\/school-calendars\/#breadcrumb\"},\"inLanguage\":\"en-US\",\"potentialAction\":[{\"@type\":\"ReadAction\",\"target\":[\"https:\/\/www.csf.bc.ca\/en\/our-schools\/school-calendars\/\"]}]},{\"@type\":\"BreadcrumbList\",\"@id\":\"https:\/\/www.csf.bc.ca\/en\/our-schools\/school-calendars\/#breadcrumb\",\"itemListElement\":[{\"@type\":\"ListItem\",\"position\":1,\"name\":\"Home\",\"item\":\"https:\/\/www.csf.bc.ca\/en\/\"},{\"@type\":\"ListItem\",\"position\":2,\"name\":\"Our schools\",\"item\":\"https:\/\/www.csf.bc.ca\/en\/our-schools\/\"},{\"@type\":\"ListItem\",\"position\":3,\"name\":\"Schools calendars\"}]},{\"@type\":\"WebSite\",\"@id\":\"https:\/\/www.csf.bc.ca\/en\/#website\",\"url\":\"https:\/\/www.csf.bc.ca\/en\/\",\"name\":\"Conseil scolaire francophone de la Colombie-Britannique\",\"description\":\"CSF\",\"publisher\":{\"@id\":\"https:\/\/www.csf.bc.ca\/en\/#organization\"},\"potentialAction\":[{\"@type\":\"SearchAction\",\"target\":{\"@type\":\"EntryPoint\",\"urlTemplate\":\"https:\/\/www.csf.bc.ca\/en\/?s={search_term_string}\"},\"query-input\":{\"@type\":\"PropertyValueSpecification\",\"valueRequired\":true,\"valueName\":\"search_term_string\"}}],\"inLanguage\":\"en-US\"},{\"@type\":\"Organization\",\"@id\":\"https:\/\/www.csf.bc.ca\/en\/#organization\",\"name\":\"Conseil scolaire francophone de la Colombie-Britannique\",\"url\":\"https:\/\/www.csf.bc.ca\/en\/\",\"logo\":{\"@type\":\"ImageObject\",\"inLanguage\":\"en-US\",\"@id\":\"https:\/\/www.csf.bc.ca\/en\/#\/schema\/logo\/image\/\",\"url\":\"https:\/\/www.csf.bc.ca\/wp-content\/uploads\/2022\/05\/csf-logoHoriz-desc-court-coul.svg\",\"contentUrl\":\"https:\/\/www.csf.bc.ca\/wp-content\/uploads\/2022\/05\/csf-logoHoriz-desc-court-coul.svg\",\"width\":842,\"height\":205,\"caption\":\"Conseil scolaire francophone de la Colombie-Britannique\"},\"image\":{\"@id\":\"https:\/\/www.csf.bc.ca\/en\/#\/schema\/logo\/image\/\"}}]}<\/script>\n<!-- \/ Yoast SEO plugin. -->","yoast_head_json":{"title":"Schools calendars | Conseil scolaire francophone de la Colombie-Britannique","robots":{"index":"index","follow":"follow","max-snippet":"max-snippet:-1","max-image-preview":"max-image-preview:large","max-video-preview":"max-video-preview:-1"},"canonical":"https:\/\/www.csf.bc.ca\/en\/our-schools\/school-calendars\/","og_locale":"en_US","og_type":"article","og_title":"Schools calendars | Conseil scolaire francophone de la Colombie-Britannique","og_description":"From the following dropdown, select the school for which\u00a0you wish to view\u00a0the calendar.","og_url":"https:\/\/www.csf.bc.ca\/en\/our-schools\/school-calendars\/","og_site_name":"Conseil scolaire francophone de la Colombie-Britannique","article_modified_time":"2022-08-25T00:18:36+00:00","og_image":[{"width":1200,"height":630,"url":"https:\/\/www.csf.bc.ca\/wp-content\/uploads\/2022\/08\/csf-og-partage.jpg","type":"image\/jpeg"}],"twitter_card":"summary_large_image","twitter_misc":{"Est. reading time":"1 minute"},"schema":{"@context":"https:\/\/schema.org","@graph":[{"@type":"WebPage","@id":"https:\/\/www.csf.bc.ca\/en\/our-schools\/school-calendars\/","url":"https:\/\/www.csf.bc.ca\/en\/our-schools\/school-calendars\/","name":"Schools calendars | Conseil scolaire francophone de la Colombie-Britannique","isPartOf":{"@id":"https:\/\/www.csf.bc.ca\/en\/#website"},"datePublished":"2022-06-03T14:45:58+00:00","dateModified":"2022-08-25T00:18:36+00:00","breadcrumb":{"@id":"https:\/\/www.csf.bc.ca\/en\/our-schools\/school-calendars\/#breadcrumb"},"inLanguage":"en-US","potentialAction":[{"@type":"ReadAction","target":["https:\/\/www.csf.bc.ca\/en\/our-schools\/school-calendars\/"]}]},{"@type":"BreadcrumbList","@id":"https:\/\/www.csf.bc.ca\/en\/our-schools\/school-calendars\/#breadcrumb","itemListElement":[{"@type":"ListItem","position":1,"name":"Home","item":"https:\/\/www.csf.bc.ca\/en\/"},{"@type":"ListItem","position":2,"name":"Our schools","item":"https:\/\/www.csf.bc.ca\/en\/our-schools\/"},{"@type":"ListItem","position":3,"name":"Schools calendars"}]},{"@type":"WebSite","@id":"https:\/\/www.csf.bc.ca\/en\/#website","url":"https:\/\/www.csf.bc.ca\/en\/","name":"Conseil scolaire francophone de la Colombie-Britannique","description":"CSF","publisher":{"@id":"https:\/\/www.csf.bc.ca\/en\/#organization"},"potentialAction":[{"@type":"SearchAction","target":{"@type":"EntryPoint","urlTemplate":"https:\/\/www.csf.bc.ca\/en\/?s={search_term_string}"},"query-input":{"@type":"PropertyValueSpecification","valueRequired":true,"valueName":"search_term_string"}}],"inLanguage":"en-US"},{"@type":"Organization","@id":"https:\/\/www.csf.bc.ca\/en\/#organization","name":"Conseil scolaire francophone de la Colombie-Britannique","url":"https:\/\/www.csf.bc.ca\/en\/","logo":{"@type":"ImageObject","inLanguage":"en-US","@id":"https:\/\/www.csf.bc.ca\/en\/#\/schema\/logo\/image\/","url":"https:\/\/www.csf.bc.ca\/wp-content\/uploads\/2022\/05\/csf-logoHoriz-desc-court-coul.svg","contentUrl":"https:\/\/www.csf.bc.ca\/wp-content\/uploads\/2022\/05\/csf-logoHoriz-desc-court-coul.svg","width":842,"height":205,"caption":"Conseil scolaire francophone de la Colombie-Britannique"},"image":{"@id":"https:\/\/www.csf.bc.ca\/en\/#\/schema\/logo\/image\/"}}]}},"_links":{"self":[{"href":"https:\/\/www.csf.bc.ca\/en\/wp-json\/wp\/v2\/pages\/2859","targetHints":{"allow":["GET"]}}],"collection":[{"href":"https:\/\/www.csf.bc.ca\/en\/wp-json\/wp\/v2\/pages"}],"about":[{"href":"https:\/\/www.csf.bc.ca\/en\/wp-json\/wp\/v2\/types\/page"}],"author":[{"embeddable":true,"href":"https:\/\/www.csf.bc.ca\/en\/wp-json\/wp\/v2\/users\/1"}],"replies":[{"embeddable":true,"href":"https:\/\/www.csf.bc.ca\/en\/wp-json\/wp\/v2\/comments?post=2859"}],"version-history":[{"count":2,"href":"https:\/\/www.csf.bc.ca\/en\/wp-json\/wp\/v2\/pages\/2859\/revisions"}],"predecessor-version":[{"id":2861,"href":"https:\/\/www.csf.bc.ca\/en\/wp-json\/wp\/v2\/pages\/2859\/revisions\/2861"}],"up":[{"embeddable":true,"href":"https:\/\/www.csf.bc.ca\/en\/wp-json\/wp\/v2\/pages\/2993"}],"wp:attachment":[{"href":"https:\/\/www.csf.bc.ca\/en\/wp-json\/wp\/v2\/media?parent=2859"}],"curies":[{"name":"wp","href":"https:\/\/api.w.org\/{rel}","templated":true}]}}