{"id":2986,"date":"2022-05-23T18:14:17","date_gmt":"2022-05-24T01:14:17","guid":{"rendered":"https:\/\/www.csf.bc.ca\/?page_id=2986"},"modified":"2024-04-18T14:00:21","modified_gmt":"2024-04-18T21:00:21","slug":"news","status":"publish","type":"page","link":"https:\/\/www.csf.bc.ca\/en\/news\/","title":{"rendered":"News"},"content":{"rendered":"<div class=\"block block-news news\">\n\n    <div class=\"news__header\">\n        <div class=\"container\">\n            <div class=\"flow\">\n                <h1>News<\/h1>\n                            <\/div>\n        <\/div>\n    <\/div>\n\n    <div class=\"news__search\">\n        <div class=\"container\">\n            <div class=\"box\">\n\n                <p class=\"h2\">\n                    Search filters                    <span id=\"wave\">\n                        <span class=\"dot\"><\/span>\n                        <span class=\"dot\"><\/span>\n                        <span class=\"dot\"><\/span>\n                    <\/span>\n                <\/p>\n\n                <form action=\"https:\/\/www.csf.bc.ca\/wp-admin\/admin-ajax.php\" method=\"POST\" id=\"filter\" class=\"filters\">\n\n                    <input type=\"hidden\" name=\"action\" value=\"myfilter\">\n\n\n                    <div class=\"filters__row\">\n                        <label for=\"keyword\">Search by keyword<\/label>\n                        <div class=\"keyword\">\n                            <input type=\"text\" name=\"keyword\" id=\"keyword\" placeholder=\"Keyword\" value=\"\">\n                            <button><i class=\"far fa-search\"><\/i><\/button>\n                        <\/div>\n                    <\/div>\n\n                    <div class=\"filters__row\">\n                        <label for=\"annee\">Year<\/label>\n                        <select name=\"yearfilter\">\n                            <option value=\"\">Select<\/option>\n\t\t\t\t\t\t\t<option value=\"2026\">2026<\/option><option value=\"2025\">2025<\/option><option value=\"2024\">2024<\/option><option value=\"2023\">2023<\/option><option value=\"2022\">2022<\/option><option value=\"2021\">2021<\/option><option value=\"2020\">2020<\/option><option value=\"2019\">2019<\/option><option value=\"2018\">2018<\/option><option value=\"2017\">2017<\/option><option value=\"2016\">2016<\/option><option value=\"2015\">2015<\/option><option value=\"2014\">2014<\/option><option value=\"2013\">2013<\/option><option value=\"2012\">2012<\/option>                        <\/select>\n                    <\/div>\n\n                    <div class=\"filters__row\">\n                        <label for=\"category\">Category<\/label>\n                        <select name=\"categoryfilter\"><option value=\"\">Select<\/option><option value=\"90\">Quoi de neuf<\/option><option value=\"106\">Deux-rives<\/option><option value=\"122\">Anne-H\u00e9bert<\/option><option value=\"91\">R\u00e9fection sismique<\/option><option value=\"107\">La V\u00e9rendrye<\/option><option value=\"123\">Sant\u00e9<\/option><option value=\"150\">Communaut\u00e9<\/option><option value=\"92\">Bureau central<\/option><option value=\"108\">Sept-sommets<\/option><option value=\"124\">Sundance<\/option><option value=\"156\">Sant\u00e9 et s\u00e9curit\u00e9<\/option><option value=\"93\">Jules-Verne<\/option><option value=\"109\">Mer-et-montagne\/Carihi<\/option><option value=\"125\">Stages de leadership<\/option><option value=\"94\">Rose-des-vents<\/option><option value=\"110\">Ecole virtuelle<\/option><option value=\"126\">#CSFPartenariat<\/option><option value=\"95\">#\u00c9coleEngag\u00e9e<\/option><option value=\"111\">du Bois-Joli<\/option><option value=\"127\">Franco-nord<\/option><option value=\"96\">Navigateurs<\/option><option value=\"112\">Sentiers-Alpins<\/option><option value=\"128\">La Vall\u00e9e<\/option><option value=\"97\">Voyages CSF<\/option><option value=\"113\">4 ans<\/option><option value=\"129\">des Grands-c\u00e8dres<\/option><option value=\"98\">Anse-au-sable<\/option><option value=\"114\">CSF2021<\/option><option value=\"130\">Campagne #Mon\u00e9ducationNotredroit<\/option><option value=\"47\">Uncategorized<\/option><option value=\"99\">Pionniers-de-Maillardville<\/option><option value=\"115\">News<\/option><option value=\"131\">transport<\/option><option value=\"84\">Nouvelles<\/option><option value=\"100\">du Pacifique<\/option><option value=\"116\">Victor-Brodeur<\/option><option value=\"132\">Golden<\/option><option value=\"85\">Coups de c\u0153ur<\/option><option value=\"101\">Au-coeur-de-l&#8217;\u00cele<\/option><option value=\"117\">C\u00f4te-du-soleil<\/option><option value=\"133\">Beausoleil<\/option><option value=\"86\">Contestation juridique<\/option><option value=\"102\">Andr\u00e9-Piolat<\/option><option value=\"118\">Gabrielle-Roy<\/option><option value=\"134\">PAD<\/option><option value=\"87\">Conseil administration<\/option><option value=\"103\">des Glaciers<\/option><option value=\"119\">Les Voyageurs<\/option><option value=\"88\">Communiqu\u00e9s<\/option><option value=\"104\">des Voyageurs<\/option><option value=\"120\">Oc\u00e9ane<\/option><option value=\"89\">\u00c9tudes autochtones<\/option><option value=\"105\">Sophie-Morigeau<\/option><option value=\"121\">Les Aiglons<\/option><\/select>                    <\/div>\n\n                <\/form>\n\n            <\/div>\n        <\/div>\n    <\/div>\n\n    \n    <div class=\"news__loop\">\n        <div class=\"container --large\">\n            <div class=\"cards\" id=\"response\">\n\n                \n                    <div class=\"card\">\n                        <span class=\"card__tag\">Petite enfance<\/span>                        <figure class=\"card__featured\">\n                            <img loading=\"lazy\" decoding=\"async\" width=\"500\" height=\"360\" src=\"https:\/\/www.csf.bc.ca\/wp-content\/uploads\/2023\/09\/iStock-1130065303-500x360.jpg\" class=\"attachment-csf-nouvelles size-csf-nouvelles wp-post-image\" alt=\"\" \/>                        <\/figure>\n                        <div class=\"card__content flow\">\n                            <time class=\"date\">2 April 2026<\/time>\n                            <h3>Les orthophonistes du CSF t\u00e9moignent dans un reportage de Radio-Canada<\/h3>\n                            <p>Transmettre la langue fran\u00e7aise \u00e0 ses enfants, en contexte minoritaire, est un d\u00e9fi de taille [&hellip;]<\/p>\n                        <\/div>\n                        <div class=\"card__link\">\n                            <a href=\"https:\/\/www.csf.bc.ca\/en\/2026\/04\/02\/les-orthophonistes-du-csf-temoignent-dans-un-reportage-de-radio-canada\/\">Read more <i class=\"far fa-arrow-right\"><\/i><\/a>\n                        <\/div>\n                    <\/div>\n\n                \n                    <div class=\"card\">\n                        <span class=\"card__tag\">Communaut\u00e9<\/span>                        <figure class=\"card__featured\">\n                            <img loading=\"lazy\" decoding=\"async\" width=\"500\" height=\"360\" src=\"https:\/\/www.csf.bc.ca\/wp-content\/uploads\/2025\/01\/src_oniva_ott_program_v01-500x360.png\" class=\"attachment-csf-nouvelles size-csf-nouvelles wp-post-image\" alt=\"\" \/>                        <\/figure>\n                        <div class=\"card__content flow\">\n                            <time class=\"date\">31 March 2026<\/time>\n                            <h3>Les \u00e9l\u00e8ves de l&#8217;\u00e9cole des Colibris et des Voyageurs de passage \u00e0 l&#8217;\u00e9mission ONIVA!<\/h3>\n                            <p>Les \u00e9l\u00e8ves de l&#8217;\u00e9cole des Colibris et des Voyageurs ont particip\u00e9 \u00e0 deux \u00e9pisodes de [&hellip;]<\/p>\n                        <\/div>\n                        <div class=\"card__link\">\n                            <a href=\"https:\/\/www.csf.bc.ca\/en\/2026\/03\/31\/les-eleves-de-lecole-des-colibris-et-des-voyageurs-de-passage-a-lemission-oniva\/\">Read more <i class=\"far fa-arrow-right\"><\/i><\/a>\n                        <\/div>\n                    <\/div>\n\n                \n                    <div class=\"card\">\n                        <span class=\"card__tag\">Communaut\u00e9<\/span>                        <figure class=\"card__featured\">\n                            <img loading=\"lazy\" decoding=\"async\" width=\"500\" height=\"360\" src=\"https:\/\/www.csf.bc.ca\/wp-content\/uploads\/2026\/03\/iStock-1130065303-2-2-500x360.jpg\" class=\"attachment-csf-nouvelles size-csf-nouvelles wp-post-image\" alt=\"\" \/>                        <\/figure>\n                        <div class=\"card__content flow\">\n                            <time class=\"date\">30 March 2026<\/time>\n                            <h3>L\u2019\u00e9cole Gabrielle-Roy \u00e0 l\u2019honneur dans la presse locale<\/h3>\n                            <p>Pier-Maude Lachance, direction adjointe de l\u2019\u00e9cole Gabrielle-Roy \u00e0 Surrey, a accueilli un journaliste du&nbsp;Surrey Leader [&hellip;]<\/p>\n                        <\/div>\n                        <div class=\"card__link\">\n                            <a href=\"https:\/\/www.csf.bc.ca\/en\/2026\/03\/30\/lecole-gabrielle-roy-a-lhonneur-dans-la-presse-locale\/\">Read more <i class=\"far fa-arrow-right\"><\/i><\/a>\n                        <\/div>\n                    <\/div>\n\n                \n                    <div class=\"card\">\n                        <span class=\"card__tag\">Communaut\u00e9<\/span>                        <figure class=\"card__featured\">\n                            <img loading=\"lazy\" decoding=\"async\" width=\"500\" height=\"360\" src=\"https:\/\/www.csf.bc.ca\/wp-content\/uploads\/2026\/03\/IMG_5302-500x360.jpeg\" class=\"attachment-csf-nouvelles size-csf-nouvelles wp-post-image\" alt=\"\" \/>                        <\/figure>\n                        <div class=\"card__content flow\">\n                            <time class=\"date\">19 March 2026<\/time>\n                            <h3>Le drapeau franco-colombien \u00e0\u00a0l\u2019A\u00e9roport\u00a0international de Victoria pour le Mois de la\u00a0Francophonie<\/h3>\n                            <p>Victoria, Colombie-Britannique, 19 mars&nbsp;\u2014 \u00c0 l\u2019occasion du Mois de la Francophonie, l\u2019A\u00e9roport international de Victoria [&hellip;]<\/p>\n                        <\/div>\n                        <div class=\"card__link\">\n                            <a href=\"https:\/\/www.csf.bc.ca\/en\/2026\/03\/19\/le-drapeau-franco-colombien-a-laeroport-international-de-victoria-pour-le-mois-de-la-francophonie\/\">Read more <i class=\"far fa-arrow-right\"><\/i><\/a>\n                        <\/div>\n                    <\/div>\n\n                \n                    <div class=\"card\">\n                        <span class=\"card__tag\">Projets<\/span>                        <figure class=\"card__featured\">\n                            <img loading=\"lazy\" decoding=\"async\" width=\"500\" height=\"360\" src=\"https:\/\/www.csf.bc.ca\/wp-content\/uploads\/2026\/03\/DSC_6645-500x360.jpg\" class=\"attachment-csf-nouvelles size-csf-nouvelles wp-post-image\" alt=\"\" \/>                        <\/figure>\n                        <div class=\"card__content flow\">\n                            <time class=\"date\">18 March 2026<\/time>\n                            <h3>Une grande premi\u00e8re \u00e0 Penticton : l\u2019\u00e9cole\u00a0Entre-lacs\u00a0c\u00e9l\u00e8bre la francophonie avec le Festival de l\u2019\u00e9rable\u00a0<\/h3>\n                            <p>Le 7 mars dernier, l\u2019\u00e9cole&nbsp;Entre-lacs&nbsp;de Penticton a accueilli, pour la premi\u00e8re fois dans le Sud [&hellip;]<\/p>\n                        <\/div>\n                        <div class=\"card__link\">\n                            <a href=\"https:\/\/www.csf.bc.ca\/en\/2026\/03\/18\/une-grande-premiere-a-penticton-lecole-entre-lacs-celebre-la-francophonie-avec-le-festival-de-lerable\/\">Read more <i class=\"far fa-arrow-right\"><\/i><\/a>\n                        <\/div>\n                    <\/div>\n\n                \n                    <div class=\"card\">\n                        <span class=\"card__tag\">Communaut\u00e9<\/span>                        <figure class=\"card__featured\">\n                            <img loading=\"lazy\" decoding=\"async\" width=\"500\" height=\"360\" src=\"https:\/\/www.csf.bc.ca\/wp-content\/uploads\/2026\/03\/DSCF8585-scaled-e1773338210449-500x360.jpg\" class=\"attachment-csf-nouvelles size-csf-nouvelles wp-post-image\" alt=\"\" \/>                        <\/figure>\n                        <div class=\"card__content flow\">\n                            <time class=\"date\">12 March 2026<\/time>\n                            <h3>Le CSF souligne la journ\u00e9e de la proclamation de la Francophonie<\/h3>\n                            <p>Le 12 mars, la communaut\u00e9 francophone s\u2019est r\u00e9unie en nombre \u00e0 Victoria pour c\u00e9l\u00e9brer la [&hellip;]<\/p>\n                        <\/div>\n                        <div class=\"card__link\">\n                            <a href=\"https:\/\/www.csf.bc.ca\/en\/2026\/03\/12\/le-csf-souligne-la-journee-de-la-proclamation-de-la-francophonie\/\">Read more <i class=\"far fa-arrow-right\"><\/i><\/a>\n                        <\/div>\n                    <\/div>\n\n                \n                    <div class=\"card\">\n                        <span class=\"card__tag\">Projets<\/span>                        <figure class=\"card__featured\">\n                            <img loading=\"lazy\" decoding=\"async\" width=\"500\" height=\"360\" src=\"https:\/\/www.csf.bc.ca\/wp-content\/uploads\/2026\/02\/981BF7D1-5746-4F91-AC6D-E19DBA25C265-1-500x360.png\" class=\"attachment-csf-nouvelles size-csf-nouvelles wp-post-image\" alt=\"\" \/>                        <\/figure>\n                        <div class=\"card__content flow\">\n                            <time class=\"date\">27 February 2026<\/time>\n                            <h3>\u00a0Des voix qui font rayonner la francophonie \u00e0\u00a0Smithers<\/h3>\n                            <p>\u00c0&nbsp;Smithers, au c\u0153ur d\u2019un paysage inspirant, les \u00e9l\u00e8ves de l\u2019\u00e9cole La Grande-ourse&nbsp;font vibrer la francophonie [&hellip;]<\/p>\n                        <\/div>\n                        <div class=\"card__link\">\n                            <a href=\"https:\/\/www.csf.bc.ca\/en\/2026\/02\/27\/des-voix-qui-font-rayonner-la-francophonie-a-smithers\/\">Read more <i class=\"far fa-arrow-right\"><\/i><\/a>\n                        <\/div>\n                    <\/div>\n\n                \n                    <div class=\"card\">\n                        <span class=\"card__tag\">\u00c9quit\u00e9<\/span>                        <figure class=\"card__featured\">\n                            <img loading=\"lazy\" decoding=\"async\" width=\"500\" height=\"360\" src=\"https:\/\/www.csf.bc.ca\/wp-content\/uploads\/2026\/02\/BHM-2026-facebook-1200x674-2-500x360.jpg\" class=\"attachment-csf-nouvelles size-csf-nouvelles wp-post-image\" alt=\"\" \/>                        <\/figure>\n                        <div class=\"card__content flow\">\n                            <time class=\"date\">27 February 2026<\/time>\n                            <h3>Le Mois de l\u2019histoire des personnes Noires au CSF<\/h3>\n                            <p>Chaque mois de f\u00e9vrier, le Mois de l\u2019histoire des personnes Noires (MHPN) invite \u00e0 reconna\u00eetre [&hellip;]<\/p>\n                        <\/div>\n                        <div class=\"card__link\">\n                            <a href=\"https:\/\/www.csf.bc.ca\/en\/2026\/02\/27\/le-mois-de-lhistoire-des-personnes-noires-au-csf\/\">Read more <i class=\"far fa-arrow-right\"><\/i><\/a>\n                        <\/div>\n                    <\/div>\n\n                \n                    <div class=\"card\">\n                        <span class=\"card__tag\">Inclusion<\/span>                        <figure class=\"card__featured\">\n                            <img loading=\"lazy\" decoding=\"async\" width=\"500\" height=\"360\" src=\"https:\/\/www.csf.bc.ca\/wp-content\/uploads\/2026\/02\/643362428_122273585030200396_2418624707696669450_n-500x360.jpg\" class=\"attachment-csf-nouvelles size-csf-nouvelles wp-post-image\" alt=\"\" \/>                        <\/figure>\n                        <div class=\"card__content flow\">\n                            <time class=\"date\">25 February 2026<\/time>\n                            <h3>Ensemble contre l\u2019intimidation :\u00a0Journ\u00e9e du chandail rose dans les \u00e9coles<\/h3>\n                            <p>Chaque ann\u00e9e, la Journ\u00e9e du chandail rose rappelle l\u2019importance de la gentillesse, du respect et [&hellip;]<\/p>\n                        <\/div>\n                        <div class=\"card__link\">\n                            <a href=\"https:\/\/www.csf.bc.ca\/en\/2026\/02\/25\/ensemble-contre-lintimidation-journee-du-chandail-rose-dans-les-ecoles\/\">Read more <i class=\"far fa-arrow-right\"><\/i><\/a>\n                        <\/div>\n                    <\/div>\n\n                \n            <\/div>\n        <\/div>\n    <\/div>\n\n    <div class=\"news__pagination\">\n        <span aria-current=\"page\" class=\"page-numbers current\"><span class=\"meta-nav screen-reader-text\">Page <\/span>1<\/span>\n<a class=\"page-numbers\" href=\"https:\/\/www.csf.bc.ca\/en\/wp-json\/wp\/v2\/pages\/2986\/page\/2\/\"><span class=\"meta-nav screen-reader-text\">Page <\/span>2<\/a>\n<a class=\"page-numbers\" href=\"https:\/\/www.csf.bc.ca\/en\/wp-json\/wp\/v2\/pages\/2986\/page\/3\/\"><span class=\"meta-nav screen-reader-text\">Page <\/span>3<\/a>\n<span class=\"page-numbers dots\">&hellip;<\/span>\n<a class=\"page-numbers\" href=\"https:\/\/www.csf.bc.ca\/en\/wp-json\/wp\/v2\/pages\/2986\/page\/108\/\"><span class=\"meta-nav screen-reader-text\">Page <\/span>108<\/a>\n<a class=\"next page-numbers\" href=\"https:\/\/www.csf.bc.ca\/en\/wp-json\/wp\/v2\/pages\/2986\/page\/2\/\"><span class=\"screen-reader-text\">Next page<\/span> <i class=\"far fa-arrow-right\"><\/i><\/a>    <\/div>\n\n    \n    <span class=\"line line-a\"><\/span>\n    <span class=\"line line-b\"><\/span>\n    <span class=\"line line-c\"><\/span>\n    <span class=\"line line-d\"><\/span>\n    <span class=\"line line-e\"><\/span>\n\n<\/div>\n","protected":false},"excerpt":{"rendered":"","protected":false},"author":1,"featured_media":0,"parent":0,"menu_order":10,"comment_status":"closed","ping_status":"closed","template":"","meta":{"_acf_changed":false,"footnotes":""},"class_list":["post-2986","page","type-page","status-publish","hentry"],"acf":[],"yoast_head":"<!-- This site is optimized with the Yoast SEO plugin v26.5 - https:\/\/yoast.com\/wordpress\/plugins\/seo\/ -->\n<title>News | Conseil scolaire francophone de la Colombie-Britannique<\/title>\n<meta name=\"robots\" content=\"index, follow, max-snippet:-1, max-image-preview:large, max-video-preview:-1\" \/>\n<link rel=\"canonical\" href=\"https:\/\/www.csf.bc.ca\/en\/news\/\" \/>\n<meta property=\"og:locale\" content=\"en_US\" \/>\n<meta property=\"og:type\" content=\"article\" \/>\n<meta property=\"og:title\" content=\"News | Conseil scolaire francophone de la Colombie-Britannique\" \/>\n<meta property=\"og:url\" content=\"https:\/\/www.csf.bc.ca\/en\/news\/\" \/>\n<meta property=\"og:site_name\" content=\"Conseil scolaire francophone de la Colombie-Britannique\" \/>\n<meta property=\"article:modified_time\" content=\"2024-04-18T21:00:21+00:00\" \/>\n<meta property=\"og:image\" content=\"https:\/\/www.csf.bc.ca\/wp-content\/uploads\/2022\/08\/csf-og-partage.jpg\" \/>\n\t<meta property=\"og:image:width\" content=\"1200\" \/>\n\t<meta property=\"og:image:height\" content=\"630\" \/>\n\t<meta property=\"og:image:type\" content=\"image\/jpeg\" \/>\n<meta name=\"twitter:card\" content=\"summary_large_image\" \/>\n<script type=\"application\/ld+json\" class=\"yoast-schema-graph\">{\"@context\":\"https:\/\/schema.org\",\"@graph\":[{\"@type\":\"WebPage\",\"@id\":\"https:\/\/www.csf.bc.ca\/en\/news\/\",\"url\":\"https:\/\/www.csf.bc.ca\/en\/news\/\",\"name\":\"News | Conseil scolaire francophone de la Colombie-Britannique\",\"isPartOf\":{\"@id\":\"https:\/\/www.csf.bc.ca\/en\/#website\"},\"datePublished\":\"2022-05-24T01:14:17+00:00\",\"dateModified\":\"2024-04-18T21:00:21+00:00\",\"breadcrumb\":{\"@id\":\"https:\/\/www.csf.bc.ca\/en\/news\/#breadcrumb\"},\"inLanguage\":\"en-US\",\"potentialAction\":[{\"@type\":\"ReadAction\",\"target\":[\"https:\/\/www.csf.bc.ca\/en\/news\/\"]}]},{\"@type\":\"BreadcrumbList\",\"@id\":\"https:\/\/www.csf.bc.ca\/en\/news\/#breadcrumb\",\"itemListElement\":[{\"@type\":\"ListItem\",\"position\":1,\"name\":\"Home\",\"item\":\"https:\/\/www.csf.bc.ca\/en\/\"},{\"@type\":\"ListItem\",\"position\":2,\"name\":\"News\"}]},{\"@type\":\"WebSite\",\"@id\":\"https:\/\/www.csf.bc.ca\/en\/#website\",\"url\":\"https:\/\/www.csf.bc.ca\/en\/\",\"name\":\"Conseil scolaire francophone de la Colombie-Britannique\",\"description\":\"CSF\",\"publisher\":{\"@id\":\"https:\/\/www.csf.bc.ca\/en\/#organization\"},\"potentialAction\":[{\"@type\":\"SearchAction\",\"target\":{\"@type\":\"EntryPoint\",\"urlTemplate\":\"https:\/\/www.csf.bc.ca\/en\/?s={search_term_string}\"},\"query-input\":{\"@type\":\"PropertyValueSpecification\",\"valueRequired\":true,\"valueName\":\"search_term_string\"}}],\"inLanguage\":\"en-US\"},{\"@type\":\"Organization\",\"@id\":\"https:\/\/www.csf.bc.ca\/en\/#organization\",\"name\":\"Conseil scolaire francophone de la Colombie-Britannique\",\"url\":\"https:\/\/www.csf.bc.ca\/en\/\",\"logo\":{\"@type\":\"ImageObject\",\"inLanguage\":\"en-US\",\"@id\":\"https:\/\/www.csf.bc.ca\/en\/#\/schema\/logo\/image\/\",\"url\":\"https:\/\/www.csf.bc.ca\/wp-content\/uploads\/2022\/05\/csf-logoHoriz-desc-court-coul.svg\",\"contentUrl\":\"https:\/\/www.csf.bc.ca\/wp-content\/uploads\/2022\/05\/csf-logoHoriz-desc-court-coul.svg\",\"width\":842,\"height\":205,\"caption\":\"Conseil scolaire francophone de la Colombie-Britannique\"},\"image\":{\"@id\":\"https:\/\/www.csf.bc.ca\/en\/#\/schema\/logo\/image\/\"}}]}<\/script>\n<!-- \/ Yoast SEO plugin. -->","yoast_head_json":{"title":"News | Conseil scolaire francophone de la Colombie-Britannique","robots":{"index":"index","follow":"follow","max-snippet":"max-snippet:-1","max-image-preview":"max-image-preview:large","max-video-preview":"max-video-preview:-1"},"canonical":"https:\/\/www.csf.bc.ca\/en\/news\/","og_locale":"en_US","og_type":"article","og_title":"News | Conseil scolaire francophone de la Colombie-Britannique","og_url":"https:\/\/www.csf.bc.ca\/en\/news\/","og_site_name":"Conseil scolaire francophone de la Colombie-Britannique","article_modified_time":"2024-04-18T21:00:21+00:00","og_image":[{"width":1200,"height":630,"url":"https:\/\/www.csf.bc.ca\/wp-content\/uploads\/2022\/08\/csf-og-partage.jpg","type":"image\/jpeg"}],"twitter_card":"summary_large_image","schema":{"@context":"https:\/\/schema.org","@graph":[{"@type":"WebPage","@id":"https:\/\/www.csf.bc.ca\/en\/news\/","url":"https:\/\/www.csf.bc.ca\/en\/news\/","name":"News | Conseil scolaire francophone de la Colombie-Britannique","isPartOf":{"@id":"https:\/\/www.csf.bc.ca\/en\/#website"},"datePublished":"2022-05-24T01:14:17+00:00","dateModified":"2024-04-18T21:00:21+00:00","breadcrumb":{"@id":"https:\/\/www.csf.bc.ca\/en\/news\/#breadcrumb"},"inLanguage":"en-US","potentialAction":[{"@type":"ReadAction","target":["https:\/\/www.csf.bc.ca\/en\/news\/"]}]},{"@type":"BreadcrumbList","@id":"https:\/\/www.csf.bc.ca\/en\/news\/#breadcrumb","itemListElement":[{"@type":"ListItem","position":1,"name":"Home","item":"https:\/\/www.csf.bc.ca\/en\/"},{"@type":"ListItem","position":2,"name":"News"}]},{"@type":"WebSite","@id":"https:\/\/www.csf.bc.ca\/en\/#website","url":"https:\/\/www.csf.bc.ca\/en\/","name":"Conseil scolaire francophone de la Colombie-Britannique","description":"CSF","publisher":{"@id":"https:\/\/www.csf.bc.ca\/en\/#organization"},"potentialAction":[{"@type":"SearchAction","target":{"@type":"EntryPoint","urlTemplate":"https:\/\/www.csf.bc.ca\/en\/?s={search_term_string}"},"query-input":{"@type":"PropertyValueSpecification","valueRequired":true,"valueName":"search_term_string"}}],"inLanguage":"en-US"},{"@type":"Organization","@id":"https:\/\/www.csf.bc.ca\/en\/#organization","name":"Conseil scolaire francophone de la Colombie-Britannique","url":"https:\/\/www.csf.bc.ca\/en\/","logo":{"@type":"ImageObject","inLanguage":"en-US","@id":"https:\/\/www.csf.bc.ca\/en\/#\/schema\/logo\/image\/","url":"https:\/\/www.csf.bc.ca\/wp-content\/uploads\/2022\/05\/csf-logoHoriz-desc-court-coul.svg","contentUrl":"https:\/\/www.csf.bc.ca\/wp-content\/uploads\/2022\/05\/csf-logoHoriz-desc-court-coul.svg","width":842,"height":205,"caption":"Conseil scolaire francophone de la Colombie-Britannique"},"image":{"@id":"https:\/\/www.csf.bc.ca\/en\/#\/schema\/logo\/image\/"}}]}},"_links":{"self":[{"href":"https:\/\/www.csf.bc.ca\/en\/wp-json\/wp\/v2\/pages\/2986","targetHints":{"allow":["GET"]}}],"collection":[{"href":"https:\/\/www.csf.bc.ca\/en\/wp-json\/wp\/v2\/pages"}],"about":[{"href":"https:\/\/www.csf.bc.ca\/en\/wp-json\/wp\/v2\/types\/page"}],"author":[{"embeddable":true,"href":"https:\/\/www.csf.bc.ca\/en\/wp-json\/wp\/v2\/users\/1"}],"replies":[{"embeddable":true,"href":"https:\/\/www.csf.bc.ca\/en\/wp-json\/wp\/v2\/comments?post=2986"}],"version-history":[{"count":3,"href":"https:\/\/www.csf.bc.ca\/en\/wp-json\/wp\/v2\/pages\/2986\/revisions"}],"predecessor-version":[{"id":11008,"href":"https:\/\/www.csf.bc.ca\/en\/wp-json\/wp\/v2\/pages\/2986\/revisions\/11008"}],"wp:attachment":[{"href":"https:\/\/www.csf.bc.ca\/en\/wp-json\/wp\/v2\/media?parent=2986"}],"curies":[{"name":"wp","href":"https:\/\/api.w.org\/{rel}","templated":true}]}}