{"id":3001,"date":"2022-05-23T14:21:00","date_gmt":"2022-05-23T21:21:00","guid":{"rendered":"https:\/\/www.csf.bc.ca\/?page_id=3001"},"modified":"2025-12-17T14:16:39","modified_gmt":"2025-12-17T22:16:39","slug":"school-bus-attendance-zone","status":"publish","type":"page","link":"https:\/\/www.csf.bc.ca\/en\/transport\/school-bus-attendance-zone\/","title":{"rendered":"School bus attendance zone"},"content":{"rendered":"<section class=\"block block-zones\">\n\n    <div class=\"block-head\">\n        <div class=\"container\">\n            <div class=\"flow\">\n                <h1>School bus attendance zone<\/h1>\n                <p>Each school has its own school bus attendance zone. To find out which one your school is in, feel free to click on the map or on the name of the area to see the details.<\/p>\n            <\/div>\n        <\/div>\n    <\/div>\n\n    <div class=\"block-landing__loop zones__loop\">\n        <div class=\"container\">\n            <div class=\"cards\">\n\n                                                            \n                        <div class=\"card\">\n                            <figure class=\"card__featured\">\n                                <img decoding=\"async\" src=\"https:\/\/www.csf.bc.ca\/wp-content\/uploads\/2022\/06\/vancouver.jpg\" alt=\"\" \/>\n                            <\/figure>\n                            <div class=\"card__content flow\">\n                                <h3>Greater Vancouver<\/h3>\n                            <\/div>\n                            <div class=\"card__link\">\n                                <a href=\"\/transport\/zone-de-frequentation\/grand-vancouver\/\">See this area <i class=\"far fa-arrow-right\"><\/i><\/a>\n                            <\/div>\n                        <\/div>\n                                            \n                        <div class=\"card\">\n                            <figure class=\"card__featured\">\n                                <img decoding=\"async\" src=\"https:\/\/www.csf.bc.ca\/wp-content\/uploads\/2022\/06\/fraser.jpg\" alt=\"\" \/>\n                            <\/figure>\n                            <div class=\"card__content flow\">\n                                <h3>Fraser Valley<\/h3>\n                            <\/div>\n                            <div class=\"card__link\">\n                                <a href=\"\/transport\/zone-de-frequentation\/vallee-fraser\/\">See this area <i class=\"far fa-arrow-right\"><\/i><\/a>\n                            <\/div>\n                        <\/div>\n                                            \n                        <div class=\"card\">\n                            <figure class=\"card__featured\">\n                                <img decoding=\"async\" src=\"https:\/\/www.csf.bc.ca\/wp-content\/uploads\/2025\/11\/csf_transport_sud_ile_vancouver_generic_large.jpg\" alt=\"\" \/>\n                            <\/figure>\n                            <div class=\"card__content flow\">\n                                <h3>Southern Vancouver Island<\/h3>\n                            <\/div>\n                            <div class=\"card__link\">\n                                <a href=\"\/transport\/zones-de-frequentation\/sud-ile-de-vancouver\/\">See this area <i class=\"far fa-arrow-right\"><\/i><\/a>\n                            <\/div>\n                        <\/div>\n                                            \n                        <div class=\"card\">\n                            <figure class=\"card__featured\">\n                                <img decoding=\"async\" src=\"https:\/\/www.csf.bc.ca\/wp-content\/uploads\/2025\/10\/csf_transport_cote_sud_generique_new.jpg\" alt=\"\" \/>\n                            <\/figure>\n                            <div class=\"card__content flow\">\n                                <h3>South Coast region<\/h3>\n                            <\/div>\n                            <div class=\"card__link\">\n                                <a href=\"\/transport\/zones-de-frequentation\/cote-sud\/\">See this area <i class=\"far fa-arrow-right\"><\/i><\/a>\n                            <\/div>\n                        <\/div>\n                                            \n                        <div class=\"card\">\n                            <figure class=\"card__featured\">\n                                <img decoding=\"async\" src=\"https:\/\/www.csf.bc.ca\/wp-content\/uploads\/2024\/09\/csf_transport_nord_ile_vancouver_generique.jpg\" alt=\"\" \/>\n                            <\/figure>\n                            <div class=\"card__content flow\">\n                                <h3>Northern Vancouver Island<\/h3>\n                            <\/div>\n                            <div class=\"card__link\">\n                                <a href=\"\/transport\/zones-de-frequentation\/nord-de-lile-de-vancouver\/\">See this area <i class=\"far fa-arrow-right\"><\/i><\/a>\n                            <\/div>\n                        <\/div>\n                                            \n                        <div class=\"card\">\n                            <figure class=\"card__featured\">\n                                <img decoding=\"async\" src=\"https:\/\/www.csf.bc.ca\/wp-content\/uploads\/2025\/12\/Kamloops-csf_transport_sud_est_collines_dor_large.jpg\" alt=\"\" \/>\n                            <\/figure>\n                            <div class=\"card__content flow\">\n                                <h3>Southeast Region<\/h3>\n                            <\/div>\n                            <div class=\"card__link\">\n                                <a href=\"\/transport\/zones-de-frequentation\/sud-est\/\">See this area <i class=\"far fa-arrow-right\"><\/i><\/a>\n                            <\/div>\n                        <\/div>\n                                    \n            <\/div>\n        <\/div>\n    <\/div>\n\n<\/section>\n\n\n<h2 class=\"wp-block-heading\">Definitions<\/h2>\n\n\n\n<h3 class=\"wp-block-heading\">Walking Zone<\/h3>\n\n\n\n<p>An area surrounding a school where students are expected to walk to school or from their home to a designated pickup point. This zone may vary depending on the student\u2019s grade level and region.<\/p>\n\n\n\n<p><em>\u00c9coles h\u00e9t\u00e9rog\u00e8nes<\/em>: the walking zone for the Francophone school corresponds to the walking zone of the co-located Anglophone school.<\/p>\n\n\n\n<hr class=\"wp-block-separator has-alpha-channel-opacity is-style-default\"\/>\n\n\n\n<h3 class=\"wp-block-heading\">Walking Zone \u2013 Elementary Schools<\/h3>\n\n\n\n<p>For all areas:<\/p>\n\n\n\n<ul class=\"wp-block-list\">\n<li>High-traffic urban areas: 1 kilometer<\/li>\n\n\n\n<li>Moderate-traffic urban areas: 2 kilometers<\/li>\n\n\n\n<li>Semi-rural and rural areas: 3 kilometers<\/li>\n<\/ul>\n\n\n\n<hr class=\"wp-block-separator has-alpha-channel-opacity\"\/>\n\n\n\n<h3 class=\"wp-block-heading\">Walking Zone \u2013 Secondary Schools (Grades 8 to 12)<\/h3>\n\n\n\n<p>The walking zone is 3 kilometers. Distances are calculated based on the route the student must take to travel from their home to the school they attend or their designated bus stop.<\/p>\n\n\n\n<hr class=\"wp-block-separator has-alpha-channel-opacity\"\/>\n\n\n\n<h3 class=\"wp-block-heading\">School Transportation Zone<\/h3>\n\n\n\n<p>Defines and limits bus service. The school transportation zone may vary depending on the region and the number of students.<\/p>\n\n\n\n<hr class=\"wp-block-separator has-alpha-channel-opacity\"\/>\n\n\n\n<h3 class=\"wp-block-heading\"><strong>Financial Assistance Zone<\/strong><\/h3>\n\n\n\n<p>Defines the area where school transportation is not provided. This zone lies outside the school transportation zone but within the school attendance area.<\/p>\n","protected":false},"excerpt":{"rendered":"<p>Definitions Walking Zone An area surrounding a school where students are expected to walk to [&hellip;]<\/p>\n","protected":false},"author":1,"featured_media":2549,"parent":2919,"menu_order":2,"comment_status":"closed","ping_status":"closed","template":"","meta":{"_acf_changed":false,"footnotes":""},"class_list":["post-3001","page","type-page","status-publish","has-post-thumbnail","hentry"],"acf":[],"yoast_head":"<!-- This site is optimized with the Yoast SEO plugin v26.5 - https:\/\/yoast.com\/wordpress\/plugins\/seo\/ -->\n<title>School bus attendance zone | Conseil scolaire francophone de la Colombie-Britannique<\/title>\n<meta name=\"robots\" content=\"index, follow, max-snippet:-1, max-image-preview:large, max-video-preview:-1\" \/>\n<link rel=\"canonical\" href=\"https:\/\/www.csf.bc.ca\/en\/transport\/school-bus-attendance-zone\/\" \/>\n<meta property=\"og:locale\" content=\"en_US\" \/>\n<meta property=\"og:type\" content=\"article\" \/>\n<meta property=\"og:title\" content=\"School bus attendance zone | Conseil scolaire francophone de la Colombie-Britannique\" \/>\n<meta property=\"og:description\" content=\"Definitions Walking Zone An area surrounding a school where students are expected to walk to [&hellip;]\" \/>\n<meta property=\"og:url\" content=\"https:\/\/www.csf.bc.ca\/en\/transport\/school-bus-attendance-zone\/\" \/>\n<meta property=\"og:site_name\" content=\"Conseil scolaire francophone de la Colombie-Britannique\" \/>\n<meta property=\"article:modified_time\" content=\"2025-12-17T22:16:39+00:00\" \/>\n<meta property=\"og:image\" content=\"https:\/\/www.csf.bc.ca\/wp-content\/uploads\/2022\/07\/csf_transport_grand_vancouver_la_verendrye_large-1.jpeg\" \/>\n\t<meta property=\"og:image:width\" content=\"1139\" \/>\n\t<meta property=\"og:image:height\" content=\"715\" \/>\n\t<meta property=\"og:image:type\" content=\"image\/jpeg\" \/>\n<meta name=\"twitter:card\" content=\"summary_large_image\" \/>\n<meta name=\"twitter:label1\" content=\"Est. reading time\" \/>\n\t<meta name=\"twitter:data1\" content=\"1 minute\" \/>\n<script type=\"application\/ld+json\" class=\"yoast-schema-graph\">{\"@context\":\"https:\/\/schema.org\",\"@graph\":[{\"@type\":\"WebPage\",\"@id\":\"https:\/\/www.csf.bc.ca\/en\/transport\/school-bus-attendance-zone\/\",\"url\":\"https:\/\/www.csf.bc.ca\/en\/transport\/school-bus-attendance-zone\/\",\"name\":\"School bus attendance zone | Conseil scolaire francophone de la Colombie-Britannique\",\"isPartOf\":{\"@id\":\"https:\/\/www.csf.bc.ca\/en\/#website\"},\"primaryImageOfPage\":{\"@id\":\"https:\/\/www.csf.bc.ca\/en\/transport\/school-bus-attendance-zone\/#primaryimage\"},\"image\":{\"@id\":\"https:\/\/www.csf.bc.ca\/en\/transport\/school-bus-attendance-zone\/#primaryimage\"},\"thumbnailUrl\":\"https:\/\/www.csf.bc.ca\/wp-content\/uploads\/2022\/07\/csf_transport_grand_vancouver_la_verendrye_large-1.jpeg\",\"datePublished\":\"2022-05-23T21:21:00+00:00\",\"dateModified\":\"2025-12-17T22:16:39+00:00\",\"breadcrumb\":{\"@id\":\"https:\/\/www.csf.bc.ca\/en\/transport\/school-bus-attendance-zone\/#breadcrumb\"},\"inLanguage\":\"en-US\",\"potentialAction\":[{\"@type\":\"ReadAction\",\"target\":[\"https:\/\/www.csf.bc.ca\/en\/transport\/school-bus-attendance-zone\/\"]}]},{\"@type\":\"ImageObject\",\"inLanguage\":\"en-US\",\"@id\":\"https:\/\/www.csf.bc.ca\/en\/transport\/school-bus-attendance-zone\/#primaryimage\",\"url\":\"https:\/\/www.csf.bc.ca\/wp-content\/uploads\/2022\/07\/csf_transport_grand_vancouver_la_verendrye_large-1.jpeg\",\"contentUrl\":\"https:\/\/www.csf.bc.ca\/wp-content\/uploads\/2022\/07\/csf_transport_grand_vancouver_la_verendrye_large-1.jpeg\",\"width\":1139,\"height\":715},{\"@type\":\"BreadcrumbList\",\"@id\":\"https:\/\/www.csf.bc.ca\/en\/transport\/school-bus-attendance-zone\/#breadcrumb\",\"itemListElement\":[{\"@type\":\"ListItem\",\"position\":1,\"name\":\"Home\",\"item\":\"https:\/\/www.csf.bc.ca\/en\/\"},{\"@type\":\"ListItem\",\"position\":2,\"name\":\"Transport\",\"item\":\"https:\/\/www.csf.bc.ca\/en\/transport\/\"},{\"@type\":\"ListItem\",\"position\":3,\"name\":\"School bus attendance zone\"}]},{\"@type\":\"WebSite\",\"@id\":\"https:\/\/www.csf.bc.ca\/en\/#website\",\"url\":\"https:\/\/www.csf.bc.ca\/en\/\",\"name\":\"Conseil scolaire francophone de la Colombie-Britannique\",\"description\":\"CSF\",\"publisher\":{\"@id\":\"https:\/\/www.csf.bc.ca\/en\/#organization\"},\"potentialAction\":[{\"@type\":\"SearchAction\",\"target\":{\"@type\":\"EntryPoint\",\"urlTemplate\":\"https:\/\/www.csf.bc.ca\/en\/?s={search_term_string}\"},\"query-input\":{\"@type\":\"PropertyValueSpecification\",\"valueRequired\":true,\"valueName\":\"search_term_string\"}}],\"inLanguage\":\"en-US\"},{\"@type\":\"Organization\",\"@id\":\"https:\/\/www.csf.bc.ca\/en\/#organization\",\"name\":\"Conseil scolaire francophone de la Colombie-Britannique\",\"url\":\"https:\/\/www.csf.bc.ca\/en\/\",\"logo\":{\"@type\":\"ImageObject\",\"inLanguage\":\"en-US\",\"@id\":\"https:\/\/www.csf.bc.ca\/en\/#\/schema\/logo\/image\/\",\"url\":\"https:\/\/www.csf.bc.ca\/wp-content\/uploads\/2022\/05\/csf-logoHoriz-desc-court-coul.svg\",\"contentUrl\":\"https:\/\/www.csf.bc.ca\/wp-content\/uploads\/2022\/05\/csf-logoHoriz-desc-court-coul.svg\",\"width\":842,\"height\":205,\"caption\":\"Conseil scolaire francophone de la Colombie-Britannique\"},\"image\":{\"@id\":\"https:\/\/www.csf.bc.ca\/en\/#\/schema\/logo\/image\/\"}}]}<\/script>\n<!-- \/ Yoast SEO plugin. -->","yoast_head_json":{"title":"School bus attendance zone | Conseil scolaire francophone de la Colombie-Britannique","robots":{"index":"index","follow":"follow","max-snippet":"max-snippet:-1","max-image-preview":"max-image-preview:large","max-video-preview":"max-video-preview:-1"},"canonical":"https:\/\/www.csf.bc.ca\/en\/transport\/school-bus-attendance-zone\/","og_locale":"en_US","og_type":"article","og_title":"School bus attendance zone | Conseil scolaire francophone de la Colombie-Britannique","og_description":"Definitions Walking Zone An area surrounding a school where students are expected to walk to [&hellip;]","og_url":"https:\/\/www.csf.bc.ca\/en\/transport\/school-bus-attendance-zone\/","og_site_name":"Conseil scolaire francophone de la Colombie-Britannique","article_modified_time":"2025-12-17T22:16:39+00:00","og_image":[{"width":1139,"height":715,"url":"https:\/\/www.csf.bc.ca\/wp-content\/uploads\/2022\/07\/csf_transport_grand_vancouver_la_verendrye_large-1.jpeg","type":"image\/jpeg"}],"twitter_card":"summary_large_image","twitter_misc":{"Est. reading time":"1 minute"},"schema":{"@context":"https:\/\/schema.org","@graph":[{"@type":"WebPage","@id":"https:\/\/www.csf.bc.ca\/en\/transport\/school-bus-attendance-zone\/","url":"https:\/\/www.csf.bc.ca\/en\/transport\/school-bus-attendance-zone\/","name":"School bus attendance zone | Conseil scolaire francophone de la Colombie-Britannique","isPartOf":{"@id":"https:\/\/www.csf.bc.ca\/en\/#website"},"primaryImageOfPage":{"@id":"https:\/\/www.csf.bc.ca\/en\/transport\/school-bus-attendance-zone\/#primaryimage"},"image":{"@id":"https:\/\/www.csf.bc.ca\/en\/transport\/school-bus-attendance-zone\/#primaryimage"},"thumbnailUrl":"https:\/\/www.csf.bc.ca\/wp-content\/uploads\/2022\/07\/csf_transport_grand_vancouver_la_verendrye_large-1.jpeg","datePublished":"2022-05-23T21:21:00+00:00","dateModified":"2025-12-17T22:16:39+00:00","breadcrumb":{"@id":"https:\/\/www.csf.bc.ca\/en\/transport\/school-bus-attendance-zone\/#breadcrumb"},"inLanguage":"en-US","potentialAction":[{"@type":"ReadAction","target":["https:\/\/www.csf.bc.ca\/en\/transport\/school-bus-attendance-zone\/"]}]},{"@type":"ImageObject","inLanguage":"en-US","@id":"https:\/\/www.csf.bc.ca\/en\/transport\/school-bus-attendance-zone\/#primaryimage","url":"https:\/\/www.csf.bc.ca\/wp-content\/uploads\/2022\/07\/csf_transport_grand_vancouver_la_verendrye_large-1.jpeg","contentUrl":"https:\/\/www.csf.bc.ca\/wp-content\/uploads\/2022\/07\/csf_transport_grand_vancouver_la_verendrye_large-1.jpeg","width":1139,"height":715},{"@type":"BreadcrumbList","@id":"https:\/\/www.csf.bc.ca\/en\/transport\/school-bus-attendance-zone\/#breadcrumb","itemListElement":[{"@type":"ListItem","position":1,"name":"Home","item":"https:\/\/www.csf.bc.ca\/en\/"},{"@type":"ListItem","position":2,"name":"Transport","item":"https:\/\/www.csf.bc.ca\/en\/transport\/"},{"@type":"ListItem","position":3,"name":"School bus attendance zone"}]},{"@type":"WebSite","@id":"https:\/\/www.csf.bc.ca\/en\/#website","url":"https:\/\/www.csf.bc.ca\/en\/","name":"Conseil scolaire francophone de la Colombie-Britannique","description":"CSF","publisher":{"@id":"https:\/\/www.csf.bc.ca\/en\/#organization"},"potentialAction":[{"@type":"SearchAction","target":{"@type":"EntryPoint","urlTemplate":"https:\/\/www.csf.bc.ca\/en\/?s={search_term_string}"},"query-input":{"@type":"PropertyValueSpecification","valueRequired":true,"valueName":"search_term_string"}}],"inLanguage":"en-US"},{"@type":"Organization","@id":"https:\/\/www.csf.bc.ca\/en\/#organization","name":"Conseil scolaire francophone de la Colombie-Britannique","url":"https:\/\/www.csf.bc.ca\/en\/","logo":{"@type":"ImageObject","inLanguage":"en-US","@id":"https:\/\/www.csf.bc.ca\/en\/#\/schema\/logo\/image\/","url":"https:\/\/www.csf.bc.ca\/wp-content\/uploads\/2022\/05\/csf-logoHoriz-desc-court-coul.svg","contentUrl":"https:\/\/www.csf.bc.ca\/wp-content\/uploads\/2022\/05\/csf-logoHoriz-desc-court-coul.svg","width":842,"height":205,"caption":"Conseil scolaire francophone de la Colombie-Britannique"},"image":{"@id":"https:\/\/www.csf.bc.ca\/en\/#\/schema\/logo\/image\/"}}]}},"_links":{"self":[{"href":"https:\/\/www.csf.bc.ca\/en\/wp-json\/wp\/v2\/pages\/3001","targetHints":{"allow":["GET"]}}],"collection":[{"href":"https:\/\/www.csf.bc.ca\/en\/wp-json\/wp\/v2\/pages"}],"about":[{"href":"https:\/\/www.csf.bc.ca\/en\/wp-json\/wp\/v2\/types\/page"}],"author":[{"embeddable":true,"href":"https:\/\/www.csf.bc.ca\/en\/wp-json\/wp\/v2\/users\/1"}],"replies":[{"embeddable":true,"href":"https:\/\/www.csf.bc.ca\/en\/wp-json\/wp\/v2\/comments?post=3001"}],"version-history":[{"count":10,"href":"https:\/\/www.csf.bc.ca\/en\/wp-json\/wp\/v2\/pages\/3001\/revisions"}],"predecessor-version":[{"id":15397,"href":"https:\/\/www.csf.bc.ca\/en\/wp-json\/wp\/v2\/pages\/3001\/revisions\/15397"}],"up":[{"embeddable":true,"href":"https:\/\/www.csf.bc.ca\/en\/wp-json\/wp\/v2\/pages\/2919"}],"wp:featuredmedia":[{"embeddable":true,"href":"https:\/\/www.csf.bc.ca\/en\/wp-json\/wp\/v2\/media\/2549"}],"wp:attachment":[{"href":"https:\/\/www.csf.bc.ca\/en\/wp-json\/wp\/v2\/media?parent=3001"}],"curies":[{"name":"wp","href":"https:\/\/api.w.org\/{rel}","templated":true}]}}