{"id":3019,"date":"2022-06-06T11:37:18","date_gmt":"2022-06-06T18:37:18","guid":{"rendered":"https:\/\/www.csf.bc.ca\/?page_id=3019"},"modified":"2022-08-28T20:41:42","modified_gmt":"2022-08-29T03:41:42","slug":"code-of-conduct","status":"publish","type":"page","link":"https:\/\/www.csf.bc.ca\/en\/transport\/code-of-conduct\/","title":{"rendered":"Code of conduct"},"content":{"rendered":"\n<section id=\"header-block_629e492018875\" class=\"block block-header --left\">\n    <div class=\"container\">\n        <div class=\"flow\" data-sal=\"slide-right\" data-sal-duration=\"500\">\n            \n\n<h1 class=\"wp-block-heading\">Code de conduite<\/h1>\n\n\n\n<h2 class=\"wp-block-heading\">En tranport scolaire<\/h2>\n\n\n        <\/div>\n    <\/div>\n    <div class=\"bg\" data-sal=\"fade\" data-sal-duartion=\"500\" style=\"background-image: url('https:\/\/www.csf.bc.ca\/wp-content\/uploads\/2022\/06\/transport-header.jpg');\"><\/div>\n<\/section>\n\n<section id=\"text-image-block_629f60b6f9b0d\" class=\"block block-text-image --reverse\">\n    <div class=\"container\">\n        <div class=\"flow\">\n\n            \n\n<p>L\u2019autobus scolaire est une extension de l\u2019\u00e9cole. Par cons\u00e9quent, les \u00e9l\u00e8ves qui sont \u00e0 bord de l\u2019autobus scolaire sont sous l\u2019autorit\u00e9 de la direction de l\u2019\u00e9cole et sont assujettis au code de conduite applicable.<\/p>\n\n\n\n        <\/div>\n        <figure class=\"image\" data-sal=\"slide-up\" data-sal-duration=\"500\">\n                            <img decoding=\"async\" src=\"https:\/\/www.csf.bc.ca\/wp-content\/uploads\/2022\/06\/primaire-01.jpg\" alt=\"\" \/>\n                        \n                    \n                            <span class=\"line line-a rellax-1 --reverse\" ><\/span>\n                <span class=\"line line-b rellax-horizontal\"><\/span>\n                    <\/figure>\n    <\/div>\n<\/section>\n<div style=\"height:30px\" aria-hidden=\"true\" class=\"wp-block-spacer\"><\/div>\n\n<h2 class=\"wp-block-heading\"><strong>Responsabilit\u00e9 de l\u2019\u00e9l\u00e8ve<\/strong><\/h2>\n\n<p>Lorsque l\u2019\u00e9l\u00e8ve utilise le transport scolaire, elle ou il doit :<\/p>\n\n<ul class=\"wp-block-list\"><li>respecter le code de conduite de l\u2019\u00e9cole ;<\/li><li>se trouver \u00e0 l\u2019arr\u00eat d\u2019autobus 5 minutes avant l\u2019heure pr\u00e9vue de son passage;<\/li><li>ob\u00e9ir rapidement \u00e0 tous les ordres de la conductrice ou du conducteur, y compris l\u2019attribution des si\u00e8ges, au besoin ;<\/li><li>s\u2019abstenir de parler \u00e0 la conductrice ou au conducteur, sauf en cas d\u2019urgence;<\/li><li>s\u2019abstenir de parler de mani\u00e8re inutilement bruyante ou tapageuse et d\u2019utiliser un langage vulgaire ou blasph\u00e9matoire ;<\/li><li>demeurer bien assise et assis et porter une ceinture de s\u00e9curit\u00e9 en tout temps ;<\/li><li>\u00e9viter d\u2019encombrer l\u2019all\u00e9e avec de quelconques obstacles, y compris les jambes et les sacs ;<\/li><li>garder les fen\u00eatres ferm\u00e9es en tout temps, \u00e0 moins d\u2019indications contraires la conductrice ou du conducteur ;<\/li><li>s\u2019abstenir de laisser des d\u00e9chets dans l\u2019autobus ;<\/li><li>assumer la responsabilit\u00e9 de tout dommage d\u00e9lib\u00e9r\u00e9 \u00e0 l\u2019autobus ; et<\/li><li>se garder de boire ou manger dans l\u2019autobus (cela permet de respecter les pr\u00e9occupations en mati\u00e8re de sant\u00e9 et de s\u00e9curit\u00e9, comme les allergies alimentaires et les \u00e9touffements, en plus de maintenir la propret\u00e9 dans l\u2019autobus).<\/li><\/ul>","protected":false},"excerpt":{"rendered":"<p>Responsabilit\u00e9 de l\u2019\u00e9l\u00e8ve Lorsque l\u2019\u00e9l\u00e8ve utilise le transport scolaire, elle ou il doit : respecter [&hellip;]<\/p>\n","protected":false},"author":1,"featured_media":816,"parent":2919,"menu_order":0,"comment_status":"closed","ping_status":"closed","template":"","meta":{"_acf_changed":false,"footnotes":""},"class_list":["post-3019","page","type-page","status-publish","has-post-thumbnail","hentry"],"acf":[],"yoast_head":"<!-- This site is optimized with the Yoast SEO plugin v26.5 - https:\/\/yoast.com\/wordpress\/plugins\/seo\/ -->\n<title>Code of conduct | Conseil scolaire francophone de la Colombie-Britannique<\/title>\n<meta name=\"robots\" content=\"index, follow, max-snippet:-1, max-image-preview:large, max-video-preview:-1\" \/>\n<link rel=\"canonical\" href=\"https:\/\/www.csf.bc.ca\/en\/transport\/code-of-conduct\/\" \/>\n<meta property=\"og:locale\" content=\"en_US\" \/>\n<meta property=\"og:type\" content=\"article\" \/>\n<meta property=\"og:title\" content=\"Code of conduct | Conseil scolaire francophone de la Colombie-Britannique\" \/>\n<meta property=\"og:description\" content=\"Responsabilit\u00e9 de l\u2019\u00e9l\u00e8ve Lorsque l\u2019\u00e9l\u00e8ve utilise le transport scolaire, elle ou il doit : respecter [&hellip;]\" \/>\n<meta property=\"og:url\" content=\"https:\/\/www.csf.bc.ca\/en\/transport\/code-of-conduct\/\" \/>\n<meta property=\"og:site_name\" content=\"Conseil scolaire francophone de la Colombie-Britannique\" \/>\n<meta property=\"article:modified_time\" content=\"2022-08-29T03:41:42+00:00\" \/>\n<meta property=\"og:image\" content=\"https:\/\/www.csf.bc.ca\/wp-content\/uploads\/2022\/06\/transport-header.jpg\" \/>\n\t<meta property=\"og:image:width\" content=\"1920\" \/>\n\t<meta property=\"og:image:height\" content=\"688\" \/>\n\t<meta property=\"og:image:type\" content=\"image\/jpeg\" \/>\n<meta name=\"twitter:card\" content=\"summary_large_image\" \/>\n<meta name=\"twitter:label1\" content=\"Est. reading time\" \/>\n\t<meta name=\"twitter:data1\" content=\"1 minute\" \/>\n<script type=\"application\/ld+json\" class=\"yoast-schema-graph\">{\"@context\":\"https:\/\/schema.org\",\"@graph\":[{\"@type\":\"WebPage\",\"@id\":\"https:\/\/www.csf.bc.ca\/en\/transport\/code-of-conduct\/\",\"url\":\"https:\/\/www.csf.bc.ca\/en\/transport\/code-of-conduct\/\",\"name\":\"Code of conduct | Conseil scolaire francophone de la Colombie-Britannique\",\"isPartOf\":{\"@id\":\"https:\/\/www.csf.bc.ca\/en\/#website\"},\"primaryImageOfPage\":{\"@id\":\"https:\/\/www.csf.bc.ca\/en\/transport\/code-of-conduct\/#primaryimage\"},\"image\":{\"@id\":\"https:\/\/www.csf.bc.ca\/en\/transport\/code-of-conduct\/#primaryimage\"},\"thumbnailUrl\":\"https:\/\/www.csf.bc.ca\/wp-content\/uploads\/2022\/06\/transport-header.jpg\",\"datePublished\":\"2022-06-06T18:37:18+00:00\",\"dateModified\":\"2022-08-29T03:41:42+00:00\",\"breadcrumb\":{\"@id\":\"https:\/\/www.csf.bc.ca\/en\/transport\/code-of-conduct\/#breadcrumb\"},\"inLanguage\":\"en-US\",\"potentialAction\":[{\"@type\":\"ReadAction\",\"target\":[\"https:\/\/www.csf.bc.ca\/en\/transport\/code-of-conduct\/\"]}]},{\"@type\":\"ImageObject\",\"inLanguage\":\"en-US\",\"@id\":\"https:\/\/www.csf.bc.ca\/en\/transport\/code-of-conduct\/#primaryimage\",\"url\":\"https:\/\/www.csf.bc.ca\/wp-content\/uploads\/2022\/06\/transport-header.jpg\",\"contentUrl\":\"https:\/\/www.csf.bc.ca\/wp-content\/uploads\/2022\/06\/transport-header.jpg\",\"width\":1920,\"height\":688},{\"@type\":\"BreadcrumbList\",\"@id\":\"https:\/\/www.csf.bc.ca\/en\/transport\/code-of-conduct\/#breadcrumb\",\"itemListElement\":[{\"@type\":\"ListItem\",\"position\":1,\"name\":\"Home\",\"item\":\"https:\/\/www.csf.bc.ca\/en\/\"},{\"@type\":\"ListItem\",\"position\":2,\"name\":\"Transport\",\"item\":\"https:\/\/www.csf.bc.ca\/en\/transport\/\"},{\"@type\":\"ListItem\",\"position\":3,\"name\":\"Code of conduct\"}]},{\"@type\":\"WebSite\",\"@id\":\"https:\/\/www.csf.bc.ca\/en\/#website\",\"url\":\"https:\/\/www.csf.bc.ca\/en\/\",\"name\":\"Conseil scolaire francophone de la Colombie-Britannique\",\"description\":\"CSF\",\"publisher\":{\"@id\":\"https:\/\/www.csf.bc.ca\/en\/#organization\"},\"potentialAction\":[{\"@type\":\"SearchAction\",\"target\":{\"@type\":\"EntryPoint\",\"urlTemplate\":\"https:\/\/www.csf.bc.ca\/en\/?s={search_term_string}\"},\"query-input\":{\"@type\":\"PropertyValueSpecification\",\"valueRequired\":true,\"valueName\":\"search_term_string\"}}],\"inLanguage\":\"en-US\"},{\"@type\":\"Organization\",\"@id\":\"https:\/\/www.csf.bc.ca\/en\/#organization\",\"name\":\"Conseil scolaire francophone de la Colombie-Britannique\",\"url\":\"https:\/\/www.csf.bc.ca\/en\/\",\"logo\":{\"@type\":\"ImageObject\",\"inLanguage\":\"en-US\",\"@id\":\"https:\/\/www.csf.bc.ca\/en\/#\/schema\/logo\/image\/\",\"url\":\"https:\/\/www.csf.bc.ca\/wp-content\/uploads\/2022\/05\/csf-logoHoriz-desc-court-coul.svg\",\"contentUrl\":\"https:\/\/www.csf.bc.ca\/wp-content\/uploads\/2022\/05\/csf-logoHoriz-desc-court-coul.svg\",\"width\":842,\"height\":205,\"caption\":\"Conseil scolaire francophone de la Colombie-Britannique\"},\"image\":{\"@id\":\"https:\/\/www.csf.bc.ca\/en\/#\/schema\/logo\/image\/\"}}]}<\/script>\n<!-- \/ Yoast SEO plugin. -->","yoast_head_json":{"title":"Code of conduct | Conseil scolaire francophone de la Colombie-Britannique","robots":{"index":"index","follow":"follow","max-snippet":"max-snippet:-1","max-image-preview":"max-image-preview:large","max-video-preview":"max-video-preview:-1"},"canonical":"https:\/\/www.csf.bc.ca\/en\/transport\/code-of-conduct\/","og_locale":"en_US","og_type":"article","og_title":"Code of conduct | Conseil scolaire francophone de la Colombie-Britannique","og_description":"Responsabilit\u00e9 de l\u2019\u00e9l\u00e8ve Lorsque l\u2019\u00e9l\u00e8ve utilise le transport scolaire, elle ou il doit : respecter [&hellip;]","og_url":"https:\/\/www.csf.bc.ca\/en\/transport\/code-of-conduct\/","og_site_name":"Conseil scolaire francophone de la Colombie-Britannique","article_modified_time":"2022-08-29T03:41:42+00:00","og_image":[{"width":1920,"height":688,"url":"https:\/\/www.csf.bc.ca\/wp-content\/uploads\/2022\/06\/transport-header.jpg","type":"image\/jpeg"}],"twitter_card":"summary_large_image","twitter_misc":{"Est. reading time":"1 minute"},"schema":{"@context":"https:\/\/schema.org","@graph":[{"@type":"WebPage","@id":"https:\/\/www.csf.bc.ca\/en\/transport\/code-of-conduct\/","url":"https:\/\/www.csf.bc.ca\/en\/transport\/code-of-conduct\/","name":"Code of conduct | Conseil scolaire francophone de la Colombie-Britannique","isPartOf":{"@id":"https:\/\/www.csf.bc.ca\/en\/#website"},"primaryImageOfPage":{"@id":"https:\/\/www.csf.bc.ca\/en\/transport\/code-of-conduct\/#primaryimage"},"image":{"@id":"https:\/\/www.csf.bc.ca\/en\/transport\/code-of-conduct\/#primaryimage"},"thumbnailUrl":"https:\/\/www.csf.bc.ca\/wp-content\/uploads\/2022\/06\/transport-header.jpg","datePublished":"2022-06-06T18:37:18+00:00","dateModified":"2022-08-29T03:41:42+00:00","breadcrumb":{"@id":"https:\/\/www.csf.bc.ca\/en\/transport\/code-of-conduct\/#breadcrumb"},"inLanguage":"en-US","potentialAction":[{"@type":"ReadAction","target":["https:\/\/www.csf.bc.ca\/en\/transport\/code-of-conduct\/"]}]},{"@type":"ImageObject","inLanguage":"en-US","@id":"https:\/\/www.csf.bc.ca\/en\/transport\/code-of-conduct\/#primaryimage","url":"https:\/\/www.csf.bc.ca\/wp-content\/uploads\/2022\/06\/transport-header.jpg","contentUrl":"https:\/\/www.csf.bc.ca\/wp-content\/uploads\/2022\/06\/transport-header.jpg","width":1920,"height":688},{"@type":"BreadcrumbList","@id":"https:\/\/www.csf.bc.ca\/en\/transport\/code-of-conduct\/#breadcrumb","itemListElement":[{"@type":"ListItem","position":1,"name":"Home","item":"https:\/\/www.csf.bc.ca\/en\/"},{"@type":"ListItem","position":2,"name":"Transport","item":"https:\/\/www.csf.bc.ca\/en\/transport\/"},{"@type":"ListItem","position":3,"name":"Code of conduct"}]},{"@type":"WebSite","@id":"https:\/\/www.csf.bc.ca\/en\/#website","url":"https:\/\/www.csf.bc.ca\/en\/","name":"Conseil scolaire francophone de la Colombie-Britannique","description":"CSF","publisher":{"@id":"https:\/\/www.csf.bc.ca\/en\/#organization"},"potentialAction":[{"@type":"SearchAction","target":{"@type":"EntryPoint","urlTemplate":"https:\/\/www.csf.bc.ca\/en\/?s={search_term_string}"},"query-input":{"@type":"PropertyValueSpecification","valueRequired":true,"valueName":"search_term_string"}}],"inLanguage":"en-US"},{"@type":"Organization","@id":"https:\/\/www.csf.bc.ca\/en\/#organization","name":"Conseil scolaire francophone de la Colombie-Britannique","url":"https:\/\/www.csf.bc.ca\/en\/","logo":{"@type":"ImageObject","inLanguage":"en-US","@id":"https:\/\/www.csf.bc.ca\/en\/#\/schema\/logo\/image\/","url":"https:\/\/www.csf.bc.ca\/wp-content\/uploads\/2022\/05\/csf-logoHoriz-desc-court-coul.svg","contentUrl":"https:\/\/www.csf.bc.ca\/wp-content\/uploads\/2022\/05\/csf-logoHoriz-desc-court-coul.svg","width":842,"height":205,"caption":"Conseil scolaire francophone de la Colombie-Britannique"},"image":{"@id":"https:\/\/www.csf.bc.ca\/en\/#\/schema\/logo\/image\/"}}]}},"_links":{"self":[{"href":"https:\/\/www.csf.bc.ca\/en\/wp-json\/wp\/v2\/pages\/3019","targetHints":{"allow":["GET"]}}],"collection":[{"href":"https:\/\/www.csf.bc.ca\/en\/wp-json\/wp\/v2\/pages"}],"about":[{"href":"https:\/\/www.csf.bc.ca\/en\/wp-json\/wp\/v2\/types\/page"}],"author":[{"embeddable":true,"href":"https:\/\/www.csf.bc.ca\/en\/wp-json\/wp\/v2\/users\/1"}],"replies":[{"embeddable":true,"href":"https:\/\/www.csf.bc.ca\/en\/wp-json\/wp\/v2\/comments?post=3019"}],"version-history":[{"count":2,"href":"https:\/\/www.csf.bc.ca\/en\/wp-json\/wp\/v2\/pages\/3019\/revisions"}],"predecessor-version":[{"id":6238,"href":"https:\/\/www.csf.bc.ca\/en\/wp-json\/wp\/v2\/pages\/3019\/revisions\/6238"}],"up":[{"embeddable":true,"href":"https:\/\/www.csf.bc.ca\/en\/wp-json\/wp\/v2\/pages\/2919"}],"wp:featuredmedia":[{"embeddable":true,"href":"https:\/\/www.csf.bc.ca\/en\/wp-json\/wp\/v2\/media\/816"}],"wp:attachment":[{"href":"https:\/\/www.csf.bc.ca\/en\/wp-json\/wp\/v2\/media?parent=3019"}],"curies":[{"name":"wp","href":"https:\/\/api.w.org\/{rel}","templated":true}]}}