{"id":6629,"date":"2022-09-12T11:59:16","date_gmt":"2022-09-12T18:59:16","guid":{"rendered":"https:\/\/www.csf.bc.ca\/?page_id=6629"},"modified":"2025-10-07T14:55:07","modified_gmt":"2025-10-07T21:55:07","slug":"tap-touche-eng","status":"publish","type":"page","link":"https:\/\/www.csf.bc.ca\/en\/tap-touche-eng\/","title":{"rendered":"Tap Touche ENG"},"content":{"rendered":"\n<section id=\"header-block_84c64cf2e071b8eadd62c7d7212256ac\" class=\"block block-header --left\">\n    <div class=\"container\">\n        <div class=\"flow\" data-sal=\"slide-right\" data-sal-duration=\"500\">\n            \n\n<h1 class=\"wp-block-heading\">TAP TOUCHE (ENG)<\/h1>\n\n\n        <\/div>\n    <\/div>\n    <div class=\"bg\" data-sal=\"fade\" data-sal-duartion=\"500\" style=\"background-image: url('https:\/\/www.csf.bc.ca\/wp-content\/uploads\/2022\/09\/Programme-Education-Intermediaire.jpg');\"><\/div>\n<\/section>\n\n\n<figure class=\"wp-block-image aligncenter size-full\"><img loading=\"lazy\" decoding=\"async\" width=\"373\" height=\"133\" src=\"https:\/\/www.csf.bc.ca\/wp-content\/uploads\/2022\/09\/tap_touche.gif\" alt=\"\" class=\"wp-image-6623\"\/><\/figure>\n\n\n\n<p style=\"text-align: center;\"><select id=\"select\" onchange=\"var win = window.open(this.value, '_blank');win.focus();\"><option disabled=\"disabled\" selected=\"selected\" value=\"\">cliquez sur le nom de votre \u00e9cole&#8230;<\/option><option value=\"https:\/\/cfcbaigl.taptouche.com\/\">\u00c9cole les Aiglons<\/option><option value=\"https:\/\/cfcbpiol.taptouche.com\/\">\u00c9cole Andr\u00e9-Piolat<\/option><option value=\"https:\/\/cfcbaheb.taptouche.com\/\">\u00c9cole Anne-H\u00e9bert<\/option><option value=\"https:\/\/cfcbanse.taptouche.com\/\">\u00c9cole de l&#8217;Anse-au-sable<\/option><option value=\"https:\/\/cfcbauco.taptouche.com\/\">\u00c9cole Au c\u0153ur de l&#8217;\u00eele<\/option><option value=\"https:\/\/cfcbbeau.taptouche.com\/\">\u00c9cole Beausoleil<\/option><option value=\"https:\/\/cfcbedbj.taptouche.com\/\">\u00c9cole du Bois-Joli<\/option><option value=\"https:\/\/cascades.taptouche.com\/\">\u00c9cole des Cascades<\/option><option value=\"https:\/\/cfcbcoli.taptouche.com\/\">\u00c9cole des Colibris<\/option><option value=\"https:\/\/cfcbcdor.taptouche.com\/\">\u00c9cole Collines d&#8217;or<\/option><option value=\"https:\/\/cfcbccnf.taptouche.com\/\">\u00c9cole la Confluence<\/option><option value=\"https:\/\/cfcbcsdt.taptouche.com\/\">\u00c9cole C\u00f4te du Soleil<\/option><option value=\"https:\/\/cfcb2riv.taptouche.com\/\">\u00c9cole des Deux Rives<\/option><option value=\"https:\/\/cfcblacs.taptouche.com\/\">\u00c9cole Entre-lacs<\/option><option value=\"https:\/\/cfcbfnor.taptouche.com\/\">\u00c9cole Franco-nord<\/option><option value=\"https:\/\/cfcbgabr.taptouche.com\/\">\u00c9cole Gabrielle-Roy<\/option><option value=\"https:\/\/cfcbedgla.taptouche.com\">\u00c9cole des Glaciers<\/option><option value=\"https:\/\/csfbclgo.taptouche.com\/\">\u00c9cole la Grande-Ourse<\/option><option value=\"https:\/\/cfcbgced.taptouche.com\/\">\u00c9cole des Grands C\u00e8dres<\/option><option value=\"https:\/\/cfcbjack.taptouche.com\/\">\u00c9cole Cinq-saumons<\/option><option value=\"https:\/\/cfcbmont.taptouche.com\/\">\u00c9cole Mer-et-montagne<\/option><option value=\"https:\/\/cfcbnavi.taptouche.com\/\">\u00c9cole des Navigateurs<\/option><option value=\"https:\/\/cfcbocea.taptouche.com\/\">\u00c9cole Oc\u00e9ane<\/option><option value=\"https:\/\/cfcbepac.taptouche.com\/\">\u00c9cole du Pacifique<\/option><option value=\"https:\/\/cfcblapa.taptouche.com\/\">\u00c9cole la Passerelle<\/option><option value=\"https:\/\/cfcbpion.taptouche.com\/\">\u00c9cole des Pionniers-de-Maillardville<\/option><option value=\"https:\/\/cfcbrose.taptouche.com\/\">\u00c9cole Rose-des-Vents<\/option><option value=\"https:\/\/cfcbnana.taptouche.com\/\">\u00c9cole secondaire de Nanaimo<\/option><option value=\"https:\/\/cfcbbroo.taptouche.com\/\">\u00c9cole secondaire Brooks<\/option><option value=\"https:\/\/cfcbcari.taptouche.com\/\">\u00c9cole secondaire Carihi<\/option><option value=\"https:\/\/cfcbchat.taptouche.com\/\">\u00c9cole secondaire Chatelech<\/option><option value=\"https:\/\/duchessp.taptouche.com\/\">\u00c9cole secondaire Duchess Park<\/option><option value=\"https:\/\/cfcbvern.taptouche.com\/\">\u00c9cole secondaire Jules-Verne<\/option><option value=\"https:\/\/cfcbpent.taptouche.com\/\">\u00c9cole secondaire de Penticton<\/option><option value=\"https:\/\/cfcbalpn.taptouche.com\/\">\u00c9cole des Sentiers-Alpins<\/option><option value=\"https:\/\/cfcbsept.taptouche.com\/\">\u00c9cole des Septs-Sommets<\/option><option value=\"https:\/\/cfcbshpm.taptouche.com\/\">\u00c9cole Sophie-Morigeau<\/option><option value=\"https:\/\/cfcbvdep.taptouche.com\/\">\u00c9cole de la vall\u00e9e-de-Pemberton<\/option><option value=\"https:\/\/cfcbvere.taptouche.com\/\">\u00c9cole la V\u00e9rendrye<\/option><option value=\"https:\/\/cfcbbrod.taptouche.com\/\">\u00c9cole Victor Brodeur<\/option><option value=\"https:\/\/csfbcvirt.taptouche.com\">\u00c9cole Virtuelle<\/option><option value=\"https:\/\/cfcbvoya.taptouche.com\/\">\u00c9cole des Voyageurs<\/option><\/select><\/p>\n","protected":false},"excerpt":{"rendered":"<p>cliquez sur le nom de votre \u00e9cole&#8230;\u00c9cole les Aiglons\u00c9cole Andr\u00e9-Piolat\u00c9cole Anne-H\u00e9bert\u00c9cole de l&#8217;Anse-au-sable\u00c9cole Au c\u0153ur [&hellip;]<\/p>\n","protected":false},"author":4,"featured_media":0,"parent":0,"menu_order":0,"comment_status":"closed","ping_status":"closed","template":"","meta":{"_acf_changed":false,"footnotes":""},"class_list":["post-6629","page","type-page","status-publish","hentry"],"acf":[],"yoast_head":"<!-- This site is optimized with the Yoast SEO plugin v26.5 - https:\/\/yoast.com\/wordpress\/plugins\/seo\/ -->\n<title>Tap Touche ENG | Conseil scolaire francophone de la Colombie-Britannique<\/title>\n<meta name=\"robots\" content=\"index, follow, max-snippet:-1, max-image-preview:large, max-video-preview:-1\" \/>\n<link rel=\"canonical\" href=\"https:\/\/www.csf.bc.ca\/en\/tap-touche-eng\/\" \/>\n<meta property=\"og:locale\" content=\"en_US\" \/>\n<meta property=\"og:type\" content=\"article\" \/>\n<meta property=\"og:title\" content=\"Tap Touche ENG | Conseil scolaire francophone de la Colombie-Britannique\" \/>\n<meta property=\"og:description\" content=\"cliquez sur le nom de votre \u00e9cole&#8230;\u00c9cole les Aiglons\u00c9cole Andr\u00e9-Piolat\u00c9cole Anne-H\u00e9bert\u00c9cole de l&#8217;Anse-au-sable\u00c9cole Au c\u0153ur [&hellip;]\" \/>\n<meta property=\"og:url\" content=\"https:\/\/www.csf.bc.ca\/en\/tap-touche-eng\/\" \/>\n<meta property=\"og:site_name\" content=\"Conseil scolaire francophone de la Colombie-Britannique\" \/>\n<meta property=\"article:modified_time\" content=\"2025-10-07T21:55:07+00:00\" \/>\n<meta property=\"og:image\" content=\"https:\/\/www.csf.bc.ca\/wp-content\/uploads\/2022\/09\/tap_touche.gif\" \/>\n\t<meta property=\"og:image:width\" content=\"373\" \/>\n\t<meta property=\"og:image:height\" content=\"133\" \/>\n\t<meta property=\"og:image:type\" content=\"image\/gif\" \/>\n<meta name=\"twitter:card\" content=\"summary_large_image\" \/>\n<meta name=\"twitter:label1\" content=\"Est. reading time\" \/>\n\t<meta name=\"twitter:data1\" content=\"1 minute\" \/>\n<script type=\"application\/ld+json\" class=\"yoast-schema-graph\">{\"@context\":\"https:\/\/schema.org\",\"@graph\":[{\"@type\":\"WebPage\",\"@id\":\"https:\/\/www.csf.bc.ca\/en\/tap-touche-eng\/\",\"url\":\"https:\/\/www.csf.bc.ca\/en\/tap-touche-eng\/\",\"name\":\"Tap Touche ENG | Conseil scolaire francophone de la Colombie-Britannique\",\"isPartOf\":{\"@id\":\"https:\/\/www.csf.bc.ca\/en\/#website\"},\"primaryImageOfPage\":{\"@id\":\"https:\/\/www.csf.bc.ca\/en\/tap-touche-eng\/#primaryimage\"},\"image\":{\"@id\":\"https:\/\/www.csf.bc.ca\/en\/tap-touche-eng\/#primaryimage\"},\"thumbnailUrl\":\"https:\/\/www.csf.bc.ca\/wp-content\/uploads\/2022\/09\/tap_touche.gif\",\"datePublished\":\"2022-09-12T18:59:16+00:00\",\"dateModified\":\"2025-10-07T21:55:07+00:00\",\"breadcrumb\":{\"@id\":\"https:\/\/www.csf.bc.ca\/en\/tap-touche-eng\/#breadcrumb\"},\"inLanguage\":\"en-US\",\"potentialAction\":[{\"@type\":\"ReadAction\",\"target\":[\"https:\/\/www.csf.bc.ca\/en\/tap-touche-eng\/\"]}]},{\"@type\":\"ImageObject\",\"inLanguage\":\"en-US\",\"@id\":\"https:\/\/www.csf.bc.ca\/en\/tap-touche-eng\/#primaryimage\",\"url\":\"https:\/\/www.csf.bc.ca\/wp-content\/uploads\/2022\/09\/tap_touche.gif\",\"contentUrl\":\"https:\/\/www.csf.bc.ca\/wp-content\/uploads\/2022\/09\/tap_touche.gif\"},{\"@type\":\"BreadcrumbList\",\"@id\":\"https:\/\/www.csf.bc.ca\/en\/tap-touche-eng\/#breadcrumb\",\"itemListElement\":[{\"@type\":\"ListItem\",\"position\":1,\"name\":\"Home\",\"item\":\"https:\/\/www.csf.bc.ca\/en\/\"},{\"@type\":\"ListItem\",\"position\":2,\"name\":\"Tap Touche ENG\"}]},{\"@type\":\"WebSite\",\"@id\":\"https:\/\/www.csf.bc.ca\/en\/#website\",\"url\":\"https:\/\/www.csf.bc.ca\/en\/\",\"name\":\"Conseil scolaire francophone de la Colombie-Britannique\",\"description\":\"CSF\",\"publisher\":{\"@id\":\"https:\/\/www.csf.bc.ca\/en\/#organization\"},\"potentialAction\":[{\"@type\":\"SearchAction\",\"target\":{\"@type\":\"EntryPoint\",\"urlTemplate\":\"https:\/\/www.csf.bc.ca\/en\/?s={search_term_string}\"},\"query-input\":{\"@type\":\"PropertyValueSpecification\",\"valueRequired\":true,\"valueName\":\"search_term_string\"}}],\"inLanguage\":\"en-US\"},{\"@type\":\"Organization\",\"@id\":\"https:\/\/www.csf.bc.ca\/en\/#organization\",\"name\":\"Conseil scolaire francophone de la Colombie-Britannique\",\"url\":\"https:\/\/www.csf.bc.ca\/en\/\",\"logo\":{\"@type\":\"ImageObject\",\"inLanguage\":\"en-US\",\"@id\":\"https:\/\/www.csf.bc.ca\/en\/#\/schema\/logo\/image\/\",\"url\":\"https:\/\/www.csf.bc.ca\/wp-content\/uploads\/2022\/05\/csf-logoHoriz-desc-court-coul.svg\",\"contentUrl\":\"https:\/\/www.csf.bc.ca\/wp-content\/uploads\/2022\/05\/csf-logoHoriz-desc-court-coul.svg\",\"width\":842,\"height\":205,\"caption\":\"Conseil scolaire francophone de la Colombie-Britannique\"},\"image\":{\"@id\":\"https:\/\/www.csf.bc.ca\/en\/#\/schema\/logo\/image\/\"}}]}<\/script>\n<!-- \/ Yoast SEO plugin. -->","yoast_head_json":{"title":"Tap Touche ENG | Conseil scolaire francophone de la Colombie-Britannique","robots":{"index":"index","follow":"follow","max-snippet":"max-snippet:-1","max-image-preview":"max-image-preview:large","max-video-preview":"max-video-preview:-1"},"canonical":"https:\/\/www.csf.bc.ca\/en\/tap-touche-eng\/","og_locale":"en_US","og_type":"article","og_title":"Tap Touche ENG | Conseil scolaire francophone de la Colombie-Britannique","og_description":"cliquez sur le nom de votre \u00e9cole&#8230;\u00c9cole les Aiglons\u00c9cole Andr\u00e9-Piolat\u00c9cole Anne-H\u00e9bert\u00c9cole de l&#8217;Anse-au-sable\u00c9cole Au c\u0153ur [&hellip;]","og_url":"https:\/\/www.csf.bc.ca\/en\/tap-touche-eng\/","og_site_name":"Conseil scolaire francophone de la Colombie-Britannique","article_modified_time":"2025-10-07T21:55:07+00:00","og_image":[{"width":373,"height":133,"url":"https:\/\/www.csf.bc.ca\/wp-content\/uploads\/2022\/09\/tap_touche.gif","type":"image\/gif"}],"twitter_card":"summary_large_image","twitter_misc":{"Est. reading time":"1 minute"},"schema":{"@context":"https:\/\/schema.org","@graph":[{"@type":"WebPage","@id":"https:\/\/www.csf.bc.ca\/en\/tap-touche-eng\/","url":"https:\/\/www.csf.bc.ca\/en\/tap-touche-eng\/","name":"Tap Touche ENG | Conseil scolaire francophone de la Colombie-Britannique","isPartOf":{"@id":"https:\/\/www.csf.bc.ca\/en\/#website"},"primaryImageOfPage":{"@id":"https:\/\/www.csf.bc.ca\/en\/tap-touche-eng\/#primaryimage"},"image":{"@id":"https:\/\/www.csf.bc.ca\/en\/tap-touche-eng\/#primaryimage"},"thumbnailUrl":"https:\/\/www.csf.bc.ca\/wp-content\/uploads\/2022\/09\/tap_touche.gif","datePublished":"2022-09-12T18:59:16+00:00","dateModified":"2025-10-07T21:55:07+00:00","breadcrumb":{"@id":"https:\/\/www.csf.bc.ca\/en\/tap-touche-eng\/#breadcrumb"},"inLanguage":"en-US","potentialAction":[{"@type":"ReadAction","target":["https:\/\/www.csf.bc.ca\/en\/tap-touche-eng\/"]}]},{"@type":"ImageObject","inLanguage":"en-US","@id":"https:\/\/www.csf.bc.ca\/en\/tap-touche-eng\/#primaryimage","url":"https:\/\/www.csf.bc.ca\/wp-content\/uploads\/2022\/09\/tap_touche.gif","contentUrl":"https:\/\/www.csf.bc.ca\/wp-content\/uploads\/2022\/09\/tap_touche.gif"},{"@type":"BreadcrumbList","@id":"https:\/\/www.csf.bc.ca\/en\/tap-touche-eng\/#breadcrumb","itemListElement":[{"@type":"ListItem","position":1,"name":"Home","item":"https:\/\/www.csf.bc.ca\/en\/"},{"@type":"ListItem","position":2,"name":"Tap Touche ENG"}]},{"@type":"WebSite","@id":"https:\/\/www.csf.bc.ca\/en\/#website","url":"https:\/\/www.csf.bc.ca\/en\/","name":"Conseil scolaire francophone de la Colombie-Britannique","description":"CSF","publisher":{"@id":"https:\/\/www.csf.bc.ca\/en\/#organization"},"potentialAction":[{"@type":"SearchAction","target":{"@type":"EntryPoint","urlTemplate":"https:\/\/www.csf.bc.ca\/en\/?s={search_term_string}"},"query-input":{"@type":"PropertyValueSpecification","valueRequired":true,"valueName":"search_term_string"}}],"inLanguage":"en-US"},{"@type":"Organization","@id":"https:\/\/www.csf.bc.ca\/en\/#organization","name":"Conseil scolaire francophone de la Colombie-Britannique","url":"https:\/\/www.csf.bc.ca\/en\/","logo":{"@type":"ImageObject","inLanguage":"en-US","@id":"https:\/\/www.csf.bc.ca\/en\/#\/schema\/logo\/image\/","url":"https:\/\/www.csf.bc.ca\/wp-content\/uploads\/2022\/05\/csf-logoHoriz-desc-court-coul.svg","contentUrl":"https:\/\/www.csf.bc.ca\/wp-content\/uploads\/2022\/05\/csf-logoHoriz-desc-court-coul.svg","width":842,"height":205,"caption":"Conseil scolaire francophone de la Colombie-Britannique"},"image":{"@id":"https:\/\/www.csf.bc.ca\/en\/#\/schema\/logo\/image\/"}}]}},"_links":{"self":[{"href":"https:\/\/www.csf.bc.ca\/en\/wp-json\/wp\/v2\/pages\/6629","targetHints":{"allow":["GET"]}}],"collection":[{"href":"https:\/\/www.csf.bc.ca\/en\/wp-json\/wp\/v2\/pages"}],"about":[{"href":"https:\/\/www.csf.bc.ca\/en\/wp-json\/wp\/v2\/types\/page"}],"author":[{"embeddable":true,"href":"https:\/\/www.csf.bc.ca\/en\/wp-json\/wp\/v2\/users\/4"}],"replies":[{"embeddable":true,"href":"https:\/\/www.csf.bc.ca\/en\/wp-json\/wp\/v2\/comments?post=6629"}],"version-history":[{"count":6,"href":"https:\/\/www.csf.bc.ca\/en\/wp-json\/wp\/v2\/pages\/6629\/revisions"}],"predecessor-version":[{"id":14705,"href":"https:\/\/www.csf.bc.ca\/en\/wp-json\/wp\/v2\/pages\/6629\/revisions\/14705"}],"wp:attachment":[{"href":"https:\/\/www.csf.bc.ca\/en\/wp-json\/wp\/v2\/media?parent=6629"}],"curies":[{"name":"wp","href":"https:\/\/api.w.org\/{rel}","templated":true}]}}