{"id":6931,"date":"2022-06-07T05:40:16","date_gmt":"2022-06-07T12:40:16","guid":{"rendered":"https:\/\/www.csf.bc.ca\/education\/devenir-partenaire-communautaire\/"},"modified":"2022-10-07T09:52:47","modified_gmt":"2022-10-07T16:52:47","slug":"devenir-partenaire-communautaire","status":"publish","type":"page","link":"https:\/\/www.csf.bc.ca\/en\/education\/devenir-partenaire-communautaire\/","title":{"rendered":"Becoming a Community Partner"},"content":{"rendered":"\n<section id=\"header-block_629f470bdba82\" class=\"block block-header --right\">\n    <div class=\"container\">\n        <div class=\"flow\" data-sal=\"slide-right\" data-sal-duration=\"500\">\n            \n\n<h1 class=\"wp-block-heading\"><strong><strong>Becoming a Community Partner<\/strong><\/strong><\/h1>\n\n\n        <\/div>\n    <\/div>\n    <div class=\"bg\" data-sal=\"fade\" data-sal-duartion=\"500\" style=\"background-image: url('https:\/\/www.csf.bc.ca\/wp-content\/uploads\/2022\/05\/home-cta.jpg');\"><\/div>\n<\/section>\n\n\n<p>In 2022, the CSF created its first cultural projects directory with a selection of the proposals submitted by community partners from British Columbia and beyond. <br>Find out everything you need to know about community partners and how to become one on this page !<\/p>\n\n\n\n<p> <\/p>\n\n\n\n<p class=\"has-text-align-center\">To learn more about innovative cultural education at the CSF  <\/p>\n\n\n\n<div class=\"wp-block-buttons is-layout-flex wp-block-buttons-is-layout-flex\">\n<div class=\"wp-block-button aligncenter\"><a class=\"wp-block-button__link\" href=\"https:\/\/www.csf.bc.ca\/education\/innovante-et-culturelle\/\">Click here !<\/a><\/div>\n<\/div>\n\n\n\n<div style=\"height:100px\" aria-hidden=\"true\" class=\"wp-block-spacer\"><\/div>\n\n\n\n\n<section id=\"text-image-block_629f8cef57828\" class=\"block block-text-image --reverse\">\n    <div class=\"container\">\n        <div class=\"flow\">\n\n            \n\n<p>Six th\u00e9matiques, adapt\u00e9es au besoins des \u00e9l\u00e8ves et des membres du personnel, se d\u00e9tachent de nos projets culturels, selon les 8 priorit\u00e9s du minist\u00e8re de l&#8217;\u00c9ducation et des Services \u00e0 la petite enfance :<\/p>\n\n\n\n<p>&nbsp;<\/p>\n\n\n\n<ol class=\"has-luminous-vivid-amber-color has-text-color wp-block-list\"><li>Diversit\u00e9, inclusion et ouverture sur le monde&nbsp;<br><\/li><li>Environnement et Climat&nbsp;<br><\/li><li>\u00c9tudes Autochtones&nbsp;<br><\/li><li>Expression artistique&nbsp;<br><\/li><li>Sport et bien-\u00eatre<br><\/li><li>Th\u00e9matique hybride<\/li><\/ol>\n\n\n\n        <\/div>\n        <figure class=\"image\" data-sal=\"slide-up\" data-sal-duration=\"500\">\n                            <img decoding=\"async\" src=\"https:\/\/www.csf.bc.ca\/wp-content\/uploads\/2022\/08\/empreintes-web1.jpg\" alt=\"\" \/>\n                        \n                    \n                            <span class=\"line line-a rellax-1 --reverse\" ><\/span>\n                <span class=\"line line-b rellax-horizontal\"><\/span>\n                    <\/figure>\n    <\/div>\n<\/section>\n\n\n<div style=\"height:20px\" aria-hidden=\"true\" class=\"wp-block-spacer\"><\/div>\n\n\n\n<h2 class=\"wp-block-heading\">How does it work ? <\/h2>\n\n\n\n<p>The schools use the cultural directory, which is in the process of being republished for the 2022-2023 school year, to plan the activities and projects proposed by the CSF\u2019s community partners in their classrooms.<\/p>\n\n\n\n<p>To participate in the selection process and be listed in the cultural directory for the current year, it\u2019s important to note the deadlines for submitting your proposal. At the beginning of the summer, a call for projects is emailed to community partners with all the information they need, including the various deadlines.<\/p>\n\n\n\n<p>It\u2019s important to note that at the end of the selection process, a list of the partners selected will be provided to the schools, but those partners\u2019 projects will not necessarily be booked.<\/p>\n\n\n\n<p>The multi-stage process ensures that selected organizations and projects are eligible.<\/p>\n\n\n\n<div style=\"height:14px\" aria-hidden=\"true\" class=\"wp-block-spacer\"><\/div>\n\n\n\n<h3 class=\"wp-block-heading\">Selection criteria :<\/h3>\n\n\n\n<ul class=\"has-background wp-block-list\" style=\"background-color:#b0d6ec\"><li>The project is closely related to one of the five themes ;<\/li><li>The purpose of the partnership is to organize activities or projects for the benefit of our students with preparatory activities and\/or investment activities ;\u00a0<\/li><li>The project supports the implementation of the\u00a0<a href=\"https:\/\/www.csf.bc.ca\/plan-strategique\/\">CSF\u2019s 2021-2026 Strategic Plan<\/a> ;\u00a0<\/li><li>The project is aimed at improving the essential skills of our students (interaction, collaboration, creative and reflective thinking, positive personal and cultural identities, self-awareness and personal responsibility, social responsibility) ;\u00a0<\/li><li>The missions and visions of the two parties are compatible ;\u00a0<\/li><li>The image conveyed by the project is favourable to the CSF and the partner organization ;\u00a0<\/li><li>The viability of the project, the clarity of the description provided and the feasibility of the proposed costs \u2013 particularly taking into account the different realities and sizes of CSF schools \u2013 will be carefully considered ;\u00a0<\/li><li>Where projects bring together multiple schools, either virtually or in person, this will be seen as an asset ;\u00a0<\/li><li>The qualifications and expertise of activity leaders or organizers are in line with the mission of the applicant organization, and have been verified by the organization before its proposal was submitted.<\/li><\/ul>\n\n\n\n<div style=\"height:13px\" aria-hidden=\"true\" class=\"wp-block-spacer\"><\/div>\n\n\n\n<p><strong>For more information on opportunities to partner with the CSF, <\/strong>please contact the public relations team at\u00a0<a href=\"mailto:relations_publiques@csf.bc.ca\">relations_publiques@csf.bc.ca<\/a>. <\/p>\n\n\n\n\n\n<div style=\"height:17px\" aria-hidden=\"true\" class=\"wp-block-spacer\"><\/div>\n","protected":false},"excerpt":{"rendered":"<p>Le CSF a cr\u00e9\u00e9 en 2020 son premier r\u00e9pertoire de projets culturels avec une s\u00e9lection des propositions faites par les partenaires communautaires de la Colombie-Britannique et d\u2019ailleurs.\u00a0<\/p>\n","protected":false},"author":1,"featured_media":800,"parent":2922,"menu_order":3,"comment_status":"closed","ping_status":"closed","template":"","meta":{"_acf_changed":false,"footnotes":""},"class_list":["post-6931","page","type-page","status-publish","has-post-thumbnail","hentry"],"acf":[],"yoast_head":"<!-- This site is optimized with the Yoast SEO plugin v26.5 - https:\/\/yoast.com\/wordpress\/plugins\/seo\/ -->\n<title>Becoming a Community Partner | Conseil scolaire francophone de la Colombie-Britannique<\/title>\n<meta name=\"robots\" content=\"index, follow, max-snippet:-1, max-image-preview:large, max-video-preview:-1\" \/>\n<link rel=\"canonical\" href=\"https:\/\/www.csf.bc.ca\/en\/education\/devenir-partenaire-communautaire\/\" \/>\n<meta property=\"og:locale\" content=\"en_US\" \/>\n<meta property=\"og:type\" content=\"article\" \/>\n<meta property=\"og:title\" content=\"Becoming a Community Partner | Conseil scolaire francophone de la Colombie-Britannique\" \/>\n<meta property=\"og:description\" content=\"Le CSF a cr\u00e9\u00e9 en 2020 son premier r\u00e9pertoire de projets culturels avec une s\u00e9lection des propositions faites par les partenaires communautaires de la Colombie-Britannique et d\u2019ailleurs.\u00a0\" \/>\n<meta property=\"og:url\" content=\"https:\/\/www.csf.bc.ca\/en\/education\/devenir-partenaire-communautaire\/\" \/>\n<meta property=\"og:site_name\" content=\"Conseil scolaire francophone de la Colombie-Britannique\" \/>\n<meta property=\"article:modified_time\" content=\"2022-10-07T16:52:47+00:00\" \/>\n<meta property=\"og:image\" content=\"https:\/\/www.csf.bc.ca\/wp-content\/uploads\/2022\/06\/devenir-membre-header-e1660790249796.jpg\" \/>\n\t<meta property=\"og:image:width\" content=\"1920\" \/>\n\t<meta property=\"og:image:height\" content=\"688\" \/>\n\t<meta property=\"og:image:type\" content=\"image\/jpeg\" \/>\n<meta name=\"twitter:card\" content=\"summary_large_image\" \/>\n<meta name=\"twitter:label1\" content=\"Est. reading time\" \/>\n\t<meta name=\"twitter:data1\" content=\"3 minutes\" \/>\n<script type=\"application\/ld+json\" class=\"yoast-schema-graph\">{\"@context\":\"https:\/\/schema.org\",\"@graph\":[{\"@type\":\"WebPage\",\"@id\":\"https:\/\/www.csf.bc.ca\/en\/education\/devenir-partenaire-communautaire\/\",\"url\":\"https:\/\/www.csf.bc.ca\/en\/education\/devenir-partenaire-communautaire\/\",\"name\":\"Becoming a Community Partner | Conseil scolaire francophone de la Colombie-Britannique\",\"isPartOf\":{\"@id\":\"https:\/\/www.csf.bc.ca\/en\/#website\"},\"primaryImageOfPage\":{\"@id\":\"https:\/\/www.csf.bc.ca\/en\/education\/devenir-partenaire-communautaire\/#primaryimage\"},\"image\":{\"@id\":\"https:\/\/www.csf.bc.ca\/en\/education\/devenir-partenaire-communautaire\/#primaryimage\"},\"thumbnailUrl\":\"https:\/\/www.csf.bc.ca\/wp-content\/uploads\/2022\/06\/devenir-membre-header-e1660790249796.jpg\",\"datePublished\":\"2022-06-07T12:40:16+00:00\",\"dateModified\":\"2022-10-07T16:52:47+00:00\",\"breadcrumb\":{\"@id\":\"https:\/\/www.csf.bc.ca\/en\/education\/devenir-partenaire-communautaire\/#breadcrumb\"},\"inLanguage\":\"en-US\",\"potentialAction\":[{\"@type\":\"ReadAction\",\"target\":[\"https:\/\/www.csf.bc.ca\/en\/education\/devenir-partenaire-communautaire\/\"]}]},{\"@type\":\"ImageObject\",\"inLanguage\":\"en-US\",\"@id\":\"https:\/\/www.csf.bc.ca\/en\/education\/devenir-partenaire-communautaire\/#primaryimage\",\"url\":\"https:\/\/www.csf.bc.ca\/wp-content\/uploads\/2022\/06\/devenir-membre-header-e1660790249796.jpg\",\"contentUrl\":\"https:\/\/www.csf.bc.ca\/wp-content\/uploads\/2022\/06\/devenir-membre-header-e1660790249796.jpg\",\"width\":1920,\"height\":688},{\"@type\":\"BreadcrumbList\",\"@id\":\"https:\/\/www.csf.bc.ca\/en\/education\/devenir-partenaire-communautaire\/#breadcrumb\",\"itemListElement\":[{\"@type\":\"ListItem\",\"position\":1,\"name\":\"Home\",\"item\":\"https:\/\/www.csf.bc.ca\/en\/\"},{\"@type\":\"ListItem\",\"position\":2,\"name\":\"Education\",\"item\":\"https:\/\/www.csf.bc.ca\/en\/education\/\"},{\"@type\":\"ListItem\",\"position\":3,\"name\":\"Becoming a Community Partner\"}]},{\"@type\":\"WebSite\",\"@id\":\"https:\/\/www.csf.bc.ca\/en\/#website\",\"url\":\"https:\/\/www.csf.bc.ca\/en\/\",\"name\":\"Conseil scolaire francophone de la Colombie-Britannique\",\"description\":\"CSF\",\"publisher\":{\"@id\":\"https:\/\/www.csf.bc.ca\/en\/#organization\"},\"potentialAction\":[{\"@type\":\"SearchAction\",\"target\":{\"@type\":\"EntryPoint\",\"urlTemplate\":\"https:\/\/www.csf.bc.ca\/en\/?s={search_term_string}\"},\"query-input\":{\"@type\":\"PropertyValueSpecification\",\"valueRequired\":true,\"valueName\":\"search_term_string\"}}],\"inLanguage\":\"en-US\"},{\"@type\":\"Organization\",\"@id\":\"https:\/\/www.csf.bc.ca\/en\/#organization\",\"name\":\"Conseil scolaire francophone de la Colombie-Britannique\",\"url\":\"https:\/\/www.csf.bc.ca\/en\/\",\"logo\":{\"@type\":\"ImageObject\",\"inLanguage\":\"en-US\",\"@id\":\"https:\/\/www.csf.bc.ca\/en\/#\/schema\/logo\/image\/\",\"url\":\"https:\/\/www.csf.bc.ca\/wp-content\/uploads\/2022\/05\/csf-logoHoriz-desc-court-coul.svg\",\"contentUrl\":\"https:\/\/www.csf.bc.ca\/wp-content\/uploads\/2022\/05\/csf-logoHoriz-desc-court-coul.svg\",\"width\":842,\"height\":205,\"caption\":\"Conseil scolaire francophone de la Colombie-Britannique\"},\"image\":{\"@id\":\"https:\/\/www.csf.bc.ca\/en\/#\/schema\/logo\/image\/\"}}]}<\/script>\n<!-- \/ Yoast SEO plugin. -->","yoast_head_json":{"title":"Becoming a Community Partner | Conseil scolaire francophone de la Colombie-Britannique","robots":{"index":"index","follow":"follow","max-snippet":"max-snippet:-1","max-image-preview":"max-image-preview:large","max-video-preview":"max-video-preview:-1"},"canonical":"https:\/\/www.csf.bc.ca\/en\/education\/devenir-partenaire-communautaire\/","og_locale":"en_US","og_type":"article","og_title":"Becoming a Community Partner | Conseil scolaire francophone de la Colombie-Britannique","og_description":"Le CSF a cr\u00e9\u00e9 en 2020 son premier r\u00e9pertoire de projets culturels avec une s\u00e9lection des propositions faites par les partenaires communautaires de la Colombie-Britannique et d\u2019ailleurs.\u00a0","og_url":"https:\/\/www.csf.bc.ca\/en\/education\/devenir-partenaire-communautaire\/","og_site_name":"Conseil scolaire francophone de la Colombie-Britannique","article_modified_time":"2022-10-07T16:52:47+00:00","og_image":[{"width":1920,"height":688,"url":"https:\/\/www.csf.bc.ca\/wp-content\/uploads\/2022\/06\/devenir-membre-header-e1660790249796.jpg","type":"image\/jpeg"}],"twitter_card":"summary_large_image","twitter_misc":{"Est. reading time":"3 minutes"},"schema":{"@context":"https:\/\/schema.org","@graph":[{"@type":"WebPage","@id":"https:\/\/www.csf.bc.ca\/en\/education\/devenir-partenaire-communautaire\/","url":"https:\/\/www.csf.bc.ca\/en\/education\/devenir-partenaire-communautaire\/","name":"Becoming a Community Partner | Conseil scolaire francophone de la Colombie-Britannique","isPartOf":{"@id":"https:\/\/www.csf.bc.ca\/en\/#website"},"primaryImageOfPage":{"@id":"https:\/\/www.csf.bc.ca\/en\/education\/devenir-partenaire-communautaire\/#primaryimage"},"image":{"@id":"https:\/\/www.csf.bc.ca\/en\/education\/devenir-partenaire-communautaire\/#primaryimage"},"thumbnailUrl":"https:\/\/www.csf.bc.ca\/wp-content\/uploads\/2022\/06\/devenir-membre-header-e1660790249796.jpg","datePublished":"2022-06-07T12:40:16+00:00","dateModified":"2022-10-07T16:52:47+00:00","breadcrumb":{"@id":"https:\/\/www.csf.bc.ca\/en\/education\/devenir-partenaire-communautaire\/#breadcrumb"},"inLanguage":"en-US","potentialAction":[{"@type":"ReadAction","target":["https:\/\/www.csf.bc.ca\/en\/education\/devenir-partenaire-communautaire\/"]}]},{"@type":"ImageObject","inLanguage":"en-US","@id":"https:\/\/www.csf.bc.ca\/en\/education\/devenir-partenaire-communautaire\/#primaryimage","url":"https:\/\/www.csf.bc.ca\/wp-content\/uploads\/2022\/06\/devenir-membre-header-e1660790249796.jpg","contentUrl":"https:\/\/www.csf.bc.ca\/wp-content\/uploads\/2022\/06\/devenir-membre-header-e1660790249796.jpg","width":1920,"height":688},{"@type":"BreadcrumbList","@id":"https:\/\/www.csf.bc.ca\/en\/education\/devenir-partenaire-communautaire\/#breadcrumb","itemListElement":[{"@type":"ListItem","position":1,"name":"Home","item":"https:\/\/www.csf.bc.ca\/en\/"},{"@type":"ListItem","position":2,"name":"Education","item":"https:\/\/www.csf.bc.ca\/en\/education\/"},{"@type":"ListItem","position":3,"name":"Becoming a Community Partner"}]},{"@type":"WebSite","@id":"https:\/\/www.csf.bc.ca\/en\/#website","url":"https:\/\/www.csf.bc.ca\/en\/","name":"Conseil scolaire francophone de la Colombie-Britannique","description":"CSF","publisher":{"@id":"https:\/\/www.csf.bc.ca\/en\/#organization"},"potentialAction":[{"@type":"SearchAction","target":{"@type":"EntryPoint","urlTemplate":"https:\/\/www.csf.bc.ca\/en\/?s={search_term_string}"},"query-input":{"@type":"PropertyValueSpecification","valueRequired":true,"valueName":"search_term_string"}}],"inLanguage":"en-US"},{"@type":"Organization","@id":"https:\/\/www.csf.bc.ca\/en\/#organization","name":"Conseil scolaire francophone de la Colombie-Britannique","url":"https:\/\/www.csf.bc.ca\/en\/","logo":{"@type":"ImageObject","inLanguage":"en-US","@id":"https:\/\/www.csf.bc.ca\/en\/#\/schema\/logo\/image\/","url":"https:\/\/www.csf.bc.ca\/wp-content\/uploads\/2022\/05\/csf-logoHoriz-desc-court-coul.svg","contentUrl":"https:\/\/www.csf.bc.ca\/wp-content\/uploads\/2022\/05\/csf-logoHoriz-desc-court-coul.svg","width":842,"height":205,"caption":"Conseil scolaire francophone de la Colombie-Britannique"},"image":{"@id":"https:\/\/www.csf.bc.ca\/en\/#\/schema\/logo\/image\/"}}]}},"_links":{"self":[{"href":"https:\/\/www.csf.bc.ca\/en\/wp-json\/wp\/v2\/pages\/6931","targetHints":{"allow":["GET"]}}],"collection":[{"href":"https:\/\/www.csf.bc.ca\/en\/wp-json\/wp\/v2\/pages"}],"about":[{"href":"https:\/\/www.csf.bc.ca\/en\/wp-json\/wp\/v2\/types\/page"}],"author":[{"embeddable":true,"href":"https:\/\/www.csf.bc.ca\/en\/wp-json\/wp\/v2\/users\/1"}],"replies":[{"embeddable":true,"href":"https:\/\/www.csf.bc.ca\/en\/wp-json\/wp\/v2\/comments?post=6931"}],"version-history":[{"count":3,"href":"https:\/\/www.csf.bc.ca\/en\/wp-json\/wp\/v2\/pages\/6931\/revisions"}],"predecessor-version":[{"id":6936,"href":"https:\/\/www.csf.bc.ca\/en\/wp-json\/wp\/v2\/pages\/6931\/revisions\/6936"}],"up":[{"embeddable":true,"href":"https:\/\/www.csf.bc.ca\/en\/wp-json\/wp\/v2\/pages\/2922"}],"wp:featuredmedia":[{"embeddable":true,"href":"https:\/\/www.csf.bc.ca\/en\/wp-json\/wp\/v2\/media\/800"}],"wp:attachment":[{"href":"https:\/\/www.csf.bc.ca\/en\/wp-json\/wp\/v2\/media?parent=6931"}],"curies":[{"name":"wp","href":"https:\/\/api.w.org\/{rel}","templated":true}]}}