{"id":6946,"date":"2022-06-07T05:39:07","date_gmt":"2022-06-07T12:39:07","guid":{"rendered":"https:\/\/www.csf.bc.ca\/education\/innovante-et-culturelle\/"},"modified":"2024-12-21T11:10:15","modified_gmt":"2024-12-21T19:10:15","slug":"innovante-et-culturelle","status":"publish","type":"page","link":"https:\/\/www.csf.bc.ca\/en\/education\/innovante-et-culturelle\/","title":{"rendered":"Equity and Anti-Racism"},"content":{"rendered":"\n<section id=\"header-block_30573b209d1d1556bbea4036c25dc374\" class=\"block block-header --left\">\n    <div class=\"container\">\n        <div class=\"flow\" data-sal=\"slide-right\" data-sal-duration=\"500\">\n            \n\n<h1 class=\"wp-block-heading\"><strong><strong>Equity and Anti-Racism<\/strong><\/strong><\/h1>\n\n\n        <\/div>\n    <\/div>\n    <div class=\"bg\" data-sal=\"fade\" data-sal-duartion=\"500\" style=\"background-image: url('https:\/\/www.csf.bc.ca\/wp-content\/uploads\/2022\/06\/education-francophone-header.jpg');\"><\/div>\n<\/section>\n\n\n\n<section id=\"text-image-block_8504abe4576749bfc86c7d4f535bee97\" class=\"block block-text-image --regular --pale\">\n    <div class=\"container\">\n        <div class=\"flow\">\n\n            \n\n<div style=\"height:40px\" aria-hidden=\"true\" class=\"wp-block-spacer\"><\/div>\n\n\n\n<div class=\"wp-block-button\"><a class=\"wp-block-button__link has-text-align-center wp-element-button\" href=\"https:\/\/bienveillance.csf.bc.ca\/\">&#8220;Bienveillance&#8221; website!<\/a><\/div>\n\n\n\n        <\/div>\n        <figure class=\"image\" data-sal=\"slide-up\" data-sal-duration=\"500\">\n                            <img decoding=\"async\" src=\"https:\/\/www.csf.bc.ca\/wp-content\/uploads\/2022\/06\/ressources-nouveaux-arrivants-header.jpg\" alt=\"\" \/>\n                        \n                    \n                            <span class=\"line line-a rellax-2 --regular\" ><\/span>\n                <span class=\"line line-b rellax-horizontal\"><\/span>\n                    <\/figure>\n    <\/div>\n<\/section>\n\n\n\n<section id=\"text-image-block_cfb03b77e8f751a48cdd08bb269fd78b\" class=\"block block-text-image --reverse --blue\">\n    <div class=\"container\">\n        <div class=\"flow\">\n\n            \n\n<div style=\"height:1px\" aria-hidden=\"true\" class=\"wp-block-spacer\"><\/div>\n\n\n\n<h2 class=\"wp-block-heading\">Rapport sur l&#8217;\u00e9quit\u00e9<\/h2>\n\n\n\n<p>Les donn\u00e9es recueillies dans le rapport et les groupes de discussion ont permis au GTAR d\u2019\u00e9mettre plusieurs recommandations pour continuer le travail sur l\u2019antiracisme au sein du CSF.<\/p>\n\n\n\n<p> <strong>L\u2019une des recommandations importantes ressortie f\u00fbt l\u2019ajout d\u2019une Journ\u00e9e CSF sur l\u2019antiracisme le 14 novembre 2022.<\/strong> Cette journ\u00e9e de travail obligatoire sur le th\u00e8me de l\u2019antiracisme est un accomplissement important pour l\u2019\u00e9quit\u00e9 au CSF. <\/p>\n\n\n\n<div style=\"height:35px\" aria-hidden=\"true\" class=\"wp-block-spacer\"><\/div>\n\n\n\n<h2 class=\"wp-block-heading\">Consultez les r\u00e9sultats ainsi que les d\u00e9tails du processus de v\u00e9rification du rapport de Bakau Consulting<\/h2>\n\n\n\n<div class=\"wp-block-button aligncenter\"><a class=\"wp-block-button__link wp-element-button\" href=\"https:\/\/www.csf.bc.ca\/wp-content\/uploads\/2022\/10\/Bakau_CSF_SD-93-Equity-Scan-Report-1.pdf\" target=\"_blank\" rel=\"noreferrer noopener\">en cliquant ici !<\/a><\/div>\n\n\n\n        <\/div>\n        <figure class=\"image\" data-sal=\"slide-up\" data-sal-duration=\"500\">\n                            <img decoding=\"async\" src=\"https:\/\/www.csf.bc.ca\/wp-content\/uploads\/2022\/10\/Capture-decran-le-2022-10-04-a-15.45.36-3.png\" alt=\"\" \/>\n                        \n                    \n                            <span class=\"line line-a rellax-1 --reverse\" ><\/span>\n                <span class=\"line line-b rellax-horizontal\"><\/span>\n                    <\/figure>\n    <\/div>\n<\/section>\n\n\n<div style=\"height:34px\" aria-hidden=\"true\" class=\"wp-block-spacer\"><\/div>\n\n\n\n<p>Contactez l&#8217;\u00e9quipe en charge de l&#8217;\u00e9quit\u00e9 au CSF \u00e0 l&#8217;adresse courriel : <a href=\"mailto:equite@csf.bc.ca\">equite_antiracisme@csf.bc.ca<\/a><\/p>\n\n\n\n<p>Si vous souhaitez en apprendre davantage sur la bienveillance au CSF, rendez-vous sur : <a href=\"https:\/\/bienveillance.csf.bc.ca\" target=\"_blank\" rel=\"noreferrer noopener\">https:\/\/bienveillance.csf.bc.ca<\/a><\/p>\n\n\n\n<div style=\"height:34px\" aria-hidden=\"true\" class=\"wp-block-spacer\"><\/div>\n\n\n\n\n<section class=\"block block-home-news\">\n    <div class=\"container --large\">\n        <h2>News<\/h2>\n\n                <a href=\"\/en\/news\/\" class=\"link-arrow\">See all archives  <i class=\"far fa-arrow-right\"><\/i><\/a>\n\n        <div class=\"cards\">\n\n            \n            <div class=\"card\">\n                <span class=\"card__tag\">Uncategorized<\/span>                <figure class=\"card__featured\">\n                    <img loading=\"lazy\" decoding=\"async\" width=\"500\" height=\"360\" src=\"https:\/\/www.csf.bc.ca\/wp-content\/uploads\/2026\/04\/iStock-1134338121-500x360.jpeg\" class=\"attachment-csf-nouvelles size-csf-nouvelles wp-post-image\" alt=\"\" \/>                <\/figure>\n                <div class=\"card__content flow\">\n                    <time class=\"date\">15 April 2026<\/time>\n                    <h3>Inscrivez votre enfant d\u00e8s maintenant pour l&#8217;ann\u00e9e scolaire 2025-2026 !<\/h3>\n                    <p>Les inscriptions pour la prochaine ann\u00e9e scolaire au Conseil scolaire francophone de la Colombie-Britannique (CSF) [&hellip;]<\/p>\n                <\/div>\n                <div class=\"card__link\">\n                    <a href=\"https:\/\/www.csf.bc.ca\/en\/2026\/04\/15\/inscrivez-votre-enfant-des-maintenant-pour-lannee-scolaire-2025-2026\/\">Read more <i class=\"far fa-arrow-right\"><\/i><\/a>\n                <\/div>\n            <\/div>\n\n            \n            <div class=\"card\">\n                <span class=\"card__tag\">Conseil d&#8217;administration<\/span>                <figure class=\"card__featured\">\n                    <img loading=\"lazy\" decoding=\"async\" width=\"500\" height=\"360\" src=\"https:\/\/www.csf.bc.ca\/wp-content\/uploads\/2025\/10\/rencontre_ca2-2-500x360.jpg\" class=\"attachment-csf-nouvelles size-csf-nouvelles wp-post-image\" alt=\"\" \/>                <\/figure>\n                <div class=\"card__content flow\">\n                    <time class=\"date\">13 April 2026<\/time>\n                    <h3>Rencontre publique du CA \u2013 18 avril 2026 \u00e0 8h30.<\/h3>\n                    <p>RENCONTRE PUBLIQUE DU CONSEIL D\u2019ADMINISTRATION La prochaine rencontre publique du conseil d\u2019administration se tiendra le [&hellip;]<\/p>\n                <\/div>\n                <div class=\"card__link\">\n                    <a href=\"https:\/\/www.csf.bc.ca\/en\/2026\/04\/13\/rencontre-publique-du-ca-18-avril-2026-a-8h30\/\">Read more <i class=\"far fa-arrow-right\"><\/i><\/a>\n                <\/div>\n            <\/div>\n\n            \n            <div class=\"card\">\n                <span class=\"card__tag\">Petite enfance<\/span>                <figure class=\"card__featured\">\n                    <img loading=\"lazy\" decoding=\"async\" width=\"500\" height=\"360\" src=\"https:\/\/www.csf.bc.ca\/wp-content\/uploads\/2023\/09\/iStock-1130065303-500x360.jpg\" class=\"attachment-csf-nouvelles size-csf-nouvelles wp-post-image\" alt=\"\" \/>                <\/figure>\n                <div class=\"card__content flow\">\n                    <time class=\"date\">2 April 2026<\/time>\n                    <h3>Les orthophonistes du CSF t\u00e9moignent dans un reportage de Radio-Canada<\/h3>\n                    <p>Transmettre la langue fran\u00e7aise \u00e0 ses enfants, en contexte minoritaire, est un d\u00e9fi de taille [&hellip;]<\/p>\n                <\/div>\n                <div class=\"card__link\">\n                    <a href=\"https:\/\/www.csf.bc.ca\/en\/2026\/04\/02\/les-orthophonistes-du-csf-temoignent-dans-un-reportage-de-radio-canada\/\">Read more <i class=\"far fa-arrow-right\"><\/i><\/a>\n                <\/div>\n            <\/div>\n\n            \n\n        <\/div>\n    <\/div>\n\n    <div class=\"lines\">\n        <span class=\"line line-a\"><\/span>\n        <span class=\"line line-b\"><\/span>\n        <span class=\"line line-c\"><\/span>\n        <span class=\"line line-d\"><\/span>\n        <span class=\"line line-e\"><\/span>\n    <\/div>\n<\/section>\n\n","protected":false},"excerpt":{"rendered":"<p>Le CSF, \u00e0 travers son plan strat\u00e9gique, promeut la collaboration, l\u2019innovation et l\u2019engagement pour la r\u00e9ussite de tous les apprenants en milieu francophone.<\/p>\n","protected":false},"author":1,"featured_media":853,"parent":2922,"menu_order":3,"comment_status":"closed","ping_status":"closed","template":"","meta":{"_acf_changed":false,"footnotes":""},"class_list":["post-6946","page","type-page","status-publish","has-post-thumbnail","hentry"],"acf":[],"yoast_head":"<!-- This site is optimized with the Yoast SEO plugin v26.5 - https:\/\/yoast.com\/wordpress\/plugins\/seo\/ -->\n<title>Equity and Anti-Racism | Conseil scolaire francophone de la Colombie-Britannique<\/title>\n<meta name=\"robots\" content=\"index, follow, max-snippet:-1, max-image-preview:large, max-video-preview:-1\" \/>\n<link rel=\"canonical\" href=\"https:\/\/www.csf.bc.ca\/en\/education\/innovante-et-culturelle\/\" \/>\n<meta property=\"og:locale\" content=\"en_US\" \/>\n<meta property=\"og:type\" content=\"article\" \/>\n<meta property=\"og:title\" content=\"Equity and Anti-Racism | Conseil scolaire francophone de la Colombie-Britannique\" \/>\n<meta property=\"og:description\" content=\"Le CSF, \u00e0 travers son plan strat\u00e9gique, promeut la collaboration, l\u2019innovation et l\u2019engagement pour la r\u00e9ussite de tous les apprenants en milieu francophone.\" \/>\n<meta property=\"og:url\" content=\"https:\/\/www.csf.bc.ca\/en\/education\/innovante-et-culturelle\/\" \/>\n<meta property=\"og:site_name\" content=\"Conseil scolaire francophone de la Colombie-Britannique\" \/>\n<meta property=\"article:modified_time\" content=\"2024-12-21T19:10:15+00:00\" \/>\n<meta property=\"og:image\" content=\"https:\/\/www.csf.bc.ca\/wp-content\/uploads\/2022\/06\/education-bienveillante-01.jpg\" \/>\n\t<meta property=\"og:image:width\" content=\"855\" \/>\n\t<meta property=\"og:image:height\" content=\"533\" \/>\n\t<meta property=\"og:image:type\" content=\"image\/jpeg\" \/>\n<meta name=\"twitter:card\" content=\"summary_large_image\" \/>\n<meta name=\"twitter:label1\" content=\"Est. reading time\" \/>\n\t<meta name=\"twitter:data1\" content=\"1 minute\" \/>\n<script type=\"application\/ld+json\" class=\"yoast-schema-graph\">{\"@context\":\"https:\/\/schema.org\",\"@graph\":[{\"@type\":\"WebPage\",\"@id\":\"https:\/\/www.csf.bc.ca\/en\/education\/innovante-et-culturelle\/\",\"url\":\"https:\/\/www.csf.bc.ca\/en\/education\/innovante-et-culturelle\/\",\"name\":\"Equity and Anti-Racism | Conseil scolaire francophone de la Colombie-Britannique\",\"isPartOf\":{\"@id\":\"https:\/\/www.csf.bc.ca\/en\/#website\"},\"primaryImageOfPage\":{\"@id\":\"https:\/\/www.csf.bc.ca\/en\/education\/innovante-et-culturelle\/#primaryimage\"},\"image\":{\"@id\":\"https:\/\/www.csf.bc.ca\/en\/education\/innovante-et-culturelle\/#primaryimage\"},\"thumbnailUrl\":\"https:\/\/www.csf.bc.ca\/wp-content\/uploads\/2022\/06\/education-bienveillante-01.jpg\",\"datePublished\":\"2022-06-07T12:39:07+00:00\",\"dateModified\":\"2024-12-21T19:10:15+00:00\",\"breadcrumb\":{\"@id\":\"https:\/\/www.csf.bc.ca\/en\/education\/innovante-et-culturelle\/#breadcrumb\"},\"inLanguage\":\"en-US\",\"potentialAction\":[{\"@type\":\"ReadAction\",\"target\":[\"https:\/\/www.csf.bc.ca\/en\/education\/innovante-et-culturelle\/\"]}]},{\"@type\":\"ImageObject\",\"inLanguage\":\"en-US\",\"@id\":\"https:\/\/www.csf.bc.ca\/en\/education\/innovante-et-culturelle\/#primaryimage\",\"url\":\"https:\/\/www.csf.bc.ca\/wp-content\/uploads\/2022\/06\/education-bienveillante-01.jpg\",\"contentUrl\":\"https:\/\/www.csf.bc.ca\/wp-content\/uploads\/2022\/06\/education-bienveillante-01.jpg\",\"width\":855,\"height\":533},{\"@type\":\"BreadcrumbList\",\"@id\":\"https:\/\/www.csf.bc.ca\/en\/education\/innovante-et-culturelle\/#breadcrumb\",\"itemListElement\":[{\"@type\":\"ListItem\",\"position\":1,\"name\":\"Home\",\"item\":\"https:\/\/www.csf.bc.ca\/en\/\"},{\"@type\":\"ListItem\",\"position\":2,\"name\":\"Education\",\"item\":\"https:\/\/www.csf.bc.ca\/en\/education\/\"},{\"@type\":\"ListItem\",\"position\":3,\"name\":\"Equity and Anti-Racism\"}]},{\"@type\":\"WebSite\",\"@id\":\"https:\/\/www.csf.bc.ca\/en\/#website\",\"url\":\"https:\/\/www.csf.bc.ca\/en\/\",\"name\":\"Conseil scolaire francophone de la Colombie-Britannique\",\"description\":\"CSF\",\"publisher\":{\"@id\":\"https:\/\/www.csf.bc.ca\/en\/#organization\"},\"potentialAction\":[{\"@type\":\"SearchAction\",\"target\":{\"@type\":\"EntryPoint\",\"urlTemplate\":\"https:\/\/www.csf.bc.ca\/en\/?s={search_term_string}\"},\"query-input\":{\"@type\":\"PropertyValueSpecification\",\"valueRequired\":true,\"valueName\":\"search_term_string\"}}],\"inLanguage\":\"en-US\"},{\"@type\":\"Organization\",\"@id\":\"https:\/\/www.csf.bc.ca\/en\/#organization\",\"name\":\"Conseil scolaire francophone de la Colombie-Britannique\",\"url\":\"https:\/\/www.csf.bc.ca\/en\/\",\"logo\":{\"@type\":\"ImageObject\",\"inLanguage\":\"en-US\",\"@id\":\"https:\/\/www.csf.bc.ca\/en\/#\/schema\/logo\/image\/\",\"url\":\"https:\/\/www.csf.bc.ca\/wp-content\/uploads\/2022\/05\/csf-logoHoriz-desc-court-coul.svg\",\"contentUrl\":\"https:\/\/www.csf.bc.ca\/wp-content\/uploads\/2022\/05\/csf-logoHoriz-desc-court-coul.svg\",\"width\":842,\"height\":205,\"caption\":\"Conseil scolaire francophone de la Colombie-Britannique\"},\"image\":{\"@id\":\"https:\/\/www.csf.bc.ca\/en\/#\/schema\/logo\/image\/\"}}]}<\/script>\n<!-- \/ Yoast SEO plugin. -->","yoast_head_json":{"title":"Equity and Anti-Racism | Conseil scolaire francophone de la Colombie-Britannique","robots":{"index":"index","follow":"follow","max-snippet":"max-snippet:-1","max-image-preview":"max-image-preview:large","max-video-preview":"max-video-preview:-1"},"canonical":"https:\/\/www.csf.bc.ca\/en\/education\/innovante-et-culturelle\/","og_locale":"en_US","og_type":"article","og_title":"Equity and Anti-Racism | Conseil scolaire francophone de la Colombie-Britannique","og_description":"Le CSF, \u00e0 travers son plan strat\u00e9gique, promeut la collaboration, l\u2019innovation et l\u2019engagement pour la r\u00e9ussite de tous les apprenants en milieu francophone.","og_url":"https:\/\/www.csf.bc.ca\/en\/education\/innovante-et-culturelle\/","og_site_name":"Conseil scolaire francophone de la Colombie-Britannique","article_modified_time":"2024-12-21T19:10:15+00:00","og_image":[{"width":855,"height":533,"url":"https:\/\/www.csf.bc.ca\/wp-content\/uploads\/2022\/06\/education-bienveillante-01.jpg","type":"image\/jpeg"}],"twitter_card":"summary_large_image","twitter_misc":{"Est. reading time":"1 minute"},"schema":{"@context":"https:\/\/schema.org","@graph":[{"@type":"WebPage","@id":"https:\/\/www.csf.bc.ca\/en\/education\/innovante-et-culturelle\/","url":"https:\/\/www.csf.bc.ca\/en\/education\/innovante-et-culturelle\/","name":"Equity and Anti-Racism | Conseil scolaire francophone de la Colombie-Britannique","isPartOf":{"@id":"https:\/\/www.csf.bc.ca\/en\/#website"},"primaryImageOfPage":{"@id":"https:\/\/www.csf.bc.ca\/en\/education\/innovante-et-culturelle\/#primaryimage"},"image":{"@id":"https:\/\/www.csf.bc.ca\/en\/education\/innovante-et-culturelle\/#primaryimage"},"thumbnailUrl":"https:\/\/www.csf.bc.ca\/wp-content\/uploads\/2022\/06\/education-bienveillante-01.jpg","datePublished":"2022-06-07T12:39:07+00:00","dateModified":"2024-12-21T19:10:15+00:00","breadcrumb":{"@id":"https:\/\/www.csf.bc.ca\/en\/education\/innovante-et-culturelle\/#breadcrumb"},"inLanguage":"en-US","potentialAction":[{"@type":"ReadAction","target":["https:\/\/www.csf.bc.ca\/en\/education\/innovante-et-culturelle\/"]}]},{"@type":"ImageObject","inLanguage":"en-US","@id":"https:\/\/www.csf.bc.ca\/en\/education\/innovante-et-culturelle\/#primaryimage","url":"https:\/\/www.csf.bc.ca\/wp-content\/uploads\/2022\/06\/education-bienveillante-01.jpg","contentUrl":"https:\/\/www.csf.bc.ca\/wp-content\/uploads\/2022\/06\/education-bienveillante-01.jpg","width":855,"height":533},{"@type":"BreadcrumbList","@id":"https:\/\/www.csf.bc.ca\/en\/education\/innovante-et-culturelle\/#breadcrumb","itemListElement":[{"@type":"ListItem","position":1,"name":"Home","item":"https:\/\/www.csf.bc.ca\/en\/"},{"@type":"ListItem","position":2,"name":"Education","item":"https:\/\/www.csf.bc.ca\/en\/education\/"},{"@type":"ListItem","position":3,"name":"Equity and Anti-Racism"}]},{"@type":"WebSite","@id":"https:\/\/www.csf.bc.ca\/en\/#website","url":"https:\/\/www.csf.bc.ca\/en\/","name":"Conseil scolaire francophone de la Colombie-Britannique","description":"CSF","publisher":{"@id":"https:\/\/www.csf.bc.ca\/en\/#organization"},"potentialAction":[{"@type":"SearchAction","target":{"@type":"EntryPoint","urlTemplate":"https:\/\/www.csf.bc.ca\/en\/?s={search_term_string}"},"query-input":{"@type":"PropertyValueSpecification","valueRequired":true,"valueName":"search_term_string"}}],"inLanguage":"en-US"},{"@type":"Organization","@id":"https:\/\/www.csf.bc.ca\/en\/#organization","name":"Conseil scolaire francophone de la Colombie-Britannique","url":"https:\/\/www.csf.bc.ca\/en\/","logo":{"@type":"ImageObject","inLanguage":"en-US","@id":"https:\/\/www.csf.bc.ca\/en\/#\/schema\/logo\/image\/","url":"https:\/\/www.csf.bc.ca\/wp-content\/uploads\/2022\/05\/csf-logoHoriz-desc-court-coul.svg","contentUrl":"https:\/\/www.csf.bc.ca\/wp-content\/uploads\/2022\/05\/csf-logoHoriz-desc-court-coul.svg","width":842,"height":205,"caption":"Conseil scolaire francophone de la Colombie-Britannique"},"image":{"@id":"https:\/\/www.csf.bc.ca\/en\/#\/schema\/logo\/image\/"}}]}},"_links":{"self":[{"href":"https:\/\/www.csf.bc.ca\/en\/wp-json\/wp\/v2\/pages\/6946","targetHints":{"allow":["GET"]}}],"collection":[{"href":"https:\/\/www.csf.bc.ca\/en\/wp-json\/wp\/v2\/pages"}],"about":[{"href":"https:\/\/www.csf.bc.ca\/en\/wp-json\/wp\/v2\/types\/page"}],"author":[{"embeddable":true,"href":"https:\/\/www.csf.bc.ca\/en\/wp-json\/wp\/v2\/users\/1"}],"replies":[{"embeddable":true,"href":"https:\/\/www.csf.bc.ca\/en\/wp-json\/wp\/v2\/comments?post=6946"}],"version-history":[{"count":5,"href":"https:\/\/www.csf.bc.ca\/en\/wp-json\/wp\/v2\/pages\/6946\/revisions"}],"predecessor-version":[{"id":12825,"href":"https:\/\/www.csf.bc.ca\/en\/wp-json\/wp\/v2\/pages\/6946\/revisions\/12825"}],"up":[{"embeddable":true,"href":"https:\/\/www.csf.bc.ca\/en\/wp-json\/wp\/v2\/pages\/2922"}],"wp:featuredmedia":[{"embeddable":true,"href":"https:\/\/www.csf.bc.ca\/en\/wp-json\/wp\/v2\/media\/853"}],"wp:attachment":[{"href":"https:\/\/www.csf.bc.ca\/en\/wp-json\/wp\/v2\/media?parent=6946"}],"curies":[{"name":"wp","href":"https:\/\/api.w.org\/{rel}","templated":true}]}}